{"id":83898,"date":"2024-10-06T05:47:45","date_gmt":"2024-10-06T05:47:45","guid":{"rendered":"https:\/\/onlinehardwareshop.de\/index.php\/produkt\/weber-bar-b-kettle-57cm-schwarz-starterset-2\/"},"modified":"2025-05-14T18:34:22","modified_gmt":"2025-05-14T18:34:22","slug":"weber-bar-b-kettle-57cm-schwarz-starterset","status":"publish","type":"product","link":"https:\/\/onlinehardwareshop.de\/index.php\/produkt\/weber-bar-b-kettle-57cm-schwarz-starterset\/","title":{"rendered":"Weber Bar-B Kettle 57&#xA0;cm Schwarz Starterset"},"content":{"rendered":"<p>Mit dem Weber Bar-B Kettle 57\u00a0cm Schwarz Starterset grillst du sofort los und sch\u00fctzt deinen Grill. Dank des Anz\u00fcndkamin-Sets ist die Kohle in nur 30 Minuten auf Temperatur. Du grillst Essen f\u00fcr bis zu zw\u00f6lf Personen gleichzeitig. Dabei hast du verschiedene M\u00f6glichkeiten, denn du grillst sowohl direkt als auch indirekt. Die Temperatur regulierst du einfach \u00fcber die L\u00fcftungsgitter. Wie hei\u00df es im Grill genau ist, siehst du am Deckelthermometer. Nach dem Gebrauch reinigst du deinen Grill m\u00fchelos mit dem One-Touch-System. Die Asche f\u00e4llt n\u00e4mlich auf Knopfdruck in den Aschebeh\u00e4lter. Die mitgelieferte Abdeckung ist wasserdicht und best\u00e4ndig gegen Sonnenlicht. So h\u00e4ltst du deinen Grill sauber und beugst Sch\u00e4den vor.<\/p>\n","protected":false},"excerpt":{"rendered":"<p>Mit dem Weber Bar-B Kettle 57\u00a0cm Schwarz Starterset grillst du sofort los und sch\u00fctzt deinen Grill. Dank des Anz\u00fcndkamin-Sets ist die Kohle in nur 30 Minuten auf Temperatur. Du grillst Essen f\u00fcr bis zu zw\u00f6lf Personen gleichzeitig. Dabei hast du verschiedene M\u00f6glichkeiten, denn du grillst sowohl direkt als auch indirekt. Die Temperatur regulierst du einfach \u00fcber die L\u00fcftungsgitter. Wie hei\u00df es im Grill genau ist, siehst du am Deckelthermometer. Nach dem Gebrauch reinigst du deinen Grill m\u00fchelos mit dem One-Touch-System. Die Asche f\u00e4llt n\u00e4mlich auf Knopfdruck in den Aschebeh\u00e4lter. Die mitgelieferte Abdeckung ist wasserdicht und best\u00e4ndig gegen Sonnenlicht. So h\u00e4ltst du deinen Grill sauber und beugst Sch\u00e4den vor.<\/p>\n","protected":false},"featured_media":0,"comment_status":"closed","ping_status":"open","template":"","meta":{"_acf_changed":false},"brand":[698],"product_brand":[],"product_cat":[699],"product_tag":[700],"class_list":{"0":"post-83898","1":"product","2":"type-product","3":"status-publish","5":"brand-weber","6":"product_cat-grills","7":"product_tag-houtskool-barbecues","8":"pa_condition-new","9":"pa_coolblue-de-verzending-morgen-gratis-geliefert","10":"pa_ean-31513","12":"first","13":"instock","14":"product-type-external"},"acf":[],"_links":{"self":[{"href":"https:\/\/onlinehardwareshop.de\/index.php\/wp-json\/wp\/v2\/product\/83898","targetHints":{"allow":["GET"]}}],"collection":[{"href":"https:\/\/onlinehardwareshop.de\/index.php\/wp-json\/wp\/v2\/product"}],"about":[{"href":"https:\/\/onlinehardwareshop.de\/index.php\/wp-json\/wp\/v2\/types\/product"}],"replies":[{"embeddable":true,"href":"https:\/\/onlinehardwareshop.de\/index.php\/wp-json\/wp\/v2\/comments?post=83898"}],"wp:attachment":[{"href":"https:\/\/onlinehardwareshop.de\/index.php\/wp-json\/wp\/v2\/media?parent=83898"}],"wp:term":[{"taxonomy":"brand","embeddable":true,"href":"https:\/\/onlinehardwareshop.de\/index.php\/wp-json\/wp\/v2\/brand?post=83898"},{"taxonomy":"product_brand","embeddable":true,"href":"https:\/\/onlinehardwareshop.de\/index.php\/wp-json\/wp\/v2\/product_brand?post=83898"},{"taxonomy":"product_cat","embeddable":true,"href":"https:\/\/onlinehardwareshop.de\/index.php\/wp-json\/wp\/v2\/product_cat?post=83898"},{"taxonomy":"product_tag","embeddable":true,"href":"https:\/\/onlinehardwareshop.de\/index.php\/wp-json\/wp\/v2\/product_tag?post=83898"}],"curies":[{"name":"wp","href":"https:\/\/api.w.org\/{rel}","templated":true}]}}