{"id":83897,"date":"2024-03-10T15:22:52","date_gmt":"2024-03-10T15:22:52","guid":{"rendered":"https:\/\/onlinehardwareshop.de\/index.php\/produkt\/weber-bar-b-kettle-47cm-schwarz-weber-grillabdeckung-47cm-2\/"},"modified":"2025-05-14T18:34:17","modified_gmt":"2025-05-14T18:34:17","slug":"weber-bar-b-kettle-47cm-schwarz-weber-grillabdeckung-47cm","status":"publish","type":"product","link":"https:\/\/onlinehardwareshop.de\/index.php\/produkt\/weber-bar-b-kettle-47cm-schwarz-weber-grillabdeckung-47cm\/","title":{"rendered":"Weber Bar-B Kettle 47&#xA0;cm Schwarz + Weber Grillabdeckung 47&#xA0;cm"},"content":{"rendered":"<p>Mit dem Weber Bar-B Kettle 47\u00a0cm Schwarz + der Weber Grillabdeckung 47\u00a0cm sch\u00fctzt du deinen Grill vor Regen, Sonne und Staub. Grille direkt und indirekt f\u00fcr bis zu acht Personen gleichzeitig. Mit den L\u00fcftungsgittern regulierst du die Temperatur selbst. Durch das One-Touch-System f\u00e4llt die Asche auf Knopfdruck in den Aschebeh\u00e4lter. Das ist praktisch, denn so reinigst du deinen Grill nach dem Gebrauch ganz einfach. Dank der R\u00e4der l\u00e4sst sich der Grill m\u00fchelos an einen anderen Ort bewegen. Die Abdeckung mit Klettverschluss bleibt auch bei starkem Wind sicher an ihrem Platz.<\/p>\n","protected":false},"excerpt":{"rendered":"<p>Mit dem Weber Bar-B Kettle 47\u00a0cm Schwarz + der Weber Grillabdeckung 47\u00a0cm sch\u00fctzt du deinen Grill vor Regen, Sonne und Staub. Grille direkt und indirekt f\u00fcr bis zu acht Personen gleichzeitig. Mit den L\u00fcftungsgittern regulierst du die Temperatur selbst. Durch das One-Touch-System f\u00e4llt die Asche auf Knopfdruck in den Aschebeh\u00e4lter. Das ist praktisch, denn so reinigst du deinen Grill nach dem Gebrauch ganz einfach. Dank der R\u00e4der l\u00e4sst sich der Grill m\u00fchelos an einen anderen Ort bewegen. Die Abdeckung mit Klettverschluss bleibt auch bei starkem Wind sicher an ihrem Platz.<\/p>\n","protected":false},"featured_media":0,"comment_status":"closed","ping_status":"open","template":"","meta":{"_acf_changed":false},"brand":[698],"product_brand":[],"product_cat":[699],"product_tag":[700],"class_list":{"0":"post-83897","1":"product","2":"type-product","3":"status-publish","5":"brand-weber","6":"product_cat-grills","7":"product_tag-houtskool-barbecues","8":"pa_condition-new","9":"pa_coolblue-de-verzending-morgen-gratis-geliefert","10":"pa_ean-31512","12":"first","13":"instock","14":"product-type-external"},"acf":[],"_links":{"self":[{"href":"https:\/\/onlinehardwareshop.de\/index.php\/wp-json\/wp\/v2\/product\/83897","targetHints":{"allow":["GET"]}}],"collection":[{"href":"https:\/\/onlinehardwareshop.de\/index.php\/wp-json\/wp\/v2\/product"}],"about":[{"href":"https:\/\/onlinehardwareshop.de\/index.php\/wp-json\/wp\/v2\/types\/product"}],"replies":[{"embeddable":true,"href":"https:\/\/onlinehardwareshop.de\/index.php\/wp-json\/wp\/v2\/comments?post=83897"}],"wp:attachment":[{"href":"https:\/\/onlinehardwareshop.de\/index.php\/wp-json\/wp\/v2\/media?parent=83897"}],"wp:term":[{"taxonomy":"brand","embeddable":true,"href":"https:\/\/onlinehardwareshop.de\/index.php\/wp-json\/wp\/v2\/brand?post=83897"},{"taxonomy":"product_brand","embeddable":true,"href":"https:\/\/onlinehardwareshop.de\/index.php\/wp-json\/wp\/v2\/product_brand?post=83897"},{"taxonomy":"product_cat","embeddable":true,"href":"https:\/\/onlinehardwareshop.de\/index.php\/wp-json\/wp\/v2\/product_cat?post=83897"},{"taxonomy":"product_tag","embeddable":true,"href":"https:\/\/onlinehardwareshop.de\/index.php\/wp-json\/wp\/v2\/product_tag?post=83897"}],"curies":[{"name":"wp","href":"https:\/\/api.w.org\/{rel}","templated":true}]}}