{"id":83896,"date":"2024-08-07T03:54:31","date_gmt":"2024-08-07T03:54:31","guid":{"rendered":"https:\/\/onlinehardwareshop.de\/index.php\/produkt\/weber-smokey-joe-premium-weber-smokey-joe-tragetasche-2\/"},"modified":"2025-05-14T18:34:13","modified_gmt":"2025-05-14T18:34:13","slug":"weber-smokey-joe-premium-weber-smokey-joe-tragetasche","status":"publish","type":"product","link":"https:\/\/onlinehardwareshop.de\/index.php\/produkt\/weber-smokey-joe-premium-weber-smokey-joe-tragetasche\/","title":{"rendered":"Weber Smokey Joe Premium + Weber Smokey Joe Tragetasche"},"content":{"rendered":"<p>Den Weber Smokey Joe Premium + die Weber Smokey Joe Tragetasche nimmst du m\u00fchelos \u00fcberallhin mit. Grille zum Beispiel in deinem Garten, auf dem Campingplatz oder unterwegs. Den Deckel verwendest du als Windschutz, sodass du auch an windigen Orten problemlos grillst. Du stellst den Grill auch auf den Tisch, sodass du zusammen mit deiner Familie oder deinen Freunden grillst. Auf der Grillfl\u00e4che bereitest du Gerichte f\u00fcr bis zu vier Personen gleichzeitig zu. Die Temperatur regulierst du \u00fcber das L\u00fcftungsgitter im Deckel. Nach dem Grillen schlie\u00dft du das Gitter, sodass das Feuer erlischt. Zum Grill erh\u00e4ltst du einen Brikett-Portionierer. Die mitgelieferte Tragetasche hat einen praktischen Tragegurt, sodass du sie bequem \u00fcber der Schulter tr\u00e4gst.<\/p>\n","protected":false},"excerpt":{"rendered":"<p>Den Weber Smokey Joe Premium + die Weber Smokey Joe Tragetasche nimmst du m\u00fchelos \u00fcberallhin mit. Grille zum Beispiel in deinem Garten, auf dem Campingplatz oder unterwegs. Den Deckel verwendest du als Windschutz, sodass du auch an windigen Orten problemlos grillst. Du stellst den Grill auch auf den Tisch, sodass du zusammen mit deiner Familie oder deinen Freunden grillst. Auf der Grillfl\u00e4che bereitest du Gerichte f\u00fcr bis zu vier Personen gleichzeitig zu. Die Temperatur regulierst du \u00fcber das L\u00fcftungsgitter im Deckel. Nach dem Grillen schlie\u00dft du das Gitter, sodass das Feuer erlischt. Zum Grill erh\u00e4ltst du einen Brikett-Portionierer. Die mitgelieferte Tragetasche hat einen praktischen Tragegurt, sodass du sie bequem \u00fcber der Schulter tr\u00e4gst.<\/p>\n","protected":false},"featured_media":0,"comment_status":"closed","ping_status":"open","template":"","meta":{"_acf_changed":false},"brand":[698],"product_brand":[],"product_cat":[699],"product_tag":[700],"class_list":{"0":"post-83896","1":"product","2":"type-product","3":"status-publish","5":"brand-weber","6":"product_cat-grills","7":"product_tag-houtskool-barbecues","8":"pa_condition-new","9":"pa_coolblue-de-verzending-morgen-gratis-geliefert","10":"pa_ean-32033","12":"first","13":"instock","14":"product-type-external"},"acf":[],"_links":{"self":[{"href":"https:\/\/onlinehardwareshop.de\/index.php\/wp-json\/wp\/v2\/product\/83896","targetHints":{"allow":["GET"]}}],"collection":[{"href":"https:\/\/onlinehardwareshop.de\/index.php\/wp-json\/wp\/v2\/product"}],"about":[{"href":"https:\/\/onlinehardwareshop.de\/index.php\/wp-json\/wp\/v2\/types\/product"}],"replies":[{"embeddable":true,"href":"https:\/\/onlinehardwareshop.de\/index.php\/wp-json\/wp\/v2\/comments?post=83896"}],"wp:attachment":[{"href":"https:\/\/onlinehardwareshop.de\/index.php\/wp-json\/wp\/v2\/media?parent=83896"}],"wp:term":[{"taxonomy":"brand","embeddable":true,"href":"https:\/\/onlinehardwareshop.de\/index.php\/wp-json\/wp\/v2\/brand?post=83896"},{"taxonomy":"product_brand","embeddable":true,"href":"https:\/\/onlinehardwareshop.de\/index.php\/wp-json\/wp\/v2\/product_brand?post=83896"},{"taxonomy":"product_cat","embeddable":true,"href":"https:\/\/onlinehardwareshop.de\/index.php\/wp-json\/wp\/v2\/product_cat?post=83896"},{"taxonomy":"product_tag","embeddable":true,"href":"https:\/\/onlinehardwareshop.de\/index.php\/wp-json\/wp\/v2\/product_tag?post=83896"}],"curies":[{"name":"wp","href":"https:\/\/api.w.org\/{rel}","templated":true}]}}