{"id":83895,"date":"2024-08-25T12:18:19","date_gmt":"2024-08-25T12:18:19","guid":{"rendered":"https:\/\/onlinehardwareshop.de\/index.php\/produkt\/weber-smokey-joe-original-weber-smokey-joe-tragetasche-2\/"},"modified":"2025-05-14T18:34:08","modified_gmt":"2025-05-14T18:34:08","slug":"weber-smokey-joe-original-weber-smokey-joe-tragetasche","status":"publish","type":"product","link":"https:\/\/onlinehardwareshop.de\/index.php\/produkt\/weber-smokey-joe-original-weber-smokey-joe-tragetasche\/","title":{"rendered":"Weber Smokey Joe Original + Weber Smokey Joe Tragetasche"},"content":{"rendered":"<p>Mit dem Weber Smokey Joe Original + der Weber Smokey Joe Tragetasche nimmst du deinen Grill \u00fcberallhin mit. Dank der kompakten Gr\u00f6\u00dfe grillst du an verschiedenen Orten, zum Beispiel auf dem Campingplatz, in deinem Garten oder unterwegs. Du stellst den Grill auch auf den Tisch, sodass du zusammen mit deiner Familie oder deinen Freunden grillst. Die Grillfl\u00e4che ist gro\u00df genug f\u00fcr das Grillgut von bis zu vier Personen. Die Temperatur regulierst du ganz einfach mit dem L\u00fcftungsgitter. \u00d6ffne das Gitter, um die Temperatur zu erh\u00f6hen. Bist du mit dem Grillen fertig? Dann schlie\u00dfe das L\u00fcftungsgitter, sodass das Feuer erlischt. Zu diesem Grill erh\u00e4ltst du au\u00dferdem einen Brikett-Portionierer und eine Tropfschale. Die mitgelieferte Tragetasche hat einen praktischen Gurt, sodass du die Tasche bequem \u00fcber der Schulter tr\u00e4gst.<\/p>\n","protected":false},"excerpt":{"rendered":"<p>Mit dem Weber Smokey Joe Original + der Weber Smokey Joe Tragetasche nimmst du deinen Grill \u00fcberallhin mit. Dank der kompakten Gr\u00f6\u00dfe grillst du an verschiedenen Orten, zum Beispiel auf dem Campingplatz, in deinem Garten oder unterwegs. Du stellst den Grill auch auf den Tisch, sodass du zusammen mit deiner Familie oder deinen Freunden grillst. Die Grillfl\u00e4che ist gro\u00df genug f\u00fcr das Grillgut von bis zu vier Personen. Die Temperatur regulierst du ganz einfach mit dem L\u00fcftungsgitter. \u00d6ffne das Gitter, um die Temperatur zu erh\u00f6hen. Bist du mit dem Grillen fertig? Dann schlie\u00dfe das L\u00fcftungsgitter, sodass das Feuer erlischt. Zu diesem Grill erh\u00e4ltst du au\u00dferdem einen Brikett-Portionierer und eine Tropfschale. Die mitgelieferte Tragetasche hat einen praktischen Gurt, sodass du die Tasche bequem \u00fcber der Schulter tr\u00e4gst.<\/p>\n","protected":false},"featured_media":0,"comment_status":"closed","ping_status":"open","template":"","meta":{"_acf_changed":false},"brand":[698],"product_brand":[],"product_cat":[699],"product_tag":[700],"class_list":{"0":"post-83895","1":"product","2":"type-product","3":"status-publish","5":"brand-weber","6":"product_cat-grills","7":"product_tag-houtskool-barbecues","8":"pa_condition-new","9":"pa_coolblue-de-verzending-morgen-gratis-geliefert","10":"pa_ean-32309","12":"first","13":"instock","14":"product-type-external"},"acf":[],"_links":{"self":[{"href":"https:\/\/onlinehardwareshop.de\/index.php\/wp-json\/wp\/v2\/product\/83895","targetHints":{"allow":["GET"]}}],"collection":[{"href":"https:\/\/onlinehardwareshop.de\/index.php\/wp-json\/wp\/v2\/product"}],"about":[{"href":"https:\/\/onlinehardwareshop.de\/index.php\/wp-json\/wp\/v2\/types\/product"}],"replies":[{"embeddable":true,"href":"https:\/\/onlinehardwareshop.de\/index.php\/wp-json\/wp\/v2\/comments?post=83895"}],"wp:attachment":[{"href":"https:\/\/onlinehardwareshop.de\/index.php\/wp-json\/wp\/v2\/media?parent=83895"}],"wp:term":[{"taxonomy":"brand","embeddable":true,"href":"https:\/\/onlinehardwareshop.de\/index.php\/wp-json\/wp\/v2\/brand?post=83895"},{"taxonomy":"product_brand","embeddable":true,"href":"https:\/\/onlinehardwareshop.de\/index.php\/wp-json\/wp\/v2\/product_brand?post=83895"},{"taxonomy":"product_cat","embeddable":true,"href":"https:\/\/onlinehardwareshop.de\/index.php\/wp-json\/wp\/v2\/product_cat?post=83895"},{"taxonomy":"product_tag","embeddable":true,"href":"https:\/\/onlinehardwareshop.de\/index.php\/wp-json\/wp\/v2\/product_tag?post=83895"}],"curies":[{"name":"wp","href":"https:\/\/api.w.org\/{rel}","templated":true}]}}