{"id":83837,"date":"2024-09-30T11:38:11","date_gmt":"2024-09-30T11:38:11","guid":{"rendered":"https:\/\/onlinehardwareshop.de\/index.php\/produkt\/seagate-ultra-compact-ssd-1tb-2\/"},"modified":"2025-05-14T18:29:37","modified_gmt":"2025-05-14T18:29:37","slug":"seagate-ultra-compact-ssd-1tb","status":"publish","type":"product","link":"https:\/\/onlinehardwareshop.de\/index.php\/produkt\/seagate-ultra-compact-ssd-1tb\/","title":{"rendered":"Seagate Ultra Compact SSD 1TB"},"content":{"rendered":"<p>Die Seagate Ultra Compact SSD 1\u00a0TB ist eine tragbare externe SSD, die sichere Datenspeicherung f\u00fcr unterwegs bietet. Du schlie\u00dft die Ultra Compact \u00fcber den USB-C-Port direkt an deinen Laptop oder dein Tablet an. Diese SSD hat ein USB-3.2-Interface mit einer Lese- und Schreibgeschwindigkeit von 1.000 Megabytes pro Sekunde. Daher \u00fcbertr\u00e4gst du einen 4K-Film schnell auf die tragbare Festplatte. Auf dem 1\u00a0TB gro\u00dfen Speicher dieser SSD speicherst du bis zu 100.000 Fotos oder 50 4K-Filme von anderthalb Stunden L\u00e4nge ab. Au\u00dferdem speicherst du ein oder zwei gro\u00dfe .MOV-Videodateien ab, die du selbst gefilmt hast, zum Beispiel f\u00fcr ein professionelles Unternehmensvideo. Au\u00dferdem \u00fcbertr\u00e4gst du Dateien auf andere USB-C-Ger\u00e4te sowie Ger\u00e4te mit Thunderbolt. Diese Seagate SSD ist spritzwassergesch\u00fctzt sowie staubbest\u00e4ndig und h\u00e4lt einiges aus. Zudem hat die SSD einen Schutz aus Gummi f\u00fcr zus\u00e4tzliche Griffigkeit. Oft unterwegs? Dank der kompakten Gr\u00f6\u00dfe nimmst du sie problemlos in deiner Hosentasche mit.<\/p>\n","protected":false},"excerpt":{"rendered":"<p>Die Seagate Ultra Compact SSD 1\u00a0TB ist eine tragbare externe SSD, die sichere Datenspeicherung f\u00fcr unterwegs bietet. Du schlie\u00dft die Ultra Compact \u00fcber den USB-C-Port direkt an deinen Laptop oder dein Tablet an. Diese SSD hat ein USB-3.2-Interface mit einer Lese- und Schreibgeschwindigkeit von 1.000 Megabytes pro Sekunde. Daher \u00fcbertr\u00e4gst du einen 4K-Film schnell auf die tragbare Festplatte. Auf dem 1\u00a0TB gro\u00dfen Speicher dieser SSD speicherst du bis zu 100.000 Fotos oder 50 4K-Filme von anderthalb Stunden L\u00e4nge ab. Au\u00dferdem speicherst du ein oder zwei gro\u00dfe .MOV-Videodateien ab, die du selbst gefilmt hast, zum Beispiel f\u00fcr ein professionelles Unternehmensvideo. Au\u00dferdem \u00fcbertr\u00e4gst du Dateien auf andere USB-C-Ger\u00e4te sowie Ger\u00e4te mit Thunderbolt. Diese Seagate SSD ist spritzwassergesch\u00fctzt sowie staubbest\u00e4ndig und h\u00e4lt einiges aus. Zudem hat die SSD einen Schutz aus Gummi f\u00fcr zus\u00e4tzliche Griffigkeit. Oft unterwegs? Dank der kompakten Gr\u00f6\u00dfe nimmst du sie problemlos in deiner Hosentasche mit.<\/p>\n","protected":false},"featured_media":0,"comment_status":"closed","ping_status":"open","template":"","meta":{"_acf_changed":false},"brand":[2546],"product_brand":[],"product_cat":[4819],"product_tag":[4820],"class_list":{"0":"post-83837","1":"product","2":"type-product","3":"status-publish","5":"brand-seagate","6":"product_cat-externe-ssds","7":"product_tag-harde-schijven-extern-ssd","8":"pa_condition-new","9":"pa_coolblue-de-verzending-morgen-gratis-geliefert","10":"pa_ean-30902","11":"pa_mpn-stmx1000400","13":"first","14":"instock","15":"product-type-external"},"acf":[],"_links":{"self":[{"href":"https:\/\/onlinehardwareshop.de\/index.php\/wp-json\/wp\/v2\/product\/83837","targetHints":{"allow":["GET"]}}],"collection":[{"href":"https:\/\/onlinehardwareshop.de\/index.php\/wp-json\/wp\/v2\/product"}],"about":[{"href":"https:\/\/onlinehardwareshop.de\/index.php\/wp-json\/wp\/v2\/types\/product"}],"replies":[{"embeddable":true,"href":"https:\/\/onlinehardwareshop.de\/index.php\/wp-json\/wp\/v2\/comments?post=83837"}],"wp:attachment":[{"href":"https:\/\/onlinehardwareshop.de\/index.php\/wp-json\/wp\/v2\/media?parent=83837"}],"wp:term":[{"taxonomy":"brand","embeddable":true,"href":"https:\/\/onlinehardwareshop.de\/index.php\/wp-json\/wp\/v2\/brand?post=83837"},{"taxonomy":"product_brand","embeddable":true,"href":"https:\/\/onlinehardwareshop.de\/index.php\/wp-json\/wp\/v2\/product_brand?post=83837"},{"taxonomy":"product_cat","embeddable":true,"href":"https:\/\/onlinehardwareshop.de\/index.php\/wp-json\/wp\/v2\/product_cat?post=83837"},{"taxonomy":"product_tag","embeddable":true,"href":"https:\/\/onlinehardwareshop.de\/index.php\/wp-json\/wp\/v2\/product_tag?post=83837"}],"curies":[{"name":"wp","href":"https:\/\/api.w.org\/{rel}","templated":true}]}}