{"id":83733,"date":"2024-11-17T13:45:46","date_gmt":"2024-11-17T13:45:46","guid":{"rendered":"https:\/\/onlinehardwareshop.de\/index.php\/produkt\/bosch-universalaquatak-135-komplettset-2\/"},"modified":"2025-05-14T18:19:29","modified_gmt":"2025-05-14T18:19:29","slug":"bosch-universalaquatak-135-komplettset","status":"publish","type":"product","link":"https:\/\/onlinehardwareshop.de\/index.php\/produkt\/bosch-universalaquatak-135-komplettset\/","title":{"rendered":"Bosch UniversalAquatak 135 Komplettset"},"content":{"rendered":"<p>Mit dem Bosch UniversalAquatak 135 Komplettset erh\u00e4ltst du alles, was du f\u00fcr verschiedene Reinigungsaufgaben brauchst. Du verwendest dieses Set f\u00fcr die schnelle Reinigung deiner Terrasse, Einfahrt oder deines Autos. Mit einem Arbeitsdruck von 135\u00a0bar reinigst du schnell gro\u00dfe und stark verschmutzte Fl\u00e4chen. Die 3-in-1-D\u00fcse verf\u00fcgt \u00fcber einen Flach-, Spitz- und Rotorstrahl, sodass du immer den richtigen Wasserstrahl w\u00e4hlst. F\u00fcr die kratzfreie Reinigung empfindlicher Oberfl\u00e4chen verwendest du die Waschb\u00fcrste, f\u00fcr gr\u00f6\u00dfere Fl\u00e4chen den Fl\u00e4chenreiniger. Schwer zug\u00e4ngliche Stellen reinigst du mit der Spr\u00fchlanze und Abfl\u00fcsse mit dem Rohrreinigungsschlauch. Den Hochdruckreiniger schlie\u00dft du einfach an den Gartenschlauch an. Mit diesem Set erledigst du jede Reinigungsaufgabe schnell und einfach.<\/p>\n","protected":false},"excerpt":{"rendered":"<p>Mit dem Bosch UniversalAquatak 135 Komplettset erh\u00e4ltst du alles, was du f\u00fcr verschiedene Reinigungsaufgaben brauchst. Du verwendest dieses Set f\u00fcr die schnelle Reinigung deiner Terrasse, Einfahrt oder deines Autos. Mit einem Arbeitsdruck von 135\u00a0bar reinigst du schnell gro\u00dfe und stark verschmutzte Fl\u00e4chen. Die 3-in-1-D\u00fcse verf\u00fcgt \u00fcber einen Flach-, Spitz- und Rotorstrahl, sodass du immer den richtigen Wasserstrahl w\u00e4hlst. F\u00fcr die kratzfreie Reinigung empfindlicher Oberfl\u00e4chen verwendest du die Waschb\u00fcrste, f\u00fcr gr\u00f6\u00dfere Fl\u00e4chen den Fl\u00e4chenreiniger. Schwer zug\u00e4ngliche Stellen reinigst du mit der Spr\u00fchlanze und Abfl\u00fcsse mit dem Rohrreinigungsschlauch. Den Hochdruckreiniger schlie\u00dft du einfach an den Gartenschlauch an. Mit diesem Set erledigst du jede Reinigungsaufgabe schnell und einfach.<\/p>\n","protected":false},"featured_media":0,"comment_status":"closed","ping_status":"open","template":"","meta":{"_acf_changed":false},"brand":[250],"product_brand":[],"product_cat":[2722],"product_tag":[2723],"class_list":{"0":"post-83733","1":"product","2":"type-product","3":"status-publish","5":"brand-bosch","6":"product_cat-hochdruckreiniger","7":"product_tag-hogedrukreinigers","8":"pa_condition-new","9":"pa_coolblue-de-verzending-morgen-gratis-geliefert","10":"pa_ean-30879","12":"first","13":"instock","14":"product-type-external"},"acf":[],"_links":{"self":[{"href":"https:\/\/onlinehardwareshop.de\/index.php\/wp-json\/wp\/v2\/product\/83733","targetHints":{"allow":["GET"]}}],"collection":[{"href":"https:\/\/onlinehardwareshop.de\/index.php\/wp-json\/wp\/v2\/product"}],"about":[{"href":"https:\/\/onlinehardwareshop.de\/index.php\/wp-json\/wp\/v2\/types\/product"}],"replies":[{"embeddable":true,"href":"https:\/\/onlinehardwareshop.de\/index.php\/wp-json\/wp\/v2\/comments?post=83733"}],"wp:attachment":[{"href":"https:\/\/onlinehardwareshop.de\/index.php\/wp-json\/wp\/v2\/media?parent=83733"}],"wp:term":[{"taxonomy":"brand","embeddable":true,"href":"https:\/\/onlinehardwareshop.de\/index.php\/wp-json\/wp\/v2\/brand?post=83733"},{"taxonomy":"product_brand","embeddable":true,"href":"https:\/\/onlinehardwareshop.de\/index.php\/wp-json\/wp\/v2\/product_brand?post=83733"},{"taxonomy":"product_cat","embeddable":true,"href":"https:\/\/onlinehardwareshop.de\/index.php\/wp-json\/wp\/v2\/product_cat?post=83733"},{"taxonomy":"product_tag","embeddable":true,"href":"https:\/\/onlinehardwareshop.de\/index.php\/wp-json\/wp\/v2\/product_tag?post=83733"}],"curies":[{"name":"wp","href":"https:\/\/api.w.org\/{rel}","templated":true}]}}