{"id":83732,"date":"2024-08-02T08:13:53","date_gmt":"2024-08-02T08:13:53","guid":{"rendered":"https:\/\/onlinehardwareshop.de\/index.php\/produkt\/bosch-universalaquatak-135-car-2\/"},"modified":"2025-05-14T18:19:24","modified_gmt":"2025-05-14T18:19:24","slug":"bosch-universalaquatak-135-car","status":"publish","type":"product","link":"https:\/\/onlinehardwareshop.de\/index.php\/produkt\/bosch-universalaquatak-135-car\/","title":{"rendered":"Bosch UniversalAquatak 135 Car"},"content":{"rendered":"<p>Mit dem UniversalAquatak 135 Car reinigst du dein Auto ohne Kratzer. Die Waschb\u00fcrste entfernt m\u00fchelos Schmutz und verhindert Kratzer. So reinigst du nicht nur dein Auto und Motorrad, sondern auch Gartenm\u00f6bel, Rolll\u00e4den und empfindliche Oberfl\u00e4chen wie Glas, Kunststoff und Lack. Mit einem Arbeitsdruck von 135\u00a0bar reinigst du schnell gro\u00dfe und stark verschmutzte Fl\u00e4chen. Die 3-in-1-D\u00fcse verf\u00fcgt \u00fcber einen Flach-, Spitz- und Rotorstrahl. So w\u00e4hlst du immer den richtigen Wasserstrahl. Den Wasserdruck stellst du f\u00fcr empfindliche Oberfl\u00e4chen niedrig und f\u00fcr hartn\u00e4ckigen Schmutz hoch ein. Der Griff des Hochdruckreinigers ist ausziehbar. So l\u00e4sst er sich platzsparend verstauen und leicht transportieren.<\/p>\n","protected":false},"excerpt":{"rendered":"<p>Mit dem UniversalAquatak 135 Car reinigst du dein Auto ohne Kratzer. Die Waschb\u00fcrste entfernt m\u00fchelos Schmutz und verhindert Kratzer. So reinigst du nicht nur dein Auto und Motorrad, sondern auch Gartenm\u00f6bel, Rolll\u00e4den und empfindliche Oberfl\u00e4chen wie Glas, Kunststoff und Lack. Mit einem Arbeitsdruck von 135\u00a0bar reinigst du schnell gro\u00dfe und stark verschmutzte Fl\u00e4chen. Die 3-in-1-D\u00fcse verf\u00fcgt \u00fcber einen Flach-, Spitz- und Rotorstrahl. So w\u00e4hlst du immer den richtigen Wasserstrahl. Den Wasserdruck stellst du f\u00fcr empfindliche Oberfl\u00e4chen niedrig und f\u00fcr hartn\u00e4ckigen Schmutz hoch ein. Der Griff des Hochdruckreinigers ist ausziehbar. So l\u00e4sst er sich platzsparend verstauen und leicht transportieren.<\/p>\n","protected":false},"featured_media":0,"comment_status":"closed","ping_status":"open","template":"","meta":{"_acf_changed":false},"brand":[250],"product_brand":[],"product_cat":[2722],"product_tag":[2723],"class_list":{"0":"post-83732","1":"product","2":"type-product","3":"status-publish","5":"brand-bosch","6":"product_cat-hochdruckreiniger","7":"product_tag-hogedrukreinigers","8":"pa_condition-new","9":"pa_coolblue-de-verzending-morgen-gratis-geliefert","10":"pa_ean-30878","12":"first","13":"instock","14":"product-type-external"},"acf":[],"_links":{"self":[{"href":"https:\/\/onlinehardwareshop.de\/index.php\/wp-json\/wp\/v2\/product\/83732","targetHints":{"allow":["GET"]}}],"collection":[{"href":"https:\/\/onlinehardwareshop.de\/index.php\/wp-json\/wp\/v2\/product"}],"about":[{"href":"https:\/\/onlinehardwareshop.de\/index.php\/wp-json\/wp\/v2\/types\/product"}],"replies":[{"embeddable":true,"href":"https:\/\/onlinehardwareshop.de\/index.php\/wp-json\/wp\/v2\/comments?post=83732"}],"wp:attachment":[{"href":"https:\/\/onlinehardwareshop.de\/index.php\/wp-json\/wp\/v2\/media?parent=83732"}],"wp:term":[{"taxonomy":"brand","embeddable":true,"href":"https:\/\/onlinehardwareshop.de\/index.php\/wp-json\/wp\/v2\/brand?post=83732"},{"taxonomy":"product_brand","embeddable":true,"href":"https:\/\/onlinehardwareshop.de\/index.php\/wp-json\/wp\/v2\/product_brand?post=83732"},{"taxonomy":"product_cat","embeddable":true,"href":"https:\/\/onlinehardwareshop.de\/index.php\/wp-json\/wp\/v2\/product_cat?post=83732"},{"taxonomy":"product_tag","embeddable":true,"href":"https:\/\/onlinehardwareshop.de\/index.php\/wp-json\/wp\/v2\/product_tag?post=83732"}],"curies":[{"name":"wp","href":"https:\/\/api.w.org\/{rel}","templated":true}]}}