{"id":83731,"date":"2024-05-04T14:33:37","date_gmt":"2024-05-04T14:33:37","guid":{"rendered":"https:\/\/onlinehardwareshop.de\/index.php\/produkt\/bosch-universalaquatak-135-home-2\/"},"modified":"2025-05-14T18:19:17","modified_gmt":"2025-05-14T18:19:17","slug":"bosch-universalaquatak-135-home","status":"publish","type":"product","link":"https:\/\/onlinehardwareshop.de\/index.php\/produkt\/bosch-universalaquatak-135-home\/","title":{"rendered":"Bosch UniversalAquatak 135 Home"},"content":{"rendered":"<p>Mit dem Bosch UniversalAquatak 135 Home Set beginnst du sofort mit der Reinigung deiner Terrasse. Neben dem Hochdruckreiniger erh\u00e4ltst du einen Fl\u00e4chenreiniger. Der Fl\u00e4chenreiniger entfernt Schmutz, Algen und Moos ohne zu spritzen. So reinigst du nicht nur dein Fahrrad und deine Gartenm\u00f6bel, sondern auch deine Terrasse, Einfahrt und Mauern. Mit einem Arbeitsdruck von 135\u00a0bar reinigst du schnell gro\u00dfe und stark verschmutzte Fl\u00e4chen. Die 3-in-1-D\u00fcse verf\u00fcgt \u00fcber einen Flach-, Spitz- und Rotorstrahl. So w\u00e4hlst du immer den richtigen Wasserstrahl. Den Wasserdruck stellst du f\u00fcr empfindliche Oberfl\u00e4chen niedrig und f\u00fcr hartn\u00e4ckigen Schmutz hoch ein. Der Griff des Hochdruckreinigers ist ausziehbar. So l\u00e4sst er sich platzsparend verstauen und leicht transportieren.<\/p>\n","protected":false},"excerpt":{"rendered":"<p>Mit dem Bosch UniversalAquatak 135 Home Set beginnst du sofort mit der Reinigung deiner Terrasse. Neben dem Hochdruckreiniger erh\u00e4ltst du einen Fl\u00e4chenreiniger. Der Fl\u00e4chenreiniger entfernt Schmutz, Algen und Moos ohne zu spritzen. So reinigst du nicht nur dein Fahrrad und deine Gartenm\u00f6bel, sondern auch deine Terrasse, Einfahrt und Mauern. Mit einem Arbeitsdruck von 135\u00a0bar reinigst du schnell gro\u00dfe und stark verschmutzte Fl\u00e4chen. Die 3-in-1-D\u00fcse verf\u00fcgt \u00fcber einen Flach-, Spitz- und Rotorstrahl. So w\u00e4hlst du immer den richtigen Wasserstrahl. Den Wasserdruck stellst du f\u00fcr empfindliche Oberfl\u00e4chen niedrig und f\u00fcr hartn\u00e4ckigen Schmutz hoch ein. Der Griff des Hochdruckreinigers ist ausziehbar. So l\u00e4sst er sich platzsparend verstauen und leicht transportieren.<\/p>\n","protected":false},"featured_media":0,"comment_status":"closed","ping_status":"open","template":"","meta":{"_acf_changed":false},"brand":[250],"product_brand":[],"product_cat":[2722],"product_tag":[2723],"class_list":{"0":"post-83731","1":"product","2":"type-product","3":"status-publish","5":"brand-bosch","6":"product_cat-hochdruckreiniger","7":"product_tag-hogedrukreinigers","8":"pa_condition-new","9":"pa_coolblue-de-verzending-morgen-gratis-geliefert","10":"pa_ean-30877","12":"first","13":"instock","14":"product-type-external"},"acf":[],"_links":{"self":[{"href":"https:\/\/onlinehardwareshop.de\/index.php\/wp-json\/wp\/v2\/product\/83731","targetHints":{"allow":["GET"]}}],"collection":[{"href":"https:\/\/onlinehardwareshop.de\/index.php\/wp-json\/wp\/v2\/product"}],"about":[{"href":"https:\/\/onlinehardwareshop.de\/index.php\/wp-json\/wp\/v2\/types\/product"}],"replies":[{"embeddable":true,"href":"https:\/\/onlinehardwareshop.de\/index.php\/wp-json\/wp\/v2\/comments?post=83731"}],"wp:attachment":[{"href":"https:\/\/onlinehardwareshop.de\/index.php\/wp-json\/wp\/v2\/media?parent=83731"}],"wp:term":[{"taxonomy":"brand","embeddable":true,"href":"https:\/\/onlinehardwareshop.de\/index.php\/wp-json\/wp\/v2\/brand?post=83731"},{"taxonomy":"product_brand","embeddable":true,"href":"https:\/\/onlinehardwareshop.de\/index.php\/wp-json\/wp\/v2\/product_brand?post=83731"},{"taxonomy":"product_cat","embeddable":true,"href":"https:\/\/onlinehardwareshop.de\/index.php\/wp-json\/wp\/v2\/product_cat?post=83731"},{"taxonomy":"product_tag","embeddable":true,"href":"https:\/\/onlinehardwareshop.de\/index.php\/wp-json\/wp\/v2\/product_tag?post=83731"}],"curies":[{"name":"wp","href":"https:\/\/api.w.org\/{rel}","templated":true}]}}