{"id":83682,"date":"2024-06-11T16:08:15","date_gmt":"2024-06-11T16:08:15","guid":{"rendered":"https:\/\/onlinehardwareshop.de\/index.php\/produkt\/jbl-jr320bt-grn-ladegert-2\/"},"modified":"2025-05-14T18:14:57","modified_gmt":"2025-05-14T18:14:57","slug":"jbl-jr320bt-grn-ladegert","status":"publish","type":"product","link":"https:\/\/onlinehardwareshop.de\/index.php\/produkt\/jbl-jr320bt-grn-ladegert\/","title":{"rendered":"JBL JR320BT Gr&#xFC;n + Ladeger&#xE4;t"},"content":{"rendered":"<p>Mit dem JBL JR320BT Gr\u00fcn + Ladeger\u00e4t erh\u00e4ltst du einen Kopfh\u00f6rer, mit dem dein Kind im Nu durchstartet. Dieser Kopfh\u00f6rer verf\u00fcgt \u00fcber eine Lautst\u00e4rkebegrenzung, dank der die Lautst\u00e4rke nie 85\u00a0dB \u00fcberschreitet. Dadurch l\u00e4sst er sich nicht \u00fcberm\u00e4\u00dfig laut einstellen und dein Kind l\u00e4uft weniger Gefahr, einen H\u00f6rschaden davonzutragen. \u00dcber Bluetooth genie\u00dft dein Kind seine Musik kabellos. So hat es viel Bewegungsfreiheit, wenn es Musik h\u00f6rt oder sich einen Film anschaut. Der integrierte Akku bietet deinem Kind bis zu 50 Stunden Musik. Das ist insbesondere im Urlaub praktisch, denn so l\u00e4dst du den Kopfh\u00f6rer nicht st\u00e4ndig auf. Mit den mitgelieferten Stickern verleiht dein Kind seinem Kopfh\u00f6rer au\u00dferdem eine ganz eigene Note. So macht dein Kind den Kopfh\u00f6rer noch sch\u00f6ner.<\/p>\n","protected":false},"excerpt":{"rendered":"<p>Mit dem JBL JR320BT Gr\u00fcn + Ladeger\u00e4t erh\u00e4ltst du einen Kopfh\u00f6rer, mit dem dein Kind im Nu durchstartet. Dieser Kopfh\u00f6rer verf\u00fcgt \u00fcber eine Lautst\u00e4rkebegrenzung, dank der die Lautst\u00e4rke nie 85\u00a0dB \u00fcberschreitet. Dadurch l\u00e4sst er sich nicht \u00fcberm\u00e4\u00dfig laut einstellen und dein Kind l\u00e4uft weniger Gefahr, einen H\u00f6rschaden davonzutragen. \u00dcber Bluetooth genie\u00dft dein Kind seine Musik kabellos. So hat es viel Bewegungsfreiheit, wenn es Musik h\u00f6rt oder sich einen Film anschaut. Der integrierte Akku bietet deinem Kind bis zu 50 Stunden Musik. Das ist insbesondere im Urlaub praktisch, denn so l\u00e4dst du den Kopfh\u00f6rer nicht st\u00e4ndig auf. Mit den mitgelieferten Stickern verleiht dein Kind seinem Kopfh\u00f6rer au\u00dferdem eine ganz eigene Note. So macht dein Kind den Kopfh\u00f6rer noch sch\u00f6ner.<\/p>\n","protected":false},"featured_media":0,"comment_status":"closed","ping_status":"open","template":"","meta":{"_acf_changed":false},"brand":[5677],"product_brand":[],"product_cat":[1182],"product_tag":[1183],"class_list":{"0":"post-83682","1":"product","2":"type-product","3":"status-publish","5":"brand-jbl","6":"product_cat-kopfhrer","7":"product_tag-hoofdtelefoons-zonder-noisecancelling","8":"pa_condition-new","9":"pa_coolblue-de-verzending-morgen-gratis-geliefert","10":"pa_ean-30097","12":"first","13":"instock","14":"product-type-external"},"acf":[],"_links":{"self":[{"href":"https:\/\/onlinehardwareshop.de\/index.php\/wp-json\/wp\/v2\/product\/83682","targetHints":{"allow":["GET"]}}],"collection":[{"href":"https:\/\/onlinehardwareshop.de\/index.php\/wp-json\/wp\/v2\/product"}],"about":[{"href":"https:\/\/onlinehardwareshop.de\/index.php\/wp-json\/wp\/v2\/types\/product"}],"replies":[{"embeddable":true,"href":"https:\/\/onlinehardwareshop.de\/index.php\/wp-json\/wp\/v2\/comments?post=83682"}],"wp:attachment":[{"href":"https:\/\/onlinehardwareshop.de\/index.php\/wp-json\/wp\/v2\/media?parent=83682"}],"wp:term":[{"taxonomy":"brand","embeddable":true,"href":"https:\/\/onlinehardwareshop.de\/index.php\/wp-json\/wp\/v2\/brand?post=83682"},{"taxonomy":"product_brand","embeddable":true,"href":"https:\/\/onlinehardwareshop.de\/index.php\/wp-json\/wp\/v2\/product_brand?post=83682"},{"taxonomy":"product_cat","embeddable":true,"href":"https:\/\/onlinehardwareshop.de\/index.php\/wp-json\/wp\/v2\/product_cat?post=83682"},{"taxonomy":"product_tag","embeddable":true,"href":"https:\/\/onlinehardwareshop.de\/index.php\/wp-json\/wp\/v2\/product_tag?post=83682"}],"curies":[{"name":"wp","href":"https:\/\/api.w.org\/{rel}","templated":true}]}}