{"id":83668,"date":"2024-07-23T12:44:02","date_gmt":"2024-07-23T12:44:02","guid":{"rendered":"https:\/\/onlinehardwareshop.de\/index.php\/produkt\/logitech-meetup-videokonferenzkamera-bluebuilt-usb-c-auf-usb-c-kabel-2m-2\/"},"modified":"2025-05-14T18:13:52","modified_gmt":"2025-05-14T18:13:52","slug":"logitech-meetup-videokonferenzkamera-bluebuilt-usb-c-auf-usb-c-kabel-2m","status":"publish","type":"product","link":"https:\/\/onlinehardwareshop.de\/index.php\/produkt\/logitech-meetup-videokonferenzkamera-bluebuilt-usb-c-auf-usb-c-kabel-2m\/","title":{"rendered":"Logitech MeetUp Videokonferenzkamera + BlueBuilt USB-C-auf-USB-C-Kabel 2&#xA0;m"},"content":{"rendered":"<p>Du bist mit diesem Set aus Logitech MeetUp Videokonferenzkamera + BlueBuilt USB-C-auf-USB-C-Kabel 2\u00a0m w\u00e4hrend deiner Videokonferenzen in kleinen R\u00e4umen immer scharf im Bild. Die Kamera hat einen gro\u00dfen Bildwinkel von 120 Grad, sodass alle Personen zu sehen sind. Die mitgelieferte Fernbedienung verwendest du f\u00fcr verschiedene Funktionen, zum Beispiel zum Neigen, Schwenken und Zoomen. Das USB-3.0-Kabel unterst\u00fctzt 4K, sodass du ein detailliertes Bild hast. Das Kabel ist aus Nylon und h\u00e4lt somit l\u00e4nger als ein herk\u00f6mmliches Kabel aus Kunststoff. Die drei ger\u00e4uschreduzierenden Mikrofone und der stimmverbessernde Lautsprecher sorgen daf\u00fcr, dass alle Meeting-Teilnehmer deutlich zu verstehen sind. Der Ton ist auf kleine Konferenzr\u00e4ume ausgerichtet.<\/p>\n","protected":false},"excerpt":{"rendered":"<p>Du bist mit diesem Set aus Logitech MeetUp Videokonferenzkamera + BlueBuilt USB-C-auf-USB-C-Kabel 2\u00a0m w\u00e4hrend deiner Videokonferenzen in kleinen R\u00e4umen immer scharf im Bild. Die Kamera hat einen gro\u00dfen Bildwinkel von 120 Grad, sodass alle Personen zu sehen sind. Die mitgelieferte Fernbedienung verwendest du f\u00fcr verschiedene Funktionen, zum Beispiel zum Neigen, Schwenken und Zoomen. Das USB-3.0-Kabel unterst\u00fctzt 4K, sodass du ein detailliertes Bild hast. Das Kabel ist aus Nylon und h\u00e4lt somit l\u00e4nger als ein herk\u00f6mmliches Kabel aus Kunststoff. Die drei ger\u00e4uschreduzierenden Mikrofone und der stimmverbessernde Lautsprecher sorgen daf\u00fcr, dass alle Meeting-Teilnehmer deutlich zu verstehen sind. Der Ton ist auf kleine Konferenzr\u00e4ume ausgerichtet.<\/p>\n","protected":false},"featured_media":0,"comment_status":"closed","ping_status":"open","template":"","meta":{"_acf_changed":false},"brand":[32],"product_brand":[],"product_cat":[999],"product_tag":[2983],"class_list":{"0":"post-83668","1":"product","2":"type-product","3":"status-publish","5":"brand-logitech","6":"product_cat-webcams","7":"product_tag-conference-cameras","8":"pa_condition-new","9":"pa_coolblue-de-verzending-morgen-gratis-geliefert","10":"pa_ean-33074","12":"first","13":"instock","14":"product-type-external"},"acf":[],"_links":{"self":[{"href":"https:\/\/onlinehardwareshop.de\/index.php\/wp-json\/wp\/v2\/product\/83668","targetHints":{"allow":["GET"]}}],"collection":[{"href":"https:\/\/onlinehardwareshop.de\/index.php\/wp-json\/wp\/v2\/product"}],"about":[{"href":"https:\/\/onlinehardwareshop.de\/index.php\/wp-json\/wp\/v2\/types\/product"}],"replies":[{"embeddable":true,"href":"https:\/\/onlinehardwareshop.de\/index.php\/wp-json\/wp\/v2\/comments?post=83668"}],"wp:attachment":[{"href":"https:\/\/onlinehardwareshop.de\/index.php\/wp-json\/wp\/v2\/media?parent=83668"}],"wp:term":[{"taxonomy":"brand","embeddable":true,"href":"https:\/\/onlinehardwareshop.de\/index.php\/wp-json\/wp\/v2\/brand?post=83668"},{"taxonomy":"product_brand","embeddable":true,"href":"https:\/\/onlinehardwareshop.de\/index.php\/wp-json\/wp\/v2\/product_brand?post=83668"},{"taxonomy":"product_cat","embeddable":true,"href":"https:\/\/onlinehardwareshop.de\/index.php\/wp-json\/wp\/v2\/product_cat?post=83668"},{"taxonomy":"product_tag","embeddable":true,"href":"https:\/\/onlinehardwareshop.de\/index.php\/wp-json\/wp\/v2\/product_tag?post=83668"}],"curies":[{"name":"wp","href":"https:\/\/api.w.org\/{rel}","templated":true}]}}