{"id":83641,"date":"2024-04-16T03:03:16","date_gmt":"2024-04-16T03:03:16","guid":{"rendered":"https:\/\/onlinehardwareshop.de\/index.php\/produkt\/canon-pixma-ts705a-1-satz-xl-reservepatronen-2\/"},"modified":"2025-05-14T18:11:11","modified_gmt":"2025-05-14T18:11:11","slug":"canon-pixma-ts705a-1-satz-xl-reservepatronen","status":"publish","type":"product","link":"https:\/\/onlinehardwareshop.de\/index.php\/produkt\/canon-pixma-ts705a-1-satz-xl-reservepatronen\/","title":{"rendered":"Canon PIXMA TS705a + 1 Satz XL-Reservepatronen"},"content":{"rendered":"<p>Lege dir mit dem Set aus Canon PIXMA TS705a + 1 Satz XL-Reservepatronen zu deinem Drucker zus\u00e4tzlich einen Satz XL-Patronen zu. Mit den XL-Patronen druckst du rund 550 Seiten in Farbe und 1.370 Seiten in Schwarz-Wei\u00df aus, sodass du vorerst gen\u00fcgend Tinte hast. Der Canon Pixma TS705a ist ein kompakter Tintenstrahldrucker f\u00fcr zu Hause. Dank der hohen Druckaufl\u00f6sung von 4.800\u00a0x 1.200\u00a0dpi und der zus\u00e4tzlichen Patrone in Fotoschwarz druckst du mit dem PIXMA TS705a Dokumente und Fotos scharf aus. Das geht kabellos \u00fcber WLAN von deinem Laptop, PC, Smartphone oder Tablet. Der Drucker gibt bis zu 15 Seiten pro Minute aus und fasst bis zu 350 Blatt Papier in der doppelten Papierkassette. M\u00f6chtest du Papier sparen? Dann nutze den automatischen beidseitigen Druck. Fotopapier kommt in das daf\u00fcr vorgesehene separate Fach. Deine Fotos werden anschlie\u00dfend randlos darauf gedruckt.<\/p>\n","protected":false},"excerpt":{"rendered":"<p>Lege dir mit dem Set aus Canon PIXMA TS705a + 1 Satz XL-Reservepatronen zu deinem Drucker zus\u00e4tzlich einen Satz XL-Patronen zu. Mit den XL-Patronen druckst du rund 550 Seiten in Farbe und 1.370 Seiten in Schwarz-Wei\u00df aus, sodass du vorerst gen\u00fcgend Tinte hast. Der Canon Pixma TS705a ist ein kompakter Tintenstrahldrucker f\u00fcr zu Hause. Dank der hohen Druckaufl\u00f6sung von 4.800\u00a0x 1.200\u00a0dpi und der zus\u00e4tzlichen Patrone in Fotoschwarz druckst du mit dem PIXMA TS705a Dokumente und Fotos scharf aus. Das geht kabellos \u00fcber WLAN von deinem Laptop, PC, Smartphone oder Tablet. Der Drucker gibt bis zu 15 Seiten pro Minute aus und fasst bis zu 350 Blatt Papier in der doppelten Papierkassette. M\u00f6chtest du Papier sparen? Dann nutze den automatischen beidseitigen Druck. Fotopapier kommt in das daf\u00fcr vorgesehene separate Fach. Deine Fotos werden anschlie\u00dfend randlos darauf gedruckt.<\/p>\n","protected":false},"featured_media":0,"comment_status":"closed","ping_status":"open","template":"","meta":{"_acf_changed":false},"brand":[61],"product_brand":[],"product_cat":[2205],"product_tag":[2206],"class_list":{"0":"post-83641","1":"product","2":"type-product","3":"status-publish","5":"brand-canon","6":"product_cat-drucker","7":"product_tag-inkjetprinters","8":"pa_condition-new","9":"pa_coolblue-de-verzending-morgen-gratis-geliefert","10":"pa_ean-28152","12":"first","13":"instock","14":"product-type-external"},"acf":[],"_links":{"self":[{"href":"https:\/\/onlinehardwareshop.de\/index.php\/wp-json\/wp\/v2\/product\/83641","targetHints":{"allow":["GET"]}}],"collection":[{"href":"https:\/\/onlinehardwareshop.de\/index.php\/wp-json\/wp\/v2\/product"}],"about":[{"href":"https:\/\/onlinehardwareshop.de\/index.php\/wp-json\/wp\/v2\/types\/product"}],"replies":[{"embeddable":true,"href":"https:\/\/onlinehardwareshop.de\/index.php\/wp-json\/wp\/v2\/comments?post=83641"}],"wp:attachment":[{"href":"https:\/\/onlinehardwareshop.de\/index.php\/wp-json\/wp\/v2\/media?parent=83641"}],"wp:term":[{"taxonomy":"brand","embeddable":true,"href":"https:\/\/onlinehardwareshop.de\/index.php\/wp-json\/wp\/v2\/brand?post=83641"},{"taxonomy":"product_brand","embeddable":true,"href":"https:\/\/onlinehardwareshop.de\/index.php\/wp-json\/wp\/v2\/product_brand?post=83641"},{"taxonomy":"product_cat","embeddable":true,"href":"https:\/\/onlinehardwareshop.de\/index.php\/wp-json\/wp\/v2\/product_cat?post=83641"},{"taxonomy":"product_tag","embeddable":true,"href":"https:\/\/onlinehardwareshop.de\/index.php\/wp-json\/wp\/v2\/product_tag?post=83641"}],"curies":[{"name":"wp","href":"https:\/\/api.w.org\/{rel}","templated":true}]}}