{"id":83639,"date":"2024-02-08T15:10:42","date_gmt":"2024-02-08T15:10:42","guid":{"rendered":"https:\/\/onlinehardwareshop.de\/index.php\/produkt\/boya-by-v10-2-0-usb-c-2\/"},"modified":"2025-05-14T18:11:06","modified_gmt":"2025-05-14T18:11:06","slug":"boya-by-v10-2-0-usb-c","status":"publish","type":"product","link":"https:\/\/onlinehardwareshop.de\/index.php\/produkt\/boya-by-v10-2-0-usb-c\/","title":{"rendered":"Boya BY-V10 2.0 (USB-C)"},"content":{"rendered":"<p>Mit dem BY-V10 2.0 (USB-C) nimmst du Videos f\u00fcr Social Media mit klarem Sound auf. Du verwendest dieses Set mit Smartphones, die \u00fcber einen USB-C-Anschluss verf\u00fcgen. Das Mikrofon hat eine gro\u00dfe Reichweite von 100\u00a0Metern, sodass du w\u00e4hrend der Aufnahme viel Bewegungsfreiheit hast. Auch wenn du dich weiter vom Kameramann entfernst, bleibt der Ton klar und deutlich. Mit diesem Mikrofon nimmst du problemlos einen langen Vlog auf, ohne es aufzuladen. Der Akku h\u00e4lt n\u00e4mlich neun Stunden. So filmst du zum Beispiel einen langen Tagesvlog w\u00e4hrend deines Urlaubs. Dank integriertem Noise Cancelling ist dein Ton klar, auch wenn du drau\u00dfen filmst. Mit nur einem Knopfdruck schaltest du Noise Cancelling ein und aus.<\/p>\n","protected":false},"excerpt":{"rendered":"<p>Mit dem BY-V10 2.0 (USB-C) nimmst du Videos f\u00fcr Social Media mit klarem Sound auf. Du verwendest dieses Set mit Smartphones, die \u00fcber einen USB-C-Anschluss verf\u00fcgen. Das Mikrofon hat eine gro\u00dfe Reichweite von 100\u00a0Metern, sodass du w\u00e4hrend der Aufnahme viel Bewegungsfreiheit hast. Auch wenn du dich weiter vom Kameramann entfernst, bleibt der Ton klar und deutlich. Mit diesem Mikrofon nimmst du problemlos einen langen Vlog auf, ohne es aufzuladen. Der Akku h\u00e4lt n\u00e4mlich neun Stunden. So filmst du zum Beispiel einen langen Tagesvlog w\u00e4hrend deines Urlaubs. Dank integriertem Noise Cancelling ist dein Ton klar, auch wenn du drau\u00dfen filmst. Mit nur einem Knopfdruck schaltest du Noise Cancelling ein und aus.<\/p>\n","protected":false},"featured_media":0,"comment_status":"closed","ping_status":"open","template":"","meta":{"_acf_changed":false},"brand":[3417],"product_brand":[],"product_cat":[1570],"product_tag":[1571],"class_list":{"0":"post-83639","1":"product","2":"type-product","3":"status-publish","5":"brand-boya","6":"product_cat-kameramikrofone","7":"product_tag-cameramicrofoons","8":"pa_condition-new","9":"pa_coolblue-de-verzending-morgen-gratis-geliefert","10":"pa_ean-30045","11":"pa_mpn-30046","13":"first","14":"instock","15":"product-type-external"},"acf":[],"_links":{"self":[{"href":"https:\/\/onlinehardwareshop.de\/index.php\/wp-json\/wp\/v2\/product\/83639","targetHints":{"allow":["GET"]}}],"collection":[{"href":"https:\/\/onlinehardwareshop.de\/index.php\/wp-json\/wp\/v2\/product"}],"about":[{"href":"https:\/\/onlinehardwareshop.de\/index.php\/wp-json\/wp\/v2\/types\/product"}],"replies":[{"embeddable":true,"href":"https:\/\/onlinehardwareshop.de\/index.php\/wp-json\/wp\/v2\/comments?post=83639"}],"wp:attachment":[{"href":"https:\/\/onlinehardwareshop.de\/index.php\/wp-json\/wp\/v2\/media?parent=83639"}],"wp:term":[{"taxonomy":"brand","embeddable":true,"href":"https:\/\/onlinehardwareshop.de\/index.php\/wp-json\/wp\/v2\/brand?post=83639"},{"taxonomy":"product_brand","embeddable":true,"href":"https:\/\/onlinehardwareshop.de\/index.php\/wp-json\/wp\/v2\/product_brand?post=83639"},{"taxonomy":"product_cat","embeddable":true,"href":"https:\/\/onlinehardwareshop.de\/index.php\/wp-json\/wp\/v2\/product_cat?post=83639"},{"taxonomy":"product_tag","embeddable":true,"href":"https:\/\/onlinehardwareshop.de\/index.php\/wp-json\/wp\/v2\/product_tag?post=83639"}],"curies":[{"name":"wp","href":"https:\/\/api.w.org\/{rel}","templated":true}]}}