{"id":83637,"date":"2024-06-12T15:58:14","date_gmt":"2024-06-12T15:58:14","guid":{"rendered":"https:\/\/onlinehardwareshop.de\/index.php\/produkt\/boya-by-v1-v2-0-lightning-2\/"},"modified":"2025-05-14T18:10:57","modified_gmt":"2025-05-14T18:10:57","slug":"boya-by-v1-v2-0-lightning","status":"publish","type":"product","link":"https:\/\/onlinehardwareshop.de\/index.php\/produkt\/boya-by-v1-v2-0-lightning\/","title":{"rendered":"Boya BY-V1 V2.0 (Lightning)"},"content":{"rendered":"<p>Mit dem Boya BY-V1 V2.0 (Lightning) nimmst du Videos f\u00fcr Social Media mit klarem Sound auf. Du verwendest das Mikrofon und den Empf\u00e4nger mit iPhones, die \u00fcber einen Lightning-Anschluss verf\u00fcgen. Die neuesten iPhones haben einen anderen Anschluss, n\u00e4mlich USB-C. Das Mikrofon hat eine gro\u00dfe Reichweite von 100\u00a0Metern, sodass du w\u00e4hrend der Aufnahme viel Bewegungsfreiheit hast. Auch wenn du dich weiter vom Kameramann entfernst, bleibt der Ton klar und deutlich. Mit diesem Mikrofon nimmst du problemlos einen langen Vlog auf, ohne es aufzuladen. Der Akku h\u00e4lt n\u00e4mlich neun Stunden. So filmst du zum Beispiel einen langen Tagesvlog w\u00e4hrend deines Urlaubs. Dank integriertem Noise Cancelling ist dein Ton klar, auch wenn du drau\u00dfen filmst. Mit nur einem Knopfdruck schaltest du Noise Cancelling ein und aus.<\/p>\n","protected":false},"excerpt":{"rendered":"<p>Mit dem Boya BY-V1 V2.0 (Lightning) nimmst du Videos f\u00fcr Social Media mit klarem Sound auf. Du verwendest das Mikrofon und den Empf\u00e4nger mit iPhones, die \u00fcber einen Lightning-Anschluss verf\u00fcgen. Die neuesten iPhones haben einen anderen Anschluss, n\u00e4mlich USB-C. Das Mikrofon hat eine gro\u00dfe Reichweite von 100\u00a0Metern, sodass du w\u00e4hrend der Aufnahme viel Bewegungsfreiheit hast. Auch wenn du dich weiter vom Kameramann entfernst, bleibt der Ton klar und deutlich. Mit diesem Mikrofon nimmst du problemlos einen langen Vlog auf, ohne es aufzuladen. Der Akku h\u00e4lt n\u00e4mlich neun Stunden. So filmst du zum Beispiel einen langen Tagesvlog w\u00e4hrend deines Urlaubs. Dank integriertem Noise Cancelling ist dein Ton klar, auch wenn du drau\u00dfen filmst. Mit nur einem Knopfdruck schaltest du Noise Cancelling ein und aus.<\/p>\n","protected":false},"featured_media":0,"comment_status":"closed","ping_status":"open","template":"","meta":{"_acf_changed":false},"brand":[3417],"product_brand":[],"product_cat":[1570],"product_tag":[1571],"class_list":{"0":"post-83637","1":"product","2":"type-product","3":"status-publish","5":"brand-boya","6":"product_cat-kameramikrofone","7":"product_tag-cameramicrofoons","8":"pa_condition-new","9":"pa_coolblue-de-verzending-morgen-gratis-geliefert","10":"pa_ean-30041","11":"pa_mpn-30042","13":"first","14":"instock","15":"product-type-external"},"acf":[],"_links":{"self":[{"href":"https:\/\/onlinehardwareshop.de\/index.php\/wp-json\/wp\/v2\/product\/83637","targetHints":{"allow":["GET"]}}],"collection":[{"href":"https:\/\/onlinehardwareshop.de\/index.php\/wp-json\/wp\/v2\/product"}],"about":[{"href":"https:\/\/onlinehardwareshop.de\/index.php\/wp-json\/wp\/v2\/types\/product"}],"replies":[{"embeddable":true,"href":"https:\/\/onlinehardwareshop.de\/index.php\/wp-json\/wp\/v2\/comments?post=83637"}],"wp:attachment":[{"href":"https:\/\/onlinehardwareshop.de\/index.php\/wp-json\/wp\/v2\/media?parent=83637"}],"wp:term":[{"taxonomy":"brand","embeddable":true,"href":"https:\/\/onlinehardwareshop.de\/index.php\/wp-json\/wp\/v2\/brand?post=83637"},{"taxonomy":"product_brand","embeddable":true,"href":"https:\/\/onlinehardwareshop.de\/index.php\/wp-json\/wp\/v2\/product_brand?post=83637"},{"taxonomy":"product_cat","embeddable":true,"href":"https:\/\/onlinehardwareshop.de\/index.php\/wp-json\/wp\/v2\/product_cat?post=83637"},{"taxonomy":"product_tag","embeddable":true,"href":"https:\/\/onlinehardwareshop.de\/index.php\/wp-json\/wp\/v2\/product_tag?post=83637"}],"curies":[{"name":"wp","href":"https:\/\/api.w.org\/{rel}","templated":true}]}}