{"id":83558,"date":"2024-09-25T10:14:21","date_gmt":"2024-09-25T10:14:21","guid":{"rendered":"https:\/\/onlinehardwareshop.de\/index.php\/produkt\/sandisk-extreme-pro-usb4-4tb-2\/"},"modified":"2025-05-14T18:03:57","modified_gmt":"2025-05-14T18:03:57","slug":"sandisk-extreme-pro-usb4-4tb","status":"publish","type":"product","link":"https:\/\/onlinehardwareshop.de\/index.php\/produkt\/sandisk-extreme-pro-usb4-4tb\/","title":{"rendered":"SanDisk Extreme PRO USB4 4TB"},"content":{"rendered":"<p>Die SanDisk Extreme PRO USB4 4\u00a0TB ist eine tragbare externe SSD, die einen sicheren Datenspeicher f\u00fcr unterwegs bietet. Du schlie\u00dft die Extreme Pro mit dem mitgelieferten USB-C-Kabel einfach an deinen Laptop oder dein Tablet an. Diese SSD hat ein USB4-Interface mit einer Lesegeschwindigkeit von bis zu 3.800\u00a0MB\/s und einer Schreibgeschwindigkeit von 3.700 MB\/s. Daher \u00fcbertr\u00e4gst du einen 4K-Film schnell auf die tragbare Festplatte. Auf dem 4\u00a0TB gro\u00dfen Speicher dieser SSD speicherst du bis zu 400.000 Fotos oder 200 4K-Filme von anderthalb Stunden L\u00e4nge ab. Au\u00dferdem speicherst du f\u00fcnf oder sechs gro\u00dfe .MOV Videodateien ab, die du selbst gefilmt hast, zum Beispiel f\u00fcr ein professionelles Unternehmensvideo. Auch an \u00e4ltere USB-Ger\u00e4te wie USB 3.2, 2.0 und Thunderbolt\u00a04 kannst du Dateien \u00fcbertragen. Sorge daf\u00fcr, dass all deine Dateien mit dem Kennwortschutz und der Hardware-Verschl\u00fcsselung sicher sind, die von der SSD selbst gesteuert wird. So sind deine Dateien doppelt gesch\u00fctzt. Diese SanDisk SSD ist dar\u00fcber hinaus sto\u00df-, wasserfest und staubbest\u00e4ndig und ist deshalb unempfindlich. Auch erh\u00e4ltst du von SanDisk f\u00fcnf Jahre Garantie auf diese SSD. Bist du oft unterwegs? Dann h\u00e4nge die SSD mit dem integrierten Tragering an deine Tasche oder deinen G\u00fcrtel.<\/p>\n","protected":false},"excerpt":{"rendered":"<p>Die SanDisk Extreme PRO USB4 4\u00a0TB ist eine tragbare externe SSD, die einen sicheren Datenspeicher f\u00fcr unterwegs bietet. Du schlie\u00dft die Extreme Pro mit dem mitgelieferten USB-C-Kabel einfach an deinen Laptop oder dein Tablet an. Diese SSD hat ein USB4-Interface mit einer Lesegeschwindigkeit von bis zu 3.800\u00a0MB\/s und einer Schreibgeschwindigkeit von 3.700 MB\/s. Daher \u00fcbertr\u00e4gst du einen 4K-Film schnell auf die tragbare Festplatte. Auf dem 4\u00a0TB gro\u00dfen Speicher dieser SSD speicherst du bis zu 400.000 Fotos oder 200 4K-Filme von anderthalb Stunden L\u00e4nge ab. Au\u00dferdem speicherst du f\u00fcnf oder sechs gro\u00dfe .MOV Videodateien ab, die du selbst gefilmt hast, zum Beispiel f\u00fcr ein professionelles Unternehmensvideo. Auch an \u00e4ltere USB-Ger\u00e4te wie USB 3.2, 2.0 und Thunderbolt\u00a04 kannst du Dateien \u00fcbertragen. Sorge daf\u00fcr, dass all deine Dateien mit dem Kennwortschutz und der Hardware-Verschl\u00fcsselung sicher sind, die von der SSD selbst gesteuert wird. So sind deine Dateien doppelt gesch\u00fctzt. Diese SanDisk SSD ist dar\u00fcber hinaus sto\u00df-, wasserfest und staubbest\u00e4ndig und ist deshalb unempfindlich. Auch erh\u00e4ltst du von SanDisk f\u00fcnf Jahre Garantie auf diese SSD. Bist du oft unterwegs? Dann h\u00e4nge die SSD mit dem integrierten Tragering an deine Tasche oder deinen G\u00fcrtel.<\/p>\n","protected":false},"featured_media":0,"comment_status":"closed","ping_status":"open","template":"","meta":{"_acf_changed":false},"brand":[991],"product_brand":[],"product_cat":[4819],"product_tag":[4820],"class_list":{"0":"post-83558","1":"product","2":"type-product","3":"status-publish","5":"brand-sandisk","6":"product_cat-externe-ssds","7":"product_tag-harde-schijven-extern-ssd","8":"pa_condition-new","9":"pa_coolblue-de-verzending-morgen-gratis-geliefert","10":"pa_ean-31963","11":"pa_mpn-sdssde82-4t00-g25","13":"first","14":"instock","15":"product-type-external"},"acf":[],"_links":{"self":[{"href":"https:\/\/onlinehardwareshop.de\/index.php\/wp-json\/wp\/v2\/product\/83558","targetHints":{"allow":["GET"]}}],"collection":[{"href":"https:\/\/onlinehardwareshop.de\/index.php\/wp-json\/wp\/v2\/product"}],"about":[{"href":"https:\/\/onlinehardwareshop.de\/index.php\/wp-json\/wp\/v2\/types\/product"}],"replies":[{"embeddable":true,"href":"https:\/\/onlinehardwareshop.de\/index.php\/wp-json\/wp\/v2\/comments?post=83558"}],"wp:attachment":[{"href":"https:\/\/onlinehardwareshop.de\/index.php\/wp-json\/wp\/v2\/media?parent=83558"}],"wp:term":[{"taxonomy":"brand","embeddable":true,"href":"https:\/\/onlinehardwareshop.de\/index.php\/wp-json\/wp\/v2\/brand?post=83558"},{"taxonomy":"product_brand","embeddable":true,"href":"https:\/\/onlinehardwareshop.de\/index.php\/wp-json\/wp\/v2\/product_brand?post=83558"},{"taxonomy":"product_cat","embeddable":true,"href":"https:\/\/onlinehardwareshop.de\/index.php\/wp-json\/wp\/v2\/product_cat?post=83558"},{"taxonomy":"product_tag","embeddable":true,"href":"https:\/\/onlinehardwareshop.de\/index.php\/wp-json\/wp\/v2\/product_tag?post=83558"}],"curies":[{"name":"wp","href":"https:\/\/api.w.org\/{rel}","templated":true}]}}