{"id":83495,"date":"2024-08-09T12:26:29","date_gmt":"2024-08-09T12:26:29","guid":{"rendered":"https:\/\/onlinehardwareshop.de\/index.php\/produkt\/bosch-professional-pro-wood-and-metal-stichsgeblatt-10x-2\/"},"modified":"2025-05-14T17:58:18","modified_gmt":"2025-05-14T17:58:18","slug":"bosch-professional-pro-wood-and-metal-stichsgeblatt-10x","status":"publish","type":"product","link":"https:\/\/onlinehardwareshop.de\/index.php\/produkt\/bosch-professional-pro-wood-and-metal-stichsgeblatt-10x\/","title":{"rendered":"Bosch Professional PRO Wood and Metal Stichs&#xE4;geblatt (10x)"},"content":{"rendered":"<p>Mit dem Bosch Professional PRO Wood and Metal Stichs\u00e4geblatt (10x) s\u00e4gst du problemlos in (Hart-)Holz, Kunststoff und Metall. Die S\u00e4gebl\u00e4tter sind 100\u00a0mm lang, sodass du problemlos dicke Bretter durchs\u00e4gst. Auch Kurvenschnitte sind kein Problem. Mit diesem 10-teiligen Set hast du einen Vorrat zur Hand, sodass du ohne Unterbrechung arbeitest.<\/p>\n","protected":false},"excerpt":{"rendered":"<p>Mit dem Bosch Professional PRO Wood and Metal Stichs\u00e4geblatt (10x) s\u00e4gst du problemlos in (Hart-)Holz, Kunststoff und Metall. Die S\u00e4gebl\u00e4tter sind 100\u00a0mm lang, sodass du problemlos dicke Bretter durchs\u00e4gst. Auch Kurvenschnitte sind kein Problem. Mit diesem 10-teiligen Set hast du einen Vorrat zur Hand, sodass du ohne Unterbrechung arbeitest.<\/p>\n","protected":false},"featured_media":0,"comment_status":"closed","ping_status":"open","template":"","meta":{"_acf_changed":false},"brand":[332],"product_brand":[],"product_cat":[333],"product_tag":[334],"class_list":{"0":"post-83495","1":"product","2":"type-product","3":"status-publish","5":"brand-bosch-professional","6":"product_cat-sgebltter","7":"product_tag-zaagbladen","8":"pa_condition-new","9":"pa_coolblue-de-verzending-morgen-gratis-geliefert","10":"pa_ean-29128","11":"pa_mpn-29129","13":"first","14":"instock","15":"product-type-external"},"acf":[],"_links":{"self":[{"href":"https:\/\/onlinehardwareshop.de\/index.php\/wp-json\/wp\/v2\/product\/83495","targetHints":{"allow":["GET"]}}],"collection":[{"href":"https:\/\/onlinehardwareshop.de\/index.php\/wp-json\/wp\/v2\/product"}],"about":[{"href":"https:\/\/onlinehardwareshop.de\/index.php\/wp-json\/wp\/v2\/types\/product"}],"replies":[{"embeddable":true,"href":"https:\/\/onlinehardwareshop.de\/index.php\/wp-json\/wp\/v2\/comments?post=83495"}],"wp:attachment":[{"href":"https:\/\/onlinehardwareshop.de\/index.php\/wp-json\/wp\/v2\/media?parent=83495"}],"wp:term":[{"taxonomy":"brand","embeddable":true,"href":"https:\/\/onlinehardwareshop.de\/index.php\/wp-json\/wp\/v2\/brand?post=83495"},{"taxonomy":"product_brand","embeddable":true,"href":"https:\/\/onlinehardwareshop.de\/index.php\/wp-json\/wp\/v2\/product_brand?post=83495"},{"taxonomy":"product_cat","embeddable":true,"href":"https:\/\/onlinehardwareshop.de\/index.php\/wp-json\/wp\/v2\/product_cat?post=83495"},{"taxonomy":"product_tag","embeddable":true,"href":"https:\/\/onlinehardwareshop.de\/index.php\/wp-json\/wp\/v2\/product_tag?post=83495"}],"curies":[{"name":"wp","href":"https:\/\/api.w.org\/{rel}","templated":true}]}}