{"id":83461,"date":"2025-04-25T06:50:25","date_gmt":"2025-04-25T06:50:25","guid":{"rendered":"https:\/\/onlinehardwareshop.de\/index.php\/produkt\/wiim-amp-pro-grau-2\/"},"modified":"2025-05-14T17:55:16","modified_gmt":"2025-05-14T17:55:16","slug":"wiim-amp-pro-grau","status":"publish","type":"product","link":"https:\/\/onlinehardwareshop.de\/index.php\/produkt\/wiim-amp-pro-grau\/","title":{"rendered":"WiiM Amp Pro Grau"},"content":{"rendered":"<p>Mit dem WiiM Amp Pro genie\u00dft du Musik in hoher Qualit\u00e4t. Der Audio-Streamer enth\u00e4lt einen Verst\u00e4rker, sodass du ihn an deine passiven Lautsprecher anschlie\u00dft. In der WiiM Home App findest du verschiedene Streaming-Dienste wie Spotify, Amazon Music und Tidal, sodass du all deine Musik an einem Ort hast. \u00dcber die App steuerst du Sound und Einstellungen und verbindest die angeschlossenen Lautsprecher miteinander. \u00dcber den USB-Anschluss spielst du auch Musik von einem USB-Stick ab. So teilst du zum Beispiel deine eigene Musik, die auf dem Stick gespeichert ist. Du bedienst den Audio-Streamer auf verschiedene Arten: mit der mitgelieferten Fernbedienung, der App auf deinem Smartphone oder per Sprachbefehl. So erh\u00f6hst du ganz einfach die Lautst\u00e4rke oder wechselst zum n\u00e4chsten Song.<\/p>\n","protected":false},"excerpt":{"rendered":"<p>Mit dem WiiM Amp Pro genie\u00dft du Musik in hoher Qualit\u00e4t. Der Audio-Streamer enth\u00e4lt einen Verst\u00e4rker, sodass du ihn an deine passiven Lautsprecher anschlie\u00dft. In der WiiM Home App findest du verschiedene Streaming-Dienste wie Spotify, Amazon Music und Tidal, sodass du all deine Musik an einem Ort hast. \u00dcber die App steuerst du Sound und Einstellungen und verbindest die angeschlossenen Lautsprecher miteinander. \u00dcber den USB-Anschluss spielst du auch Musik von einem USB-Stick ab. So teilst du zum Beispiel deine eigene Musik, die auf dem Stick gespeichert ist. Du bedienst den Audio-Streamer auf verschiedene Arten: mit der mitgelieferten Fernbedienung, der App auf deinem Smartphone oder per Sprachbefehl. So erh\u00f6hst du ganz einfach die Lautst\u00e4rke oder wechselst zum n\u00e4chsten Song.<\/p>\n","protected":false},"featured_media":0,"comment_status":"closed","ping_status":"open","template":"","meta":{"_acf_changed":false},"brand":[19199],"product_brand":[],"product_cat":[1250],"product_tag":[1251],"class_list":{"0":"post-83461","1":"product","2":"type-product","3":"status-publish","5":"brand-wiim","6":"product_cat-audio-streamer","7":"product_tag-audiostreamers-receivers","8":"pa_condition-new","9":"pa_coolblue-de-verzending-morgen-gratis-geliefert","10":"pa_ean-29496","11":"pa_mpn-wiiampprosg","13":"first","14":"instock","15":"product-type-external"},"acf":[],"_links":{"self":[{"href":"https:\/\/onlinehardwareshop.de\/index.php\/wp-json\/wp\/v2\/product\/83461","targetHints":{"allow":["GET"]}}],"collection":[{"href":"https:\/\/onlinehardwareshop.de\/index.php\/wp-json\/wp\/v2\/product"}],"about":[{"href":"https:\/\/onlinehardwareshop.de\/index.php\/wp-json\/wp\/v2\/types\/product"}],"replies":[{"embeddable":true,"href":"https:\/\/onlinehardwareshop.de\/index.php\/wp-json\/wp\/v2\/comments?post=83461"}],"wp:attachment":[{"href":"https:\/\/onlinehardwareshop.de\/index.php\/wp-json\/wp\/v2\/media?parent=83461"}],"wp:term":[{"taxonomy":"brand","embeddable":true,"href":"https:\/\/onlinehardwareshop.de\/index.php\/wp-json\/wp\/v2\/brand?post=83461"},{"taxonomy":"product_brand","embeddable":true,"href":"https:\/\/onlinehardwareshop.de\/index.php\/wp-json\/wp\/v2\/product_brand?post=83461"},{"taxonomy":"product_cat","embeddable":true,"href":"https:\/\/onlinehardwareshop.de\/index.php\/wp-json\/wp\/v2\/product_cat?post=83461"},{"taxonomy":"product_tag","embeddable":true,"href":"https:\/\/onlinehardwareshop.de\/index.php\/wp-json\/wp\/v2\/product_tag?post=83461"}],"curies":[{"name":"wp","href":"https:\/\/api.w.org\/{rel}","templated":true}]}}