{"id":83450,"date":"2025-05-09T17:29:01","date_gmt":"2025-05-09T17:29:01","guid":{"rendered":"https:\/\/onlinehardwareshop.de\/index.php\/produkt\/hp-laserjet-pro-mfp-3102fdw-1-zustzlicher-schwarzer-xl-toner-2\/"},"modified":"2025-05-14T17:54:27","modified_gmt":"2025-05-14T17:54:27","slug":"hp-laserjet-pro-mfp-3102fdw-1-zustzlicher-schwarzer-xl-toner","status":"publish","type":"product","link":"https:\/\/onlinehardwareshop.de\/index.php\/produkt\/hp-laserjet-pro-mfp-3102fdw-1-zustzlicher-schwarzer-xl-toner\/","title":{"rendered":"HP LaserJet Pro MFP 3102fdw + 1 zus&#xE4;tzlicher schwarzer XL-Toner"},"content":{"rendered":"<p>Mit diesem Set aus HP LaserJet Pro MFP 3102fdw + ein zus\u00e4tzlicher schwarzer XL-Toner legst du dir gen\u00fcgend Tinte f\u00fcr all deine Dokumente zu. Mit dem zus\u00e4tzlichen schwarzen XL-Toner druckst du bis zu 4.000 Schwarz-Wei\u00df-Seiten, sodass du f\u00fcrs Erste gen\u00fcgend Tinte auf Lager hast. Der HP LaserJet Pro MFP 3102fdw ist ein schneller 4-in-1-Drucker f\u00fcr dein Homeoffice oder kleines B\u00fcro. Er druckt und kopiert bis zu 33 Seiten pro Minute. Wenn du schnell ein umfangreiches Dokument drucken m\u00f6chtest, legst du einfach bis zu 50 Blatt Papier auf einmal in den automatischen Dokumenteneinzug. Mit dem LaserJet Pro MFP 3102fdw faxt du au\u00dferdem deine Dokumente. Das Drucken erfolgt automatisch beidseitig, sodass du Papier sparst. Der Drucker verf\u00fcgt \u00fcber WLAN. Du verbindest deinen Laptop oder dein Handy also direkt mit dem Drucker.<\/p>\n","protected":false},"excerpt":{"rendered":"<p>Mit diesem Set aus HP LaserJet Pro MFP 3102fdw + ein zus\u00e4tzlicher schwarzer XL-Toner legst du dir gen\u00fcgend Tinte f\u00fcr all deine Dokumente zu. Mit dem zus\u00e4tzlichen schwarzen XL-Toner druckst du bis zu 4.000 Schwarz-Wei\u00df-Seiten, sodass du f\u00fcrs Erste gen\u00fcgend Tinte auf Lager hast. Der HP LaserJet Pro MFP 3102fdw ist ein schneller 4-in-1-Drucker f\u00fcr dein Homeoffice oder kleines B\u00fcro. Er druckt und kopiert bis zu 33 Seiten pro Minute. Wenn du schnell ein umfangreiches Dokument drucken m\u00f6chtest, legst du einfach bis zu 50 Blatt Papier auf einmal in den automatischen Dokumenteneinzug. Mit dem LaserJet Pro MFP 3102fdw faxt du au\u00dferdem deine Dokumente. Das Drucken erfolgt automatisch beidseitig, sodass du Papier sparst. Der Drucker verf\u00fcgt \u00fcber WLAN. Du verbindest deinen Laptop oder dein Handy also direkt mit dem Drucker.<\/p>\n","protected":false},"featured_media":0,"comment_status":"closed","ping_status":"open","template":"","meta":{"_acf_changed":false},"brand":[90],"product_brand":[],"product_cat":[2205],"product_tag":[4823],"class_list":{"0":"post-83450","1":"product","2":"type-product","3":"status-publish","5":"brand-hp","6":"product_cat-drucker","7":"product_tag-laserprinters","8":"pa_condition-new","9":"pa_coolblue-de-verzending-morgen-gratis-geliefert","10":"pa_ean-27190","12":"first","13":"instock","14":"product-type-external"},"acf":[],"_links":{"self":[{"href":"https:\/\/onlinehardwareshop.de\/index.php\/wp-json\/wp\/v2\/product\/83450","targetHints":{"allow":["GET"]}}],"collection":[{"href":"https:\/\/onlinehardwareshop.de\/index.php\/wp-json\/wp\/v2\/product"}],"about":[{"href":"https:\/\/onlinehardwareshop.de\/index.php\/wp-json\/wp\/v2\/types\/product"}],"replies":[{"embeddable":true,"href":"https:\/\/onlinehardwareshop.de\/index.php\/wp-json\/wp\/v2\/comments?post=83450"}],"wp:attachment":[{"href":"https:\/\/onlinehardwareshop.de\/index.php\/wp-json\/wp\/v2\/media?parent=83450"}],"wp:term":[{"taxonomy":"brand","embeddable":true,"href":"https:\/\/onlinehardwareshop.de\/index.php\/wp-json\/wp\/v2\/brand?post=83450"},{"taxonomy":"product_brand","embeddable":true,"href":"https:\/\/onlinehardwareshop.de\/index.php\/wp-json\/wp\/v2\/product_brand?post=83450"},{"taxonomy":"product_cat","embeddable":true,"href":"https:\/\/onlinehardwareshop.de\/index.php\/wp-json\/wp\/v2\/product_cat?post=83450"},{"taxonomy":"product_tag","embeddable":true,"href":"https:\/\/onlinehardwareshop.de\/index.php\/wp-json\/wp\/v2\/product_tag?post=83450"}],"curies":[{"name":"wp","href":"https:\/\/api.w.org\/{rel}","templated":true}]}}