{"id":83449,"date":"2024-02-11T11:21:25","date_gmt":"2024-02-11T11:21:25","guid":{"rendered":"https:\/\/onlinehardwareshop.de\/index.php\/produkt\/epson-expression-photo-xp-970-1-satz-reservepatronen-2\/"},"modified":"2025-05-14T17:54:22","modified_gmt":"2025-05-14T17:54:22","slug":"epson-expression-photo-xp-970-1-satz-reservepatronen","status":"publish","type":"product","link":"https:\/\/onlinehardwareshop.de\/index.php\/produkt\/epson-expression-photo-xp-970-1-satz-reservepatronen\/","title":{"rendered":"Epson Expression Photo XP-970 + 1 Satz Reservepatronen"},"content":{"rendered":"<p>Mit diesem Set aus Epson Expression Photo XP-970 + 1 Satz Reservepatronen holst du dir zu deinem Drucker gleich noch einen Tintenvorrat dazu. Mit den zus\u00e4tzlichen Patronen druckst du bis zu 360 Farbseiten und 240 Seiten ins Schwarz-Wei\u00df, sodass du f\u00fcrs Erste mit gen\u00fcgend Tinte versorgt bist. Der Epson Expression Photo XP-970 eignet sich zum Drucken, Kopieren und zum Scannen deiner Fotos. Au\u00dferdem bietet er dir neben den vier Standard-Farben auch Farbpatronen in Hellmagenta und Hellcyan. So druckst du farbenfrohe Fotos. W\u00e4hle \u00fcber das integrierte Farbdisplay mit Touchscreen einfach die Fotos aus, die du drucken m\u00f6chtest. Dein Fotopapier und normales Druckerpapier verstaust du in den beiden separaten Papierkassetten. Der Drucker w\u00e4hlt dann automatisch das richtige Papier aus. Das geht sogar bis DIN\u00a0A3, sodass du auch Poster oder Flyer ausdruckst.<\/p>\n","protected":false},"excerpt":{"rendered":"<p>Mit diesem Set aus Epson Expression Photo XP-970 + 1 Satz Reservepatronen holst du dir zu deinem Drucker gleich noch einen Tintenvorrat dazu. Mit den zus\u00e4tzlichen Patronen druckst du bis zu 360 Farbseiten und 240 Seiten ins Schwarz-Wei\u00df, sodass du f\u00fcrs Erste mit gen\u00fcgend Tinte versorgt bist. Der Epson Expression Photo XP-970 eignet sich zum Drucken, Kopieren und zum Scannen deiner Fotos. Au\u00dferdem bietet er dir neben den vier Standard-Farben auch Farbpatronen in Hellmagenta und Hellcyan. So druckst du farbenfrohe Fotos. W\u00e4hle \u00fcber das integrierte Farbdisplay mit Touchscreen einfach die Fotos aus, die du drucken m\u00f6chtest. Dein Fotopapier und normales Druckerpapier verstaust du in den beiden separaten Papierkassetten. Der Drucker w\u00e4hlt dann automatisch das richtige Papier aus. Das geht sogar bis DIN\u00a0A3, sodass du auch Poster oder Flyer ausdruckst.<\/p>\n","protected":false},"featured_media":0,"comment_status":"closed","ping_status":"open","template":"","meta":{"_acf_changed":false},"brand":[267],"product_brand":[],"product_cat":[2205],"product_tag":[2206],"class_list":{"0":"post-83449","1":"product","2":"type-product","3":"status-publish","5":"brand-epson","6":"product_cat-drucker","7":"product_tag-inkjetprinters","8":"pa_condition-new","9":"pa_coolblue-de-verzending-morgen-gratis-geliefert","10":"pa_ean-27189","12":"first","13":"instock","14":"product-type-external"},"acf":[],"_links":{"self":[{"href":"https:\/\/onlinehardwareshop.de\/index.php\/wp-json\/wp\/v2\/product\/83449","targetHints":{"allow":["GET"]}}],"collection":[{"href":"https:\/\/onlinehardwareshop.de\/index.php\/wp-json\/wp\/v2\/product"}],"about":[{"href":"https:\/\/onlinehardwareshop.de\/index.php\/wp-json\/wp\/v2\/types\/product"}],"replies":[{"embeddable":true,"href":"https:\/\/onlinehardwareshop.de\/index.php\/wp-json\/wp\/v2\/comments?post=83449"}],"wp:attachment":[{"href":"https:\/\/onlinehardwareshop.de\/index.php\/wp-json\/wp\/v2\/media?parent=83449"}],"wp:term":[{"taxonomy":"brand","embeddable":true,"href":"https:\/\/onlinehardwareshop.de\/index.php\/wp-json\/wp\/v2\/brand?post=83449"},{"taxonomy":"product_brand","embeddable":true,"href":"https:\/\/onlinehardwareshop.de\/index.php\/wp-json\/wp\/v2\/product_brand?post=83449"},{"taxonomy":"product_cat","embeddable":true,"href":"https:\/\/onlinehardwareshop.de\/index.php\/wp-json\/wp\/v2\/product_cat?post=83449"},{"taxonomy":"product_tag","embeddable":true,"href":"https:\/\/onlinehardwareshop.de\/index.php\/wp-json\/wp\/v2\/product_tag?post=83449"}],"curies":[{"name":"wp","href":"https:\/\/api.w.org\/{rel}","templated":true}]}}