{"id":83404,"date":"2024-04-14T11:05:40","date_gmt":"2024-04-14T11:05:40","guid":{"rendered":"https:\/\/onlinehardwareshop.de\/index.php\/produkt\/dji-om-magnetische-handyhalterung-4-2\/"},"modified":"2025-05-14T17:50:15","modified_gmt":"2025-05-14T17:50:15","slug":"dji-om-magnetische-handyhalterung-4","status":"publish","type":"product","link":"https:\/\/onlinehardwareshop.de\/index.php\/produkt\/dji-om-magnetische-handyhalterung-4\/","title":{"rendered":"DJI OM Magnetische Handyhalterung 4"},"content":{"rendered":"<p>Die DJI OM Magnetische Handyhalterung\u00a04 ist eine Ersatz-Handyhalterung f\u00fcr dein DJI Osmo Mobile Gimbal. So holst du dir eine zus\u00e4tzliche Halterung. Diese ist vor allem n\u00fctzlich, wenn du h\u00e4ufig mit mehreren Handys filmst. Du befestigst die Halterung \u00fcber den starken Magneten auf deinem Gimbal.<\/p>\n","protected":false},"excerpt":{"rendered":"<p>Die DJI OM Magnetische Handyhalterung\u00a04 ist eine Ersatz-Handyhalterung f\u00fcr dein DJI Osmo Mobile Gimbal. So holst du dir eine zus\u00e4tzliche Halterung. Diese ist vor allem n\u00fctzlich, wenn du h\u00e4ufig mit mehreren Handys filmst. Du befestigst die Halterung \u00fcber den starken Magneten auf deinem Gimbal.<\/p>\n","protected":false},"featured_media":0,"comment_status":"closed","ping_status":"open","template":"","meta":{"_acf_changed":false},"brand":[3664],"product_brand":[],"product_cat":[30341],"product_tag":[30342],"class_list":{"0":"post-83404","1":"product","2":"type-product","3":"status-publish","5":"brand-dji","6":"product_cat-stativadapter","7":"product_tag-statiefadapters","8":"pa_condition-new","9":"pa_coolblue-de-verzending-morgen-gratis-geliefert","10":"pa_ean-30339","11":"pa_mpn-cp-os-00000405-01","13":"first","14":"instock","15":"product-type-external"},"acf":[],"_links":{"self":[{"href":"https:\/\/onlinehardwareshop.de\/index.php\/wp-json\/wp\/v2\/product\/83404","targetHints":{"allow":["GET"]}}],"collection":[{"href":"https:\/\/onlinehardwareshop.de\/index.php\/wp-json\/wp\/v2\/product"}],"about":[{"href":"https:\/\/onlinehardwareshop.de\/index.php\/wp-json\/wp\/v2\/types\/product"}],"replies":[{"embeddable":true,"href":"https:\/\/onlinehardwareshop.de\/index.php\/wp-json\/wp\/v2\/comments?post=83404"}],"wp:attachment":[{"href":"https:\/\/onlinehardwareshop.de\/index.php\/wp-json\/wp\/v2\/media?parent=83404"}],"wp:term":[{"taxonomy":"brand","embeddable":true,"href":"https:\/\/onlinehardwareshop.de\/index.php\/wp-json\/wp\/v2\/brand?post=83404"},{"taxonomy":"product_brand","embeddable":true,"href":"https:\/\/onlinehardwareshop.de\/index.php\/wp-json\/wp\/v2\/product_brand?post=83404"},{"taxonomy":"product_cat","embeddable":true,"href":"https:\/\/onlinehardwareshop.de\/index.php\/wp-json\/wp\/v2\/product_cat?post=83404"},{"taxonomy":"product_tag","embeddable":true,"href":"https:\/\/onlinehardwareshop.de\/index.php\/wp-json\/wp\/v2\/product_tag?post=83404"}],"curies":[{"name":"wp","href":"https:\/\/api.w.org\/{rel}","templated":true}]}}