{"id":83386,"date":"2025-04-16T19:06:35","date_gmt":"2025-04-16T19:06:35","guid":{"rendered":"https:\/\/onlinehardwareshop.de\/index.php\/produkt\/marmitek-split-618-pro-2\/"},"modified":"2025-05-14T17:48:22","modified_gmt":"2025-05-14T17:48:22","slug":"marmitek-split-618-pro","status":"publish","type":"product","link":"https:\/\/onlinehardwareshop.de\/index.php\/produkt\/marmitek-split-618-pro\/","title":{"rendered":"Marmitek Split 618 Pro"},"content":{"rendered":"<p>Mit dem Marmitek Split 618 Pro verteilst du das HDMI-Signal eines Laptops oder Media Players auf acht Bildschirme. So zeigst du die gleiche Pr\u00e4sentation, das gleiche Video oder den gleichen Inhalt gleichzeitig auf mehreren Bildschirmen, zum Beispiel in Showrooms oder Konferenzr\u00e4umen. Dieser 4K-HDMI-Splitter unterst\u00fctzt die neuesten Ultra-HD-Ger\u00e4te und ist kompatibel mit HDMI-2.0 und HDCP-2.2. So genie\u00dft du gestochen scharfe Bilder und eine zuverl\u00e4ssige Signal\u00fcbertragung.<\/p>\n","protected":false},"excerpt":{"rendered":"<p>Mit dem Marmitek Split 618 Pro verteilst du das HDMI-Signal eines Laptops oder Media Players auf acht Bildschirme. So zeigst du die gleiche Pr\u00e4sentation, das gleiche Video oder den gleichen Inhalt gleichzeitig auf mehreren Bildschirmen, zum Beispiel in Showrooms oder Konferenzr\u00e4umen. Dieser 4K-HDMI-Splitter unterst\u00fctzt die neuesten Ultra-HD-Ger\u00e4te und ist kompatibel mit HDMI-2.0 und HDCP-2.2. So genie\u00dft du gestochen scharfe Bilder und eine zuverl\u00e4ssige Signal\u00fcbertragung.<\/p>\n","protected":false},"featured_media":0,"comment_status":"closed","ping_status":"open","template":"","meta":{"_acf_changed":false},"brand":[691],"product_brand":[],"product_cat":[692],"product_tag":[693],"class_list":{"0":"post-83386","1":"product","2":"type-product","3":"status-publish","5":"brand-marmitek","6":"product_cat-extender","7":"product_tag-extenders","8":"pa_condition-new","9":"pa_coolblue-de-verzending-morgen-gratis-geliefert","10":"pa_ean-26786","11":"pa_mpn-26787","13":"first","14":"instock","15":"product-type-external"},"acf":[],"_links":{"self":[{"href":"https:\/\/onlinehardwareshop.de\/index.php\/wp-json\/wp\/v2\/product\/83386","targetHints":{"allow":["GET"]}}],"collection":[{"href":"https:\/\/onlinehardwareshop.de\/index.php\/wp-json\/wp\/v2\/product"}],"about":[{"href":"https:\/\/onlinehardwareshop.de\/index.php\/wp-json\/wp\/v2\/types\/product"}],"replies":[{"embeddable":true,"href":"https:\/\/onlinehardwareshop.de\/index.php\/wp-json\/wp\/v2\/comments?post=83386"}],"wp:attachment":[{"href":"https:\/\/onlinehardwareshop.de\/index.php\/wp-json\/wp\/v2\/media?parent=83386"}],"wp:term":[{"taxonomy":"brand","embeddable":true,"href":"https:\/\/onlinehardwareshop.de\/index.php\/wp-json\/wp\/v2\/brand?post=83386"},{"taxonomy":"product_brand","embeddable":true,"href":"https:\/\/onlinehardwareshop.de\/index.php\/wp-json\/wp\/v2\/product_brand?post=83386"},{"taxonomy":"product_cat","embeddable":true,"href":"https:\/\/onlinehardwareshop.de\/index.php\/wp-json\/wp\/v2\/product_cat?post=83386"},{"taxonomy":"product_tag","embeddable":true,"href":"https:\/\/onlinehardwareshop.de\/index.php\/wp-json\/wp\/v2\/product_tag?post=83386"}],"curies":[{"name":"wp","href":"https:\/\/api.w.org\/{rel}","templated":true}]}}