{"id":83365,"date":"2024-05-21T06:45:48","date_gmt":"2024-05-21T06:45:48","guid":{"rendered":"https:\/\/onlinehardwareshop.de\/index.php\/produkt\/sony-playstation-pulse-explore-gaming-in-ear-kopfhrer-midnight-black-2\/"},"modified":"2025-05-14T17:46:20","modified_gmt":"2025-05-14T17:46:20","slug":"sony-playstation-pulse-explore-gaming-in-ear-kopfhrer-midnight-black","status":"publish","type":"product","link":"https:\/\/onlinehardwareshop.de\/index.php\/produkt\/sony-playstation-pulse-explore-gaming-in-ear-kopfhrer-midnight-black\/","title":{"rendered":"Sony PlayStation Pulse Explore Gaming In-Ear-Kopfh&#xF6;rer Midnight Black"},"content":{"rendered":"<p>Spiele deine Lieblingsspiele auf der PlayStation stilvoll mit den Sony PlayStation Pulse Explore Midnight Black Gaming-In-Ear-Kopfh\u00f6rern. Diese In-Ear-Kopfh\u00f6rer verbindest du ganz einfach \u00fcber Bluetooth mit deinem PC oder Smartphone. \u00dcber PlayStation Link koppelst du die Kopfh\u00f6rer an deine PlayStation\u00a05 und das PlayStation Portal. Dank PlayStation Link entgeht dir kein Detail deiner Games und du wechselst ganz einfach zwischen deinen Ger\u00e4ten. Die Mikrofone der Pulse Explore Gaming-In-Ear-Kopfh\u00f6rer sind mit Ger\u00e4uschunterdr\u00fcckung ausgestattet, damit deine Freunde dich immer gut verstehen. Dank der mitgelieferten drei Paar Ohreins\u00e4tze passen die Pulse Explore Gaming-In-Ear-Kopfh\u00f6rer in so gut wie jedes Ohr. Im Ladecase lassen sich die In-Ear-Kopfh\u00f6rer einfach verstauen, sodass deine In-Ear-Kopfh\u00f6rer f\u00fcr die n\u00e4chste Gaming-Session gleich wieder aufgeladen sind.<\/p>\n","protected":false},"excerpt":{"rendered":"<p>Spiele deine Lieblingsspiele auf der PlayStation stilvoll mit den Sony PlayStation Pulse Explore Midnight Black Gaming-In-Ear-Kopfh\u00f6rern. Diese In-Ear-Kopfh\u00f6rer verbindest du ganz einfach \u00fcber Bluetooth mit deinem PC oder Smartphone. \u00dcber PlayStation Link koppelst du die Kopfh\u00f6rer an deine PlayStation\u00a05 und das PlayStation Portal. Dank PlayStation Link entgeht dir kein Detail deiner Games und du wechselst ganz einfach zwischen deinen Ger\u00e4ten. Die Mikrofone der Pulse Explore Gaming-In-Ear-Kopfh\u00f6rer sind mit Ger\u00e4uschunterdr\u00fcckung ausgestattet, damit deine Freunde dich immer gut verstehen. Dank der mitgelieferten drei Paar Ohreins\u00e4tze passen die Pulse Explore Gaming-In-Ear-Kopfh\u00f6rer in so gut wie jedes Ohr. Im Ladecase lassen sich die In-Ear-Kopfh\u00f6rer einfach verstauen, sodass deine In-Ear-Kopfh\u00f6rer f\u00fcr die n\u00e4chste Gaming-Session gleich wieder aufgeladen sind.<\/p>\n","protected":false},"featured_media":0,"comment_status":"closed","ping_status":"open","template":"","meta":{"_acf_changed":false},"brand":[56],"product_brand":[],"product_cat":[3435],"product_tag":[3436],"class_list":{"0":"post-83365","1":"product","2":"type-product","3":"status-publish","5":"brand-sony","6":"product_cat-gaming-headsets","7":"product_tag-gaming-headsets","8":"pa_condition-new","9":"pa_coolblue-de-verzending-morgen-gratis-geliefert","10":"pa_ean-26759","11":"pa_mpn-26760","13":"first","14":"instock","15":"product-type-external"},"acf":[],"_links":{"self":[{"href":"https:\/\/onlinehardwareshop.de\/index.php\/wp-json\/wp\/v2\/product\/83365","targetHints":{"allow":["GET"]}}],"collection":[{"href":"https:\/\/onlinehardwareshop.de\/index.php\/wp-json\/wp\/v2\/product"}],"about":[{"href":"https:\/\/onlinehardwareshop.de\/index.php\/wp-json\/wp\/v2\/types\/product"}],"replies":[{"embeddable":true,"href":"https:\/\/onlinehardwareshop.de\/index.php\/wp-json\/wp\/v2\/comments?post=83365"}],"wp:attachment":[{"href":"https:\/\/onlinehardwareshop.de\/index.php\/wp-json\/wp\/v2\/media?parent=83365"}],"wp:term":[{"taxonomy":"brand","embeddable":true,"href":"https:\/\/onlinehardwareshop.de\/index.php\/wp-json\/wp\/v2\/brand?post=83365"},{"taxonomy":"product_brand","embeddable":true,"href":"https:\/\/onlinehardwareshop.de\/index.php\/wp-json\/wp\/v2\/product_brand?post=83365"},{"taxonomy":"product_cat","embeddable":true,"href":"https:\/\/onlinehardwareshop.de\/index.php\/wp-json\/wp\/v2\/product_cat?post=83365"},{"taxonomy":"product_tag","embeddable":true,"href":"https:\/\/onlinehardwareshop.de\/index.php\/wp-json\/wp\/v2\/product_tag?post=83365"}],"curies":[{"name":"wp","href":"https:\/\/api.w.org\/{rel}","templated":true}]}}