{"id":83364,"date":"2025-03-13T06:08:23","date_gmt":"2025-03-13T06:08:23","guid":{"rendered":"https:\/\/onlinehardwareshop.de\/index.php\/produkt\/sony-playstation-pulse-elite-headset-midnight-black-2\/"},"modified":"2025-05-14T17:46:15","modified_gmt":"2025-05-14T17:46:15","slug":"sony-playstation-pulse-elite-headset-midnight-black","status":"publish","type":"product","link":"https:\/\/onlinehardwareshop.de\/index.php\/produkt\/sony-playstation-pulse-elite-headset-midnight-black\/","title":{"rendered":"Sony PlayStation Pulse Elite Headset Midnight Black"},"content":{"rendered":"<p>Spiele deine Lieblingsspiele auf der PlayStation stilvoll mit dem Sony PlayStation Pulse Elite Midnight Black Gaming-Headset. Dieses Headset verbindest du \u00fcber den USB-A-Dongle oder Bluetooth kabellos mit deiner PlayStation\u00a05 und dem PlayStation Portal. L\u00e4stiger Kabelsalat beim Zocken bleibt dir damit erspart. Dank PlayStation Link entgeht dir kein Detail in deinen Spielen und du wechselst ganz einfach von einem Ger\u00e4t zum anderen. Mit Surround Sound umgibt dich der Ton des Spiels aus allen Richtungen, sodass du immer genau wei\u00dft, woher deine Gegner kommen. So bist du ihnen immer einen Schritt voraus. Au\u00dferdem kommunizierst du dank der Rauschunterdr\u00fcckung des Mikrofons online ohne Hintergrundger\u00e4usche mit deinen Freunden. So kommen deine Kommentare immer deutlich an. Die durchschnittliche Akkulaufzeit des Headsets betr\u00e4gt 30 Stunden. Damit spielst du stundenlang am St\u00fcck, ohne das Headset zwischendurch aufzuladen.  Hinweis: Das Gaming-Headset wurde f\u00fcr die PlayStation entwickelt, es l\u00e4sst sich aber auch kabellos am PC nutzen.<\/p>\n","protected":false},"excerpt":{"rendered":"<p>Spiele deine Lieblingsspiele auf der PlayStation stilvoll mit dem Sony PlayStation Pulse Elite Midnight Black Gaming-Headset. Dieses Headset verbindest du \u00fcber den USB-A-Dongle oder Bluetooth kabellos mit deiner PlayStation\u00a05 und dem PlayStation Portal. L\u00e4stiger Kabelsalat beim Zocken bleibt dir damit erspart. Dank PlayStation Link entgeht dir kein Detail in deinen Spielen und du wechselst ganz einfach von einem Ger\u00e4t zum anderen. Mit Surround Sound umgibt dich der Ton des Spiels aus allen Richtungen, sodass du immer genau wei\u00dft, woher deine Gegner kommen. So bist du ihnen immer einen Schritt voraus. Au\u00dferdem kommunizierst du dank der Rauschunterdr\u00fcckung des Mikrofons online ohne Hintergrundger\u00e4usche mit deinen Freunden. So kommen deine Kommentare immer deutlich an. Die durchschnittliche Akkulaufzeit des Headsets betr\u00e4gt 30 Stunden. Damit spielst du stundenlang am St\u00fcck, ohne das Headset zwischendurch aufzuladen.  Hinweis: Das Gaming-Headset wurde f\u00fcr die PlayStation entwickelt, es l\u00e4sst sich aber auch kabellos am PC nutzen.<\/p>\n","protected":false},"featured_media":0,"comment_status":"closed","ping_status":"open","template":"","meta":{"_acf_changed":false},"brand":[56],"product_brand":[],"product_cat":[3435],"product_tag":[3436],"class_list":{"0":"post-83364","1":"product","2":"type-product","3":"status-publish","5":"brand-sony","6":"product_cat-gaming-headsets","7":"product_tag-gaming-headsets","8":"pa_condition-new","9":"pa_coolblue-de-verzending-morgen-gratis-geliefert","10":"pa_ean-26757","11":"pa_mpn-26758","13":"first","14":"instock","15":"product-type-external"},"acf":[],"_links":{"self":[{"href":"https:\/\/onlinehardwareshop.de\/index.php\/wp-json\/wp\/v2\/product\/83364","targetHints":{"allow":["GET"]}}],"collection":[{"href":"https:\/\/onlinehardwareshop.de\/index.php\/wp-json\/wp\/v2\/product"}],"about":[{"href":"https:\/\/onlinehardwareshop.de\/index.php\/wp-json\/wp\/v2\/types\/product"}],"replies":[{"embeddable":true,"href":"https:\/\/onlinehardwareshop.de\/index.php\/wp-json\/wp\/v2\/comments?post=83364"}],"wp:attachment":[{"href":"https:\/\/onlinehardwareshop.de\/index.php\/wp-json\/wp\/v2\/media?parent=83364"}],"wp:term":[{"taxonomy":"brand","embeddable":true,"href":"https:\/\/onlinehardwareshop.de\/index.php\/wp-json\/wp\/v2\/brand?post=83364"},{"taxonomy":"product_brand","embeddable":true,"href":"https:\/\/onlinehardwareshop.de\/index.php\/wp-json\/wp\/v2\/product_brand?post=83364"},{"taxonomy":"product_cat","embeddable":true,"href":"https:\/\/onlinehardwareshop.de\/index.php\/wp-json\/wp\/v2\/product_cat?post=83364"},{"taxonomy":"product_tag","embeddable":true,"href":"https:\/\/onlinehardwareshop.de\/index.php\/wp-json\/wp\/v2\/product_tag?post=83364"}],"curies":[{"name":"wp","href":"https:\/\/api.w.org\/{rel}","templated":true}]}}