{"id":83287,"date":"2024-07-15T12:13:40","date_gmt":"2024-07-15T12:13:40","guid":{"rendered":"https:\/\/onlinehardwareshop.de\/index.php\/produkt\/bosch-tat8614n-kompakt-styline-rot-2\/"},"modified":"2025-05-14T17:39:26","modified_gmt":"2025-05-14T17:39:26","slug":"bosch-tat8614n-kompakt-styline-rot","status":"publish","type":"product","link":"https:\/\/onlinehardwareshop.de\/index.php\/produkt\/bosch-tat8614n-kompakt-styline-rot\/","title":{"rendered":"Bosch TAT8614N Kompakt Styline Rot"},"content":{"rendered":"<p>Dank des Bosch TAT8614N Kompakt Styline Toasters in Rot isst du immer leckeres Fr\u00fchst\u00fcck. Mit gleich neun R\u00f6ststufen toastest du dein Brot ganz nach deinem Geschmack. Wenn du dein Br\u00f6tchen aufw\u00e4rmen m\u00f6chtest, ist der Einsatz deines Backofens nicht mehr n\u00f6tig. Aufgrund der integrierten Auftau- und Aufw\u00e4rmstufe hast du im Nu knusprige Snacks parat. Selbst wenn du dein Essen nicht sofort isst, ist das kein Problem. Denn der versenkbare Br\u00f6tchenaufsatz sorgt daf\u00fcr, dass dein Toast warm bleibt. L\u00e4stiges Wegr\u00e4umen von Kr\u00fcmeln sparst du dir mit dem Bosch Toaster auch. Diese landen in der Kr\u00fcmelschublade, sodass du dir l\u00e4stige Putzarbeit sparst. Da das Ger\u00e4t eine automatische Abschaltfunktion besitzt, bist du auch stets auf der sicheren Seite.<\/p>\n","protected":false},"excerpt":{"rendered":"<p>Dank des Bosch TAT8614N Kompakt Styline Toasters in Rot isst du immer leckeres Fr\u00fchst\u00fcck. Mit gleich neun R\u00f6ststufen toastest du dein Brot ganz nach deinem Geschmack. Wenn du dein Br\u00f6tchen aufw\u00e4rmen m\u00f6chtest, ist der Einsatz deines Backofens nicht mehr n\u00f6tig. Aufgrund der integrierten Auftau- und Aufw\u00e4rmstufe hast du im Nu knusprige Snacks parat. Selbst wenn du dein Essen nicht sofort isst, ist das kein Problem. Denn der versenkbare Br\u00f6tchenaufsatz sorgt daf\u00fcr, dass dein Toast warm bleibt. L\u00e4stiges Wegr\u00e4umen von Kr\u00fcmeln sparst du dir mit dem Bosch Toaster auch. Diese landen in der Kr\u00fcmelschublade, sodass du dir l\u00e4stige Putzarbeit sparst. Da das Ger\u00e4t eine automatische Abschaltfunktion besitzt, bist du auch stets auf der sicheren Seite.<\/p>\n","protected":false},"featured_media":0,"comment_status":"closed","ping_status":"open","template":"","meta":{"_acf_changed":false},"brand":[250],"product_brand":[],"product_cat":[283],"product_tag":[284],"class_list":{"0":"post-83287","1":"product","2":"type-product","3":"status-publish","5":"brand-bosch","6":"product_cat-toaster","7":"product_tag-broodroosters","8":"pa_condition-new","9":"pa_coolblue-de-verzending-morgen-gratis-geliefert","10":"pa_ean-26692","11":"pa_mpn-tat8614n","13":"first","14":"instock","15":"product-type-external"},"acf":[],"_links":{"self":[{"href":"https:\/\/onlinehardwareshop.de\/index.php\/wp-json\/wp\/v2\/product\/83287","targetHints":{"allow":["GET"]}}],"collection":[{"href":"https:\/\/onlinehardwareshop.de\/index.php\/wp-json\/wp\/v2\/product"}],"about":[{"href":"https:\/\/onlinehardwareshop.de\/index.php\/wp-json\/wp\/v2\/types\/product"}],"replies":[{"embeddable":true,"href":"https:\/\/onlinehardwareshop.de\/index.php\/wp-json\/wp\/v2\/comments?post=83287"}],"wp:attachment":[{"href":"https:\/\/onlinehardwareshop.de\/index.php\/wp-json\/wp\/v2\/media?parent=83287"}],"wp:term":[{"taxonomy":"brand","embeddable":true,"href":"https:\/\/onlinehardwareshop.de\/index.php\/wp-json\/wp\/v2\/brand?post=83287"},{"taxonomy":"product_brand","embeddable":true,"href":"https:\/\/onlinehardwareshop.de\/index.php\/wp-json\/wp\/v2\/product_brand?post=83287"},{"taxonomy":"product_cat","embeddable":true,"href":"https:\/\/onlinehardwareshop.de\/index.php\/wp-json\/wp\/v2\/product_cat?post=83287"},{"taxonomy":"product_tag","embeddable":true,"href":"https:\/\/onlinehardwareshop.de\/index.php\/wp-json\/wp\/v2\/product_tag?post=83287"}],"curies":[{"name":"wp","href":"https:\/\/api.w.org\/{rel}","templated":true}]}}