{"id":83286,"date":"2024-11-01T23:20:13","date_gmt":"2024-11-01T23:20:13","guid":{"rendered":"https:\/\/onlinehardwareshop.de\/index.php\/produkt\/bosch-tat8611n-kompakt-styline-wei-2\/"},"modified":"2025-05-14T17:39:21","modified_gmt":"2025-05-14T17:39:21","slug":"bosch-tat8611n-kompakt-styline-wei","status":"publish","type":"product","link":"https:\/\/onlinehardwareshop.de\/index.php\/produkt\/bosch-tat8611n-kompakt-styline-wei\/","title":{"rendered":"Bosch TAT8611N Kompakt Styline Wei&#xDF;"},"content":{"rendered":"<p>Mit dem Bosch TAT8611N Kompakt Styline Toaster in Wei\u00df fr\u00fchst\u00fcckst du jeden Tag knuspriges Geb\u00e4ck. Gleich neun R\u00f6ststufen f\u00fcr unterschiedliche Brotsorten gibt es. Denn so toastest du den Snack genau nach deinem Geschmack. Du hast noch Br\u00f6tchen vom Vortag? Damit sie wie frisch aus dem Backofen schmecken, nutzt du die Aufw\u00e4rmfunktion. Auch das Auftauen von Geb\u00e4ck ist mit dem Bosch Toaster m\u00f6glich. Dank des integrierten und versenkbaren Br\u00f6tchenaufsatz bleiben deine Backwaren warm und lecker. Nach dem Toasten k\u00fcmmerst du dich nicht mehr um nerviges Wegputzen von \u00dcberresten. Die landen stattdessen in der Kr\u00fcmelschublade und nicht auf deiner Arbeitsplatte. Da das Ger\u00e4t eine automatische Abschaltfunktion besitzt, bist du stets auf der sicheren Seite.<\/p>\n","protected":false},"excerpt":{"rendered":"<p>Mit dem Bosch TAT8611N Kompakt Styline Toaster in Wei\u00df fr\u00fchst\u00fcckst du jeden Tag knuspriges Geb\u00e4ck. Gleich neun R\u00f6ststufen f\u00fcr unterschiedliche Brotsorten gibt es. Denn so toastest du den Snack genau nach deinem Geschmack. Du hast noch Br\u00f6tchen vom Vortag? Damit sie wie frisch aus dem Backofen schmecken, nutzt du die Aufw\u00e4rmfunktion. Auch das Auftauen von Geb\u00e4ck ist mit dem Bosch Toaster m\u00f6glich. Dank des integrierten und versenkbaren Br\u00f6tchenaufsatz bleiben deine Backwaren warm und lecker. Nach dem Toasten k\u00fcmmerst du dich nicht mehr um nerviges Wegputzen von \u00dcberresten. Die landen stattdessen in der Kr\u00fcmelschublade und nicht auf deiner Arbeitsplatte. Da das Ger\u00e4t eine automatische Abschaltfunktion besitzt, bist du stets auf der sicheren Seite.<\/p>\n","protected":false},"featured_media":0,"comment_status":"closed","ping_status":"open","template":"","meta":{"_acf_changed":false},"brand":[250],"product_brand":[],"product_cat":[283],"product_tag":[284],"class_list":{"0":"post-83286","1":"product","2":"type-product","3":"status-publish","5":"brand-bosch","6":"product_cat-toaster","7":"product_tag-broodroosters","8":"pa_condition-new","9":"pa_coolblue-de-verzending-morgen-gratis-geliefert","10":"pa_ean-26690","11":"pa_mpn-tat8611n","13":"first","14":"instock","15":"product-type-external"},"acf":[],"_links":{"self":[{"href":"https:\/\/onlinehardwareshop.de\/index.php\/wp-json\/wp\/v2\/product\/83286","targetHints":{"allow":["GET"]}}],"collection":[{"href":"https:\/\/onlinehardwareshop.de\/index.php\/wp-json\/wp\/v2\/product"}],"about":[{"href":"https:\/\/onlinehardwareshop.de\/index.php\/wp-json\/wp\/v2\/types\/product"}],"replies":[{"embeddable":true,"href":"https:\/\/onlinehardwareshop.de\/index.php\/wp-json\/wp\/v2\/comments?post=83286"}],"wp:attachment":[{"href":"https:\/\/onlinehardwareshop.de\/index.php\/wp-json\/wp\/v2\/media?parent=83286"}],"wp:term":[{"taxonomy":"brand","embeddable":true,"href":"https:\/\/onlinehardwareshop.de\/index.php\/wp-json\/wp\/v2\/brand?post=83286"},{"taxonomy":"product_brand","embeddable":true,"href":"https:\/\/onlinehardwareshop.de\/index.php\/wp-json\/wp\/v2\/product_brand?post=83286"},{"taxonomy":"product_cat","embeddable":true,"href":"https:\/\/onlinehardwareshop.de\/index.php\/wp-json\/wp\/v2\/product_cat?post=83286"},{"taxonomy":"product_tag","embeddable":true,"href":"https:\/\/onlinehardwareshop.de\/index.php\/wp-json\/wp\/v2\/product_tag?post=83286"}],"curies":[{"name":"wp","href":"https:\/\/api.w.org\/{rel}","templated":true}]}}