{"id":83256,"date":"2024-12-19T17:36:06","date_gmt":"2024-12-19T17:36:06","guid":{"rendered":"https:\/\/onlinehardwareshop.de\/index.php\/produkt\/corsair-vengeance-32gb-2x16gb-ddr5-dimm-6000mt-s-cl36-2\/"},"modified":"2025-05-14T17:36:21","modified_gmt":"2025-05-14T17:36:21","slug":"corsair-vengeance-32gb-2x16gb-ddr5-dimm-6000mt-s-cl36","status":"publish","type":"product","link":"https:\/\/onlinehardwareshop.de\/index.php\/produkt\/corsair-vengeance-32gb-2x16gb-ddr5-dimm-6000mt-s-cl36\/","title":{"rendered":"Corsair Vengeance 32GB (2x16GB) DDR5 DIMM 6000&#xA0;MT\/s CL36"},"content":{"rendered":"<p>Hinweis: Dieser DDR5-DIMM-RAM ist nur f\u00fcr PCs geeignet, nicht aber f\u00fcr Laptops oder Macs. Der PC ben\u00f6tigt dazu einen DDR5-Anschluss. \u00dcberpr\u00fcfe dies \u00fcber Windows Task-Manager > Mehr Details > unter dem Reiter &#8222;Leistung&#8220;. Unter &#8222;Speicher&#8220; steht dann DDR5. Ein DDR5-Speichermodul funktioniert nicht mit einem DDR3- oder DDR4-Motherboard. Au\u00dferdem ben\u00f6tigst du mindestens einen Intel Prozessor der 12. Generation oder einen Ryzen Prozessor der 7000er Serie.  Erweitere den Arbeitsspeicher deines Gaming-PCs mit dem Corsair Vengeance 32\u00a0GB (2&#215;16\u00a0GB) DDR5 DIMM 6000\u00a0MT\/s CL36. Mit einer Taktfrequenz von 6.000\u00a0MHz ist der Arbeitsspeicher blitzschnell. Diese zwei Speichermodule verwendest du im Dual-Channel-Modus. Dadurch arbeiten sie schneller. Der gesamte Arbeitsspeicher betr\u00e4gt 32\u00a0GB. Mit der Unterst\u00fctzung von XMP 2.0 steuerst du die Einstellungen des Moduls. Der Vengeance 32\u00a0GB eignet sich f\u00fcr Android, Chrome, Linux, Synology und Windows Ger\u00e4te. Au\u00dferdem haben diese neuen DDR5-Module eine bessere W\u00e4rmeableitung, wodurch sie l\u00e4nger halten. Auf das Modul gibt es eine lebenslange Garantie.<\/p>\n","protected":false},"excerpt":{"rendered":"<p>Hinweis: Dieser DDR5-DIMM-RAM ist nur f\u00fcr PCs geeignet, nicht aber f\u00fcr Laptops oder Macs. Der PC ben\u00f6tigt dazu einen DDR5-Anschluss. \u00dcberpr\u00fcfe dies \u00fcber Windows Task-Manager > Mehr Details > unter dem Reiter &#8222;Leistung&#8220;. Unter &#8222;Speicher&#8220; steht dann DDR5. Ein DDR5-Speichermodul funktioniert nicht mit einem DDR3- oder DDR4-Motherboard. Au\u00dferdem ben\u00f6tigst du mindestens einen Intel Prozessor der 12. Generation oder einen Ryzen Prozessor der 7000er Serie.  Erweitere den Arbeitsspeicher deines Gaming-PCs mit dem Corsair Vengeance 32\u00a0GB (2&#215;16\u00a0GB) DDR5 DIMM 6000\u00a0MT\/s CL36. Mit einer Taktfrequenz von 6.000\u00a0MHz ist der Arbeitsspeicher blitzschnell. Diese zwei Speichermodule verwendest du im Dual-Channel-Modus. Dadurch arbeiten sie schneller. Der gesamte Arbeitsspeicher betr\u00e4gt 32\u00a0GB. Mit der Unterst\u00fctzung von XMP 2.0 steuerst du die Einstellungen des Moduls. Der Vengeance 32\u00a0GB eignet sich f\u00fcr Android, Chrome, Linux, Synology und Windows Ger\u00e4te. Au\u00dferdem haben diese neuen DDR5-Module eine bessere W\u00e4rmeableitung, wodurch sie l\u00e4nger halten. Auf das Modul gibt es eine lebenslange Garantie.<\/p>\n","protected":false},"featured_media":0,"comment_status":"closed","ping_status":"open","template":"","meta":{"_acf_changed":false},"brand":[1900],"product_brand":[],"product_cat":[2796],"product_tag":[2797],"class_list":{"0":"post-83256","1":"product","2":"type-product","3":"status-publish","5":"brand-corsair","6":"product_cat-ram","7":"product_tag-intern-geheugen-voor-desktop","8":"pa_condition-new","9":"pa_coolblue-de-verzending-morgen-gratis-geliefert","10":"pa_ean-26629","11":"pa_mpn-cmk32gx5m2e6000z36","13":"first","14":"instock","15":"product-type-external"},"acf":[],"_links":{"self":[{"href":"https:\/\/onlinehardwareshop.de\/index.php\/wp-json\/wp\/v2\/product\/83256","targetHints":{"allow":["GET"]}}],"collection":[{"href":"https:\/\/onlinehardwareshop.de\/index.php\/wp-json\/wp\/v2\/product"}],"about":[{"href":"https:\/\/onlinehardwareshop.de\/index.php\/wp-json\/wp\/v2\/types\/product"}],"replies":[{"embeddable":true,"href":"https:\/\/onlinehardwareshop.de\/index.php\/wp-json\/wp\/v2\/comments?post=83256"}],"wp:attachment":[{"href":"https:\/\/onlinehardwareshop.de\/index.php\/wp-json\/wp\/v2\/media?parent=83256"}],"wp:term":[{"taxonomy":"brand","embeddable":true,"href":"https:\/\/onlinehardwareshop.de\/index.php\/wp-json\/wp\/v2\/brand?post=83256"},{"taxonomy":"product_brand","embeddable":true,"href":"https:\/\/onlinehardwareshop.de\/index.php\/wp-json\/wp\/v2\/product_brand?post=83256"},{"taxonomy":"product_cat","embeddable":true,"href":"https:\/\/onlinehardwareshop.de\/index.php\/wp-json\/wp\/v2\/product_cat?post=83256"},{"taxonomy":"product_tag","embeddable":true,"href":"https:\/\/onlinehardwareshop.de\/index.php\/wp-json\/wp\/v2\/product_tag?post=83256"}],"curies":[{"name":"wp","href":"https:\/\/api.w.org\/{rel}","templated":true}]}}