{"id":83245,"date":"2024-03-25T20:48:08","date_gmt":"2024-03-25T20:48:08","guid":{"rendered":"https:\/\/onlinehardwareshop.de\/index.php\/produkt\/sumup-solo-lite-mobiles-kartenlesegert-ladestation-2\/"},"modified":"2025-05-14T17:35:25","modified_gmt":"2025-05-14T17:35:25","slug":"sumup-solo-lite-mobiles-kartenlesegert-ladestation","status":"publish","type":"product","link":"https:\/\/onlinehardwareshop.de\/index.php\/produkt\/sumup-solo-lite-mobiles-kartenlesegert-ladestation\/","title":{"rendered":"SumUp Solo Lite Mobiles Kartenleseger&#xE4;t + Ladestation"},"content":{"rendered":"<p>Mit dem SumUp Solo Lite Mobilen Kartenleseger\u00e4t + Ladestation empf\u00e4ngst du \u00fcberall Zahlungen, ohne dass dir der Akku ausgeht. Platziere dein Ger\u00e4t zwischen den Zahlungen in die Ladestation, und dein SumUp l\u00e4dt automatisch auf. Verbinde dein Tablet oder Smartphone und lege sofort los. Es gibt keinen langen Verifizierungsprozess und kaum Papierkram. Allerdings brauchst du eine Handelsregisternummer. Gib die Betr\u00e4ge auf deinem Smartphone oder Tablet ein und der Kunde bezahlt per Girokarte, Kreditkarte oder kontaktlos \u00fcber zum Beispiel Apple Pay oder Google Pay. Pro Transaktion zahlst du in den Niederlanden 1,90\u00a0%, in Deutschland 1,39\u00a0% und in Belgien 1,69\u00a0% Transaktionsgeb\u00fchren. Dies gilt f\u00fcr alle Girokarten, Kreditkarten und Smartphones, f\u00fcr ausl\u00e4ndische Kreditkarten fallen keine zus\u00e4tzlichen Geb\u00fchren an. Zur Nutzung des Solo Lite ben\u00f6tigst du ein Smartphone oder Tablet, das mit Bluetooth verbunden ist. Es fallen keine Abonnements- oder Einrichtungsgeb\u00fchren an. Mit einer Aufladung f\u00fchrst du bis zu 1.000 Transaktionen durch. Das Geld ist innerhalb von 1-2 Werktagen auf deinem Konto.<\/p>\n","protected":false},"excerpt":{"rendered":"<p>Mit dem SumUp Solo Lite Mobilen Kartenleseger\u00e4t + Ladestation empf\u00e4ngst du \u00fcberall Zahlungen, ohne dass dir der Akku ausgeht. Platziere dein Ger\u00e4t zwischen den Zahlungen in die Ladestation, und dein SumUp l\u00e4dt automatisch auf. Verbinde dein Tablet oder Smartphone und lege sofort los. Es gibt keinen langen Verifizierungsprozess und kaum Papierkram. Allerdings brauchst du eine Handelsregisternummer. Gib die Betr\u00e4ge auf deinem Smartphone oder Tablet ein und der Kunde bezahlt per Girokarte, Kreditkarte oder kontaktlos \u00fcber zum Beispiel Apple Pay oder Google Pay. Pro Transaktion zahlst du in den Niederlanden 1,90\u00a0%, in Deutschland 1,39\u00a0% und in Belgien 1,69\u00a0% Transaktionsgeb\u00fchren. Dies gilt f\u00fcr alle Girokarten, Kreditkarten und Smartphones, f\u00fcr ausl\u00e4ndische Kreditkarten fallen keine zus\u00e4tzlichen Geb\u00fchren an. Zur Nutzung des Solo Lite ben\u00f6tigst du ein Smartphone oder Tablet, das mit Bluetooth verbunden ist. Es fallen keine Abonnements- oder Einrichtungsgeb\u00fchren an. Mit einer Aufladung f\u00fchrst du bis zu 1.000 Transaktionen durch. Das Geld ist innerhalb von 1-2 Werktagen auf deinem Konto.<\/p>\n","protected":false},"featured_media":0,"comment_status":"closed","ping_status":"open","template":"","meta":{"_acf_changed":false},"brand":[2919],"product_brand":[],"product_cat":[2920],"product_tag":[2921],"class_list":{"0":"post-83245","1":"product","2":"type-product","3":"status-publish","5":"brand-sumup","6":"product_cat-mobile-kartenlesegerte","7":"product_tag-mobiele-pinautomaten","8":"pa_condition-new","9":"pa_coolblue-de-verzending-morgen-gratis-geliefert","10":"pa_ean-26627","11":"pa_mpn-bun-sul-003","13":"first","14":"instock","15":"product-type-external"},"acf":[],"_links":{"self":[{"href":"https:\/\/onlinehardwareshop.de\/index.php\/wp-json\/wp\/v2\/product\/83245","targetHints":{"allow":["GET"]}}],"collection":[{"href":"https:\/\/onlinehardwareshop.de\/index.php\/wp-json\/wp\/v2\/product"}],"about":[{"href":"https:\/\/onlinehardwareshop.de\/index.php\/wp-json\/wp\/v2\/types\/product"}],"replies":[{"embeddable":true,"href":"https:\/\/onlinehardwareshop.de\/index.php\/wp-json\/wp\/v2\/comments?post=83245"}],"wp:attachment":[{"href":"https:\/\/onlinehardwareshop.de\/index.php\/wp-json\/wp\/v2\/media?parent=83245"}],"wp:term":[{"taxonomy":"brand","embeddable":true,"href":"https:\/\/onlinehardwareshop.de\/index.php\/wp-json\/wp\/v2\/brand?post=83245"},{"taxonomy":"product_brand","embeddable":true,"href":"https:\/\/onlinehardwareshop.de\/index.php\/wp-json\/wp\/v2\/product_brand?post=83245"},{"taxonomy":"product_cat","embeddable":true,"href":"https:\/\/onlinehardwareshop.de\/index.php\/wp-json\/wp\/v2\/product_cat?post=83245"},{"taxonomy":"product_tag","embeddable":true,"href":"https:\/\/onlinehardwareshop.de\/index.php\/wp-json\/wp\/v2\/product_tag?post=83245"}],"curies":[{"name":"wp","href":"https:\/\/api.w.org\/{rel}","templated":true}]}}