{"id":83243,"date":"2024-02-19T04:51:15","date_gmt":"2024-02-19T04:51:15","guid":{"rendered":"https:\/\/onlinehardwareshop.de\/index.php\/produkt\/corsair-hs80-max-wireless-wei-2\/"},"modified":"2025-05-14T17:35:15","modified_gmt":"2025-05-14T17:35:15","slug":"corsair-hs80-max-wireless-wei","status":"publish","type":"product","link":"https:\/\/onlinehardwareshop.de\/index.php\/produkt\/corsair-hs80-max-wireless-wei\/","title":{"rendered":"Corsair HS80 Max Wireless Wei&#xDF;"},"content":{"rendered":"<p>Mit dem Corsair HS80 Max Wireless Wei\u00df Gaming-Headset spielst du deine Lieblingsspiele und kommunizierst mit deinem Team. Du verbindest das Headset \u00fcber den USB-C-Dongle kabellos mit deiner PlayStation oder deinem PC. So nutzt du beim Gaming auf deinem PC auch Bluetooth und hast keinen Kabelsalat. Die durchschnittliche Akkulaufzeit des Headsets betr\u00e4gt 65 Stunden. Du spielst also lange am St\u00fcck, ohne das Headset aufladen zu m\u00fcssen. Dank 360-Grad Surround Sound erlebst du dein Spiel intensiver und h\u00f6rst genau, aus welcher Richtung deine Gegner kommen. So bist du ihnen immer einen Schritt voraus. Dank der Ger\u00e4uschunterdr\u00fcckung des Mikrofons kommunizierst du mit deinen Freunden online ohne Hintergrundger\u00e4usche. So kommen deine Kommentare immer klar und deutlich an. Spielst du \u00f6fter im Single-Player-Modus oder ben\u00f6tigst kein Mikrofon? Dann klappe das Mikrofon vom Headset einfach ein.<\/p>\n","protected":false},"excerpt":{"rendered":"<p>Mit dem Corsair HS80 Max Wireless Wei\u00df Gaming-Headset spielst du deine Lieblingsspiele und kommunizierst mit deinem Team. Du verbindest das Headset \u00fcber den USB-C-Dongle kabellos mit deiner PlayStation oder deinem PC. So nutzt du beim Gaming auf deinem PC auch Bluetooth und hast keinen Kabelsalat. Die durchschnittliche Akkulaufzeit des Headsets betr\u00e4gt 65 Stunden. Du spielst also lange am St\u00fcck, ohne das Headset aufladen zu m\u00fcssen. Dank 360-Grad Surround Sound erlebst du dein Spiel intensiver und h\u00f6rst genau, aus welcher Richtung deine Gegner kommen. So bist du ihnen immer einen Schritt voraus. Dank der Ger\u00e4uschunterdr\u00fcckung des Mikrofons kommunizierst du mit deinen Freunden online ohne Hintergrundger\u00e4usche. So kommen deine Kommentare immer klar und deutlich an. Spielst du \u00f6fter im Single-Player-Modus oder ben\u00f6tigst kein Mikrofon? Dann klappe das Mikrofon vom Headset einfach ein.<\/p>\n","protected":false},"featured_media":0,"comment_status":"closed","ping_status":"open","template":"","meta":{"_acf_changed":false},"brand":[1900],"product_brand":[],"product_cat":[3435],"product_tag":[3436],"class_list":{"0":"post-83243","1":"product","2":"type-product","3":"status-publish","5":"brand-corsair","6":"product_cat-gaming-headsets","7":"product_tag-gaming-headsets","8":"pa_condition-new","9":"pa_coolblue-de-verzending-morgen-gratis-geliefert","10":"pa_ean-26623","11":"pa_mpn-26624","13":"first","14":"instock","15":"product-type-external"},"acf":[],"_links":{"self":[{"href":"https:\/\/onlinehardwareshop.de\/index.php\/wp-json\/wp\/v2\/product\/83243","targetHints":{"allow":["GET"]}}],"collection":[{"href":"https:\/\/onlinehardwareshop.de\/index.php\/wp-json\/wp\/v2\/product"}],"about":[{"href":"https:\/\/onlinehardwareshop.de\/index.php\/wp-json\/wp\/v2\/types\/product"}],"replies":[{"embeddable":true,"href":"https:\/\/onlinehardwareshop.de\/index.php\/wp-json\/wp\/v2\/comments?post=83243"}],"wp:attachment":[{"href":"https:\/\/onlinehardwareshop.de\/index.php\/wp-json\/wp\/v2\/media?parent=83243"}],"wp:term":[{"taxonomy":"brand","embeddable":true,"href":"https:\/\/onlinehardwareshop.de\/index.php\/wp-json\/wp\/v2\/brand?post=83243"},{"taxonomy":"product_brand","embeddable":true,"href":"https:\/\/onlinehardwareshop.de\/index.php\/wp-json\/wp\/v2\/product_brand?post=83243"},{"taxonomy":"product_cat","embeddable":true,"href":"https:\/\/onlinehardwareshop.de\/index.php\/wp-json\/wp\/v2\/product_cat?post=83243"},{"taxonomy":"product_tag","embeddable":true,"href":"https:\/\/onlinehardwareshop.de\/index.php\/wp-json\/wp\/v2\/product_tag?post=83243"}],"curies":[{"name":"wp","href":"https:\/\/api.w.org\/{rel}","templated":true}]}}