{"id":83235,"date":"2025-01-23T21:23:51","date_gmt":"2025-01-23T21:23:51","guid":{"rendered":"https:\/\/onlinehardwareshop.de\/index.php\/produkt\/grill-guru-pizzastein-medium-36cm-2\/"},"modified":"2025-05-14T17:34:32","modified_gmt":"2025-05-14T17:34:32","slug":"grill-guru-pizzastein-medium-36cm","status":"publish","type":"product","link":"https:\/\/onlinehardwareshop.de\/index.php\/produkt\/grill-guru-pizzastein-medium-36cm\/","title":{"rendered":"Grill Guru Pizzastein Medium 36&#xA0;cm"},"content":{"rendered":"<p>Backe k\u00f6stliche Pizzen auf deinem Kamado-Grill mit dem Grill Guru Pizzastein Medium 36\u00a0cm. Die Keramik verteilt die W\u00e4rme gleichm\u00e4\u00dfig, sodass deine Pizza eine knusprige Kruste bekommt. Bereite Pizzen mit einem Durchmesser von bis zu 36\u00a0cm zu. Achtung: Der Stein ist nach dem Gebrauch hei\u00df. Ber\u00fchre ihn nicht ohne Schutz oder passendes Werkzeug.<\/p>\n","protected":false},"excerpt":{"rendered":"<p>Backe k\u00f6stliche Pizzen auf deinem Kamado-Grill mit dem Grill Guru Pizzastein Medium 36\u00a0cm. Die Keramik verteilt die W\u00e4rme gleichm\u00e4\u00dfig, sodass deine Pizza eine knusprige Kruste bekommt. Bereite Pizzen mit einem Durchmesser von bis zu 36\u00a0cm zu. Achtung: Der Stein ist nach dem Gebrauch hei\u00df. Ber\u00fchre ihn nicht ohne Schutz oder passendes Werkzeug.<\/p>\n","protected":false},"featured_media":0,"comment_status":"closed","ping_status":"open","template":"","meta":{"_acf_changed":false},"brand":[17700],"product_brand":[],"product_cat":[11378],"product_tag":[11379],"class_list":{"0":"post-83235","1":"product","2":"type-product","3":"status-publish","5":"brand-grill-guru","6":"product_cat-pizzasteine","7":"product_tag-pizzastenen","8":"pa_condition-new","9":"pa_coolblue-de-verzending-morgen-gratis-geliefert","10":"pa_ean-28324","11":"pa_mpn-gg141","13":"first","14":"instock","15":"product-type-external"},"acf":[],"_links":{"self":[{"href":"https:\/\/onlinehardwareshop.de\/index.php\/wp-json\/wp\/v2\/product\/83235","targetHints":{"allow":["GET"]}}],"collection":[{"href":"https:\/\/onlinehardwareshop.de\/index.php\/wp-json\/wp\/v2\/product"}],"about":[{"href":"https:\/\/onlinehardwareshop.de\/index.php\/wp-json\/wp\/v2\/types\/product"}],"replies":[{"embeddable":true,"href":"https:\/\/onlinehardwareshop.de\/index.php\/wp-json\/wp\/v2\/comments?post=83235"}],"wp:attachment":[{"href":"https:\/\/onlinehardwareshop.de\/index.php\/wp-json\/wp\/v2\/media?parent=83235"}],"wp:term":[{"taxonomy":"brand","embeddable":true,"href":"https:\/\/onlinehardwareshop.de\/index.php\/wp-json\/wp\/v2\/brand?post=83235"},{"taxonomy":"product_brand","embeddable":true,"href":"https:\/\/onlinehardwareshop.de\/index.php\/wp-json\/wp\/v2\/product_brand?post=83235"},{"taxonomy":"product_cat","embeddable":true,"href":"https:\/\/onlinehardwareshop.de\/index.php\/wp-json\/wp\/v2\/product_cat?post=83235"},{"taxonomy":"product_tag","embeddable":true,"href":"https:\/\/onlinehardwareshop.de\/index.php\/wp-json\/wp\/v2\/product_tag?post=83235"}],"curies":[{"name":"wp","href":"https:\/\/api.w.org\/{rel}","templated":true}]}}