{"id":83082,"date":"2024-10-27T15:01:32","date_gmt":"2024-10-27T15:01:32","guid":{"rendered":"https:\/\/onlinehardwareshop.de\/index.php\/produkt\/boya-mini-ultra-mini-schwarz-usb-c-2\/"},"modified":"2025-05-14T17:20:36","modified_gmt":"2025-05-14T17:20:36","slug":"boya-mini-ultra-mini-schwarz-usb-c","status":"publish","type":"product","link":"https:\/\/onlinehardwareshop.de\/index.php\/produkt\/boya-mini-ultra-mini-schwarz-usb-c\/","title":{"rendered":"Boya Mini Ultra-Mini Schwarz (USB-C)"},"content":{"rendered":"<p>Beim Boya Mini Ultra-Mini Schwarz (USB-C) handelt es sich um ein Set aus zwei unscheinbaren Mikrofonen und einem USB-C-Empf\u00e4nger. Du verwendest diesen Empf\u00e4nger mit einem Smartphone mit USB-C-Ladeanschluss, um damit zum Beispiel Inhalte f\u00fcr deine Social-Media-Kan\u00e4le aufzunehmen. Die Mikrofone sind sehr kompakt und fallen w\u00e4hrend der Aufnahme kaum auf. Du klemmst sie einfach mit dem Clip an deinen Kragen. Sie haben au\u00dferdem eine Akkulaufzeit von sechs Stunden. Im mitgelieferten Ladecase l\u00e4dst du sowohl die Mikrofone als auch den Empf\u00e4nger kabellos auf. So filmst du zum Beispiel an einem Drehort schnell weiter.<\/p>\n","protected":false},"excerpt":{"rendered":"<p>Beim Boya Mini Ultra-Mini Schwarz (USB-C) handelt es sich um ein Set aus zwei unscheinbaren Mikrofonen und einem USB-C-Empf\u00e4nger. Du verwendest diesen Empf\u00e4nger mit einem Smartphone mit USB-C-Ladeanschluss, um damit zum Beispiel Inhalte f\u00fcr deine Social-Media-Kan\u00e4le aufzunehmen. Die Mikrofone sind sehr kompakt und fallen w\u00e4hrend der Aufnahme kaum auf. Du klemmst sie einfach mit dem Clip an deinen Kragen. Sie haben au\u00dferdem eine Akkulaufzeit von sechs Stunden. Im mitgelieferten Ladecase l\u00e4dst du sowohl die Mikrofone als auch den Empf\u00e4nger kabellos auf. So filmst du zum Beispiel an einem Drehort schnell weiter.<\/p>\n","protected":false},"featured_media":0,"comment_status":"closed","ping_status":"open","template":"","meta":{"_acf_changed":false},"brand":[3417],"product_brand":[],"product_cat":[1570],"product_tag":[1571],"class_list":{"0":"post-83082","1":"product","2":"type-product","3":"status-publish","5":"brand-boya","6":"product_cat-kameramikrofone","7":"product_tag-cameramicrofoons","8":"pa_condition-new","9":"pa_coolblue-de-verzending-morgen-gratis-geliefert","10":"pa_ean-26450","11":"pa_mpn-26451","13":"first","14":"instock","15":"product-type-external"},"acf":[],"_links":{"self":[{"href":"https:\/\/onlinehardwareshop.de\/index.php\/wp-json\/wp\/v2\/product\/83082","targetHints":{"allow":["GET"]}}],"collection":[{"href":"https:\/\/onlinehardwareshop.de\/index.php\/wp-json\/wp\/v2\/product"}],"about":[{"href":"https:\/\/onlinehardwareshop.de\/index.php\/wp-json\/wp\/v2\/types\/product"}],"replies":[{"embeddable":true,"href":"https:\/\/onlinehardwareshop.de\/index.php\/wp-json\/wp\/v2\/comments?post=83082"}],"wp:attachment":[{"href":"https:\/\/onlinehardwareshop.de\/index.php\/wp-json\/wp\/v2\/media?parent=83082"}],"wp:term":[{"taxonomy":"brand","embeddable":true,"href":"https:\/\/onlinehardwareshop.de\/index.php\/wp-json\/wp\/v2\/brand?post=83082"},{"taxonomy":"product_brand","embeddable":true,"href":"https:\/\/onlinehardwareshop.de\/index.php\/wp-json\/wp\/v2\/product_brand?post=83082"},{"taxonomy":"product_cat","embeddable":true,"href":"https:\/\/onlinehardwareshop.de\/index.php\/wp-json\/wp\/v2\/product_cat?post=83082"},{"taxonomy":"product_tag","embeddable":true,"href":"https:\/\/onlinehardwareshop.de\/index.php\/wp-json\/wp\/v2\/product_tag?post=83082"}],"curies":[{"name":"wp","href":"https:\/\/api.w.org\/{rel}","templated":true}]}}