{"id":83080,"date":"2024-06-08T19:35:16","date_gmt":"2024-06-08T19:35:16","guid":{"rendered":"https:\/\/onlinehardwareshop.de\/index.php\/produkt\/boya-mini-ultra-mini-schwarz-usb-c-und-lightning-2\/"},"modified":"2025-05-14T17:20:26","modified_gmt":"2025-05-14T17:20:26","slug":"boya-mini-ultra-mini-schwarz-usb-c-und-lightning","status":"publish","type":"product","link":"https:\/\/onlinehardwareshop.de\/index.php\/produkt\/boya-mini-ultra-mini-schwarz-usb-c-und-lightning\/","title":{"rendered":"Boya Mini Ultra-Mini Schwarz (USB-C und Lightning)"},"content":{"rendered":"<p>Beim Boya Mini Ultra-Mini Schwarz (USB-C und Lightning) handelt es sich um ein Set aus zwei unscheinbaren Mikrofonen und zwei Empf\u00e4ngern. Du erh\u00e4ltst einen Empf\u00e4nger mit USB-C-Anschluss und einen mit Lightning Anschluss. So verwendest du sie mit verschiedenen Smartphones. Die Mikrofone sind sehr kompakt und fallen w\u00e4hrend der Aufnahme kaum auf. Du klemmst sie einfach mit dem Clip an deinen Kragen. Sie haben au\u00dferdem eine Akkulaufzeit von sechs Stunden. Im mitgelieferten Ladecase l\u00e4dst du die Mikrofone und einen der Empf\u00e4nger kabellos auf. So filmst du zum Beispiel an einem Drehort schnell weiter.<\/p>\n","protected":false},"excerpt":{"rendered":"<p>Beim Boya Mini Ultra-Mini Schwarz (USB-C und Lightning) handelt es sich um ein Set aus zwei unscheinbaren Mikrofonen und zwei Empf\u00e4ngern. Du erh\u00e4ltst einen Empf\u00e4nger mit USB-C-Anschluss und einen mit Lightning Anschluss. So verwendest du sie mit verschiedenen Smartphones. Die Mikrofone sind sehr kompakt und fallen w\u00e4hrend der Aufnahme kaum auf. Du klemmst sie einfach mit dem Clip an deinen Kragen. Sie haben au\u00dferdem eine Akkulaufzeit von sechs Stunden. Im mitgelieferten Ladecase l\u00e4dst du die Mikrofone und einen der Empf\u00e4nger kabellos auf. So filmst du zum Beispiel an einem Drehort schnell weiter.<\/p>\n","protected":false},"featured_media":0,"comment_status":"closed","ping_status":"open","template":"","meta":{"_acf_changed":false},"brand":[3417],"product_brand":[],"product_cat":[1570],"product_tag":[1571],"class_list":{"0":"post-83080","1":"product","2":"type-product","3":"status-publish","5":"brand-boya","6":"product_cat-kameramikrofone","7":"product_tag-cameramicrofoons","8":"pa_condition-new","9":"pa_coolblue-de-verzending-morgen-gratis-geliefert","10":"pa_ean-26446","11":"pa_mpn-26447","13":"first","14":"instock","15":"product-type-external"},"acf":[],"_links":{"self":[{"href":"https:\/\/onlinehardwareshop.de\/index.php\/wp-json\/wp\/v2\/product\/83080","targetHints":{"allow":["GET"]}}],"collection":[{"href":"https:\/\/onlinehardwareshop.de\/index.php\/wp-json\/wp\/v2\/product"}],"about":[{"href":"https:\/\/onlinehardwareshop.de\/index.php\/wp-json\/wp\/v2\/types\/product"}],"replies":[{"embeddable":true,"href":"https:\/\/onlinehardwareshop.de\/index.php\/wp-json\/wp\/v2\/comments?post=83080"}],"wp:attachment":[{"href":"https:\/\/onlinehardwareshop.de\/index.php\/wp-json\/wp\/v2\/media?parent=83080"}],"wp:term":[{"taxonomy":"brand","embeddable":true,"href":"https:\/\/onlinehardwareshop.de\/index.php\/wp-json\/wp\/v2\/brand?post=83080"},{"taxonomy":"product_brand","embeddable":true,"href":"https:\/\/onlinehardwareshop.de\/index.php\/wp-json\/wp\/v2\/product_brand?post=83080"},{"taxonomy":"product_cat","embeddable":true,"href":"https:\/\/onlinehardwareshop.de\/index.php\/wp-json\/wp\/v2\/product_cat?post=83080"},{"taxonomy":"product_tag","embeddable":true,"href":"https:\/\/onlinehardwareshop.de\/index.php\/wp-json\/wp\/v2\/product_tag?post=83080"}],"curies":[{"name":"wp","href":"https:\/\/api.w.org\/{rel}","templated":true}]}}