{"id":82956,"date":"2024-01-28T08:32:01","date_gmt":"2024-01-28T08:32:01","guid":{"rendered":"https:\/\/onlinehardwareshop.de\/index.php\/produkt\/garmin-instinct-e-40mm-schwarz-grau-2\/"},"modified":"2025-05-14T17:10:05","modified_gmt":"2025-05-14T17:10:05","slug":"garmin-instinct-e-40mm-schwarz-grau","status":"publish","type":"product","link":"https:\/\/onlinehardwareshop.de\/index.php\/produkt\/garmin-instinct-e-40mm-schwarz-grau\/","title":{"rendered":"Garmin Instinct E 40&#xA0;mm Schwarz\/Grau"},"content":{"rendered":"<p>Die Garmin Instinct E 40\u00a0mm Schwarz\/Grau ist eine robuste Smartwatch, die so einiges aush\u00e4lt. Mit ihrem Silikon-Uhrengeh\u00e4use eignet sich diese Smartwatch n\u00e4mlich auch f\u00fcr raue Bedingungen. Sie ist au\u00dferdem bis zu einer Tiefe von 100 Metern wasserdicht, sodass du die Uhr problemlos auch beim Schwimmen tr\u00e4gst. Die Uhr misst 40\u00a0mm und passt daher an schmalere Handgelenke. Das Uhrengeh\u00e4use ist allerdings recht dick, weshalb es weiter vom Handgelenk absteht und gr\u00f6\u00dfer wirkt. Da diese Smartwatch keinen Touchscreen hat, bedienst du sie \u00fcber die Tasten an der Seite. Deine Sport- und Gesundheitsdaten lassen sich pr\u00e4zise messen. Auf dem MIP-Display liest du alle Daten ganz bequem ab, sodass du deine Fortschritte gut im Blick beh\u00e4ltst. Der Akku h\u00e4lt etwa zwei Wochen, sodass du die Uhr nicht h\u00e4ufig aufl\u00e4dst. Mit der Instinct E bezahlst du jedoch nicht kontaktlos.   Diese Uhr wird f\u00fcr einen Handgelenkumfang von 13 bis 15\u00a0cm empfohlen.<\/p>\n","protected":false},"excerpt":{"rendered":"<p>Die Garmin Instinct E 40\u00a0mm Schwarz\/Grau ist eine robuste Smartwatch, die so einiges aush\u00e4lt. Mit ihrem Silikon-Uhrengeh\u00e4use eignet sich diese Smartwatch n\u00e4mlich auch f\u00fcr raue Bedingungen. Sie ist au\u00dferdem bis zu einer Tiefe von 100 Metern wasserdicht, sodass du die Uhr problemlos auch beim Schwimmen tr\u00e4gst. Die Uhr misst 40\u00a0mm und passt daher an schmalere Handgelenke. Das Uhrengeh\u00e4use ist allerdings recht dick, weshalb es weiter vom Handgelenk absteht und gr\u00f6\u00dfer wirkt. Da diese Smartwatch keinen Touchscreen hat, bedienst du sie \u00fcber die Tasten an der Seite. Deine Sport- und Gesundheitsdaten lassen sich pr\u00e4zise messen. Auf dem MIP-Display liest du alle Daten ganz bequem ab, sodass du deine Fortschritte gut im Blick beh\u00e4ltst. Der Akku h\u00e4lt etwa zwei Wochen, sodass du die Uhr nicht h\u00e4ufig aufl\u00e4dst. Mit der Instinct E bezahlst du jedoch nicht kontaktlos.   Diese Uhr wird f\u00fcr einen Handgelenkumfang von 13 bis 15\u00a0cm empfohlen.<\/p>\n","protected":false},"featured_media":0,"comment_status":"closed","ping_status":"open","template":"","meta":{"_acf_changed":false},"brand":[3804],"product_brand":[],"product_cat":[6848],"product_tag":[6849],"class_list":{"0":"post-82956","1":"product","2":"type-product","3":"status-publish","5":"brand-garmin","6":"product_cat-smartwatches","7":"product_tag-slimme-horloges","8":"pa_condition-new","9":"pa_coolblue-de-verzending-morgen-gratis-geliefert","10":"pa_ean-26306","11":"pa_mpn-010-02932-00","13":"first","14":"instock","15":"product-type-external"},"acf":[],"_links":{"self":[{"href":"https:\/\/onlinehardwareshop.de\/index.php\/wp-json\/wp\/v2\/product\/82956","targetHints":{"allow":["GET"]}}],"collection":[{"href":"https:\/\/onlinehardwareshop.de\/index.php\/wp-json\/wp\/v2\/product"}],"about":[{"href":"https:\/\/onlinehardwareshop.de\/index.php\/wp-json\/wp\/v2\/types\/product"}],"replies":[{"embeddable":true,"href":"https:\/\/onlinehardwareshop.de\/index.php\/wp-json\/wp\/v2\/comments?post=82956"}],"wp:attachment":[{"href":"https:\/\/onlinehardwareshop.de\/index.php\/wp-json\/wp\/v2\/media?parent=82956"}],"wp:term":[{"taxonomy":"brand","embeddable":true,"href":"https:\/\/onlinehardwareshop.de\/index.php\/wp-json\/wp\/v2\/brand?post=82956"},{"taxonomy":"product_brand","embeddable":true,"href":"https:\/\/onlinehardwareshop.de\/index.php\/wp-json\/wp\/v2\/product_brand?post=82956"},{"taxonomy":"product_cat","embeddable":true,"href":"https:\/\/onlinehardwareshop.de\/index.php\/wp-json\/wp\/v2\/product_cat?post=82956"},{"taxonomy":"product_tag","embeddable":true,"href":"https:\/\/onlinehardwareshop.de\/index.php\/wp-json\/wp\/v2\/product_tag?post=82956"}],"curies":[{"name":"wp","href":"https:\/\/api.w.org\/{rel}","templated":true}]}}