{"id":82914,"date":"2024-01-08T17:04:40","date_gmt":"2024-01-08T17:04:40","guid":{"rendered":"https:\/\/onlinehardwareshop.de\/index.php\/produkt\/miele-co-hyclean-pure-4-stck-2\/"},"modified":"2025-05-14T17:06:15","modified_gmt":"2025-05-14T17:06:15","slug":"miele-co-hyclean-pure-4-stck","status":"publish","type":"product","link":"https:\/\/onlinehardwareshop.de\/index.php\/produkt\/miele-co-hyclean-pure-4-stck\/","title":{"rendered":"Miele CO Hyclean Pure (4 St&#xFC;ck)"},"content":{"rendered":"<p>Mit diesen Miele HyClean Pure CO Staubsaugerbeuteln sorgst du f\u00fcr ein strahlend sauberes Zuhause. Denn damit filtert dein Staubsauger bis zu 99,99 Prozent der Staubpartikel. Dank der HyClose Funktion verschlie\u00dft sich der Beutel beim \u00d6ffnen des Ger\u00e4ts automatisch. So entweicht beim Beutelwechsel kein Schmutz und du reinigst deine Zimmer hygienisch sauber. Zudem sind diese Miele Staubsaugerbeutel langlebiger als vergleichbare Produkte. Denn sie \u00fcberzeugen mit einer Nutzungsdauer von drei Monaten. Du bekommst vier Staubsaugerbeutel und einen Filter mit diesem Set. Die Produkte sind au\u00dferdem f\u00fcr alle Miele Guard M1 Staubsauger geeignet.<\/p>\n","protected":false},"excerpt":{"rendered":"<p>Mit diesen Miele HyClean Pure CO Staubsaugerbeuteln sorgst du f\u00fcr ein strahlend sauberes Zuhause. Denn damit filtert dein Staubsauger bis zu 99,99 Prozent der Staubpartikel. Dank der HyClose Funktion verschlie\u00dft sich der Beutel beim \u00d6ffnen des Ger\u00e4ts automatisch. So entweicht beim Beutelwechsel kein Schmutz und du reinigst deine Zimmer hygienisch sauber. Zudem sind diese Miele Staubsaugerbeutel langlebiger als vergleichbare Produkte. Denn sie \u00fcberzeugen mit einer Nutzungsdauer von drei Monaten. Du bekommst vier Staubsaugerbeutel und einen Filter mit diesem Set. Die Produkte sind au\u00dferdem f\u00fcr alle Miele Guard M1 Staubsauger geeignet.<\/p>\n","protected":false},"featured_media":0,"comment_status":"closed","ping_status":"open","template":"","meta":{"_acf_changed":false},"brand":[551],"product_brand":[],"product_cat":[129],"product_tag":[130],"class_list":{"0":"post-82914","1":"product","2":"type-product","3":"status-publish","5":"brand-miele","6":"product_cat-staubsaugerbeutel","7":"product_tag-stofzuigerzakken","8":"pa_condition-new","9":"pa_coolblue-de-verzending-morgen-gratis-geliefert","10":"pa_ean-29867","11":"pa_mpn-29868","13":"first","14":"instock","15":"product-type-external"},"acf":[],"_links":{"self":[{"href":"https:\/\/onlinehardwareshop.de\/index.php\/wp-json\/wp\/v2\/product\/82914","targetHints":{"allow":["GET"]}}],"collection":[{"href":"https:\/\/onlinehardwareshop.de\/index.php\/wp-json\/wp\/v2\/product"}],"about":[{"href":"https:\/\/onlinehardwareshop.de\/index.php\/wp-json\/wp\/v2\/types\/product"}],"replies":[{"embeddable":true,"href":"https:\/\/onlinehardwareshop.de\/index.php\/wp-json\/wp\/v2\/comments?post=82914"}],"wp:attachment":[{"href":"https:\/\/onlinehardwareshop.de\/index.php\/wp-json\/wp\/v2\/media?parent=82914"}],"wp:term":[{"taxonomy":"brand","embeddable":true,"href":"https:\/\/onlinehardwareshop.de\/index.php\/wp-json\/wp\/v2\/brand?post=82914"},{"taxonomy":"product_brand","embeddable":true,"href":"https:\/\/onlinehardwareshop.de\/index.php\/wp-json\/wp\/v2\/product_brand?post=82914"},{"taxonomy":"product_cat","embeddable":true,"href":"https:\/\/onlinehardwareshop.de\/index.php\/wp-json\/wp\/v2\/product_cat?post=82914"},{"taxonomy":"product_tag","embeddable":true,"href":"https:\/\/onlinehardwareshop.de\/index.php\/wp-json\/wp\/v2\/product_tag?post=82914"}],"curies":[{"name":"wp","href":"https:\/\/api.w.org\/{rel}","templated":true}]}}