{"id":82888,"date":"2024-06-05T22:40:15","date_gmt":"2024-06-05T22:40:15","guid":{"rendered":"https:\/\/onlinehardwareshop.de\/index.php\/produkt\/bosch-professional-gst-18v-125-b-50ah-gba-akku-2x-starterset-2\/"},"modified":"2025-05-14T17:03:59","modified_gmt":"2025-05-14T17:03:59","slug":"bosch-professional-gst-18v-125-b-50ah-gba-akku-2x-starterset","status":"publish","type":"product","link":"https:\/\/onlinehardwareshop.de\/index.php\/produkt\/bosch-professional-gst-18v-125-b-50ah-gba-akku-2x-starterset\/","title":{"rendered":"Bosch Professional GST 18V-125 B 5,0&#xA0;Ah GBA Akku (2x) Starterset"},"content":{"rendered":"<p>Mit dem Bosch Professional GST 18V-125 B 5,0\u00a0Ah GBA Akku (2x) Starterset arbeitest du ohne Unterbrechungen. Du erh\u00e4ltst zwei Akkus und ein Ladeger\u00e4t, sodass du immer einen vollen Akku zur Hand hast. Die Stichs\u00e4ge s\u00e4gt bis zu 125\u00a0mm tief und auch schr\u00e4g (auf Gehrung). Du hast die Wahl aus vier Pendelstufen und passt die Geschwindigkeit an das Material an, um Brandflecken zu vermeiden. Der D-Griff sorgt f\u00fcr einen bequemen und stabilen Halt. Die Stichs\u00e4ge geh\u00f6rt zum Bosch Professional 18V Akkusystem. Du verwendest die mitgelieferten Akkus daher auch in anderen (Garten-)Ger\u00e4ten desselben Systems.<\/p>\n","protected":false},"excerpt":{"rendered":"<p>Mit dem Bosch Professional GST 18V-125 B 5,0\u00a0Ah GBA Akku (2x) Starterset arbeitest du ohne Unterbrechungen. Du erh\u00e4ltst zwei Akkus und ein Ladeger\u00e4t, sodass du immer einen vollen Akku zur Hand hast. Die Stichs\u00e4ge s\u00e4gt bis zu 125\u00a0mm tief und auch schr\u00e4g (auf Gehrung). Du hast die Wahl aus vier Pendelstufen und passt die Geschwindigkeit an das Material an, um Brandflecken zu vermeiden. Der D-Griff sorgt f\u00fcr einen bequemen und stabilen Halt. Die Stichs\u00e4ge geh\u00f6rt zum Bosch Professional 18V Akkusystem. Du verwendest die mitgelieferten Akkus daher auch in anderen (Garten-)Ger\u00e4ten desselben Systems.<\/p>\n","protected":false},"featured_media":0,"comment_status":"closed","ping_status":"open","template":"","meta":{"_acf_changed":false},"brand":[332],"product_brand":[],"product_cat":[43],"product_tag":[2773],"class_list":{"0":"post-82888","1":"product","2":"type-product","3":"status-publish","5":"brand-bosch-professional","6":"product_cat-stichsgen","7":"product_tag-accu-decoupeerzagen","8":"pa_condition-new","9":"pa_coolblue-de-verzending-morgen-gratis-geliefert","10":"pa_ean-26183","12":"first","13":"instock","14":"product-type-external"},"acf":[],"_links":{"self":[{"href":"https:\/\/onlinehardwareshop.de\/index.php\/wp-json\/wp\/v2\/product\/82888","targetHints":{"allow":["GET"]}}],"collection":[{"href":"https:\/\/onlinehardwareshop.de\/index.php\/wp-json\/wp\/v2\/product"}],"about":[{"href":"https:\/\/onlinehardwareshop.de\/index.php\/wp-json\/wp\/v2\/types\/product"}],"replies":[{"embeddable":true,"href":"https:\/\/onlinehardwareshop.de\/index.php\/wp-json\/wp\/v2\/comments?post=82888"}],"wp:attachment":[{"href":"https:\/\/onlinehardwareshop.de\/index.php\/wp-json\/wp\/v2\/media?parent=82888"}],"wp:term":[{"taxonomy":"brand","embeddable":true,"href":"https:\/\/onlinehardwareshop.de\/index.php\/wp-json\/wp\/v2\/brand?post=82888"},{"taxonomy":"product_brand","embeddable":true,"href":"https:\/\/onlinehardwareshop.de\/index.php\/wp-json\/wp\/v2\/product_brand?post=82888"},{"taxonomy":"product_cat","embeddable":true,"href":"https:\/\/onlinehardwareshop.de\/index.php\/wp-json\/wp\/v2\/product_cat?post=82888"},{"taxonomy":"product_tag","embeddable":true,"href":"https:\/\/onlinehardwareshop.de\/index.php\/wp-json\/wp\/v2\/product_tag?post=82888"}],"curies":[{"name":"wp","href":"https:\/\/api.w.org\/{rel}","templated":true}]}}