{"id":82879,"date":"2024-09-23T21:11:09","date_gmt":"2024-09-23T21:11:09","guid":{"rendered":"https:\/\/onlinehardwareshop.de\/index.php\/produkt\/epson-expression-home-xp-4205-1-epson-patrone-xl-multipack-2\/"},"modified":"2025-05-14T17:03:20","modified_gmt":"2025-05-14T17:03:20","slug":"epson-expression-home-xp-4205-1-epson-patrone-xl-multipack","status":"publish","type":"product","link":"https:\/\/onlinehardwareshop.de\/index.php\/produkt\/epson-expression-home-xp-4205-1-epson-patrone-xl-multipack\/","title":{"rendered":"Epson Expression Home XP-4205 + 1 Epson Patrone XL Multipack"},"content":{"rendered":"<p>Mit dem Epson Expression Home XP-4205 Multifunktions-Tintenstrahldrucker + einem Epson Patrone XL Multipack druckst du noch l\u00e4nger und effizienter. Das Epson 604XL Patrone Multipack reicht f\u00fcr bis zu 350 Farbseiten und 500 Seiten in Schwarz-Wei\u00df. Damit ersetzt du alle leeren Patronen auf einmal und druckst besonders lange mit einem Patronenset. Neben dem Drucken erm\u00f6glicht dir der Drucker auch das Scannen und Kopieren von Dokumenten. Durch die automatische Duplexfunktion bedruckt das Ger\u00e4t Papier beidseitig. Das spart dir nicht nur Zeit, sondern auch Papier. Mit der hohen Druckaufl\u00f6sung von 5760 \u00d7 1440 dpi erh\u00e4ltst du scharfe Texte und klare Bilder. Das ist praktisch f\u00fcr Berichte, Grafiken oder Fotos. Trotz der vielseitigen Funktionen ist der Epson Multifunktions-Tintenstrahldrucker kompakt und findet Platz auf deinem Schreibtisch.  Dieser Drucker eignet sich f\u00fcr Epson ReadyPrint. Epson ReadyPrint ist ein monatlich k\u00fcndbares Tintenabo. Dein Drucker bestellt automatisch neue Patronen bei Epson, sobald deine Tinte beinahe aufgebraucht ist. So geht dir nie mehr die Tinte aus. H\u00e4ttest du gern mehr Informationen \u00fcber Epson ReadyPrint?Sieh dir unseren Beratungsartikel an.<\/p>\n","protected":false},"excerpt":{"rendered":"<p>Mit dem Epson Expression Home XP-4205 Multifunktions-Tintenstrahldrucker + einem Epson Patrone XL Multipack druckst du noch l\u00e4nger und effizienter. Das Epson 604XL Patrone Multipack reicht f\u00fcr bis zu 350 Farbseiten und 500 Seiten in Schwarz-Wei\u00df. Damit ersetzt du alle leeren Patronen auf einmal und druckst besonders lange mit einem Patronenset. Neben dem Drucken erm\u00f6glicht dir der Drucker auch das Scannen und Kopieren von Dokumenten. Durch die automatische Duplexfunktion bedruckt das Ger\u00e4t Papier beidseitig. Das spart dir nicht nur Zeit, sondern auch Papier. Mit der hohen Druckaufl\u00f6sung von 5760 \u00d7 1440 dpi erh\u00e4ltst du scharfe Texte und klare Bilder. Das ist praktisch f\u00fcr Berichte, Grafiken oder Fotos. Trotz der vielseitigen Funktionen ist der Epson Multifunktions-Tintenstrahldrucker kompakt und findet Platz auf deinem Schreibtisch.  Dieser Drucker eignet sich f\u00fcr Epson ReadyPrint. Epson ReadyPrint ist ein monatlich k\u00fcndbares Tintenabo. Dein Drucker bestellt automatisch neue Patronen bei Epson, sobald deine Tinte beinahe aufgebraucht ist. So geht dir nie mehr die Tinte aus. H\u00e4ttest du gern mehr Informationen \u00fcber Epson ReadyPrint?Sieh dir unseren Beratungsartikel an.<\/p>\n","protected":false},"featured_media":0,"comment_status":"closed","ping_status":"open","template":"","meta":{"_acf_changed":false},"brand":[267],"product_brand":[],"product_cat":[2205],"product_tag":[2206],"class_list":{"0":"post-82879","1":"product","2":"type-product","3":"status-publish","5":"brand-epson","6":"product_cat-drucker","7":"product_tag-inkjetprinters","8":"pa_condition-new","9":"pa_coolblue-de-verzending-morgen-gratis-geliefert","10":"pa_ean-26172","12":"first","13":"instock","14":"product-type-external"},"acf":[],"_links":{"self":[{"href":"https:\/\/onlinehardwareshop.de\/index.php\/wp-json\/wp\/v2\/product\/82879","targetHints":{"allow":["GET"]}}],"collection":[{"href":"https:\/\/onlinehardwareshop.de\/index.php\/wp-json\/wp\/v2\/product"}],"about":[{"href":"https:\/\/onlinehardwareshop.de\/index.php\/wp-json\/wp\/v2\/types\/product"}],"replies":[{"embeddable":true,"href":"https:\/\/onlinehardwareshop.de\/index.php\/wp-json\/wp\/v2\/comments?post=82879"}],"wp:attachment":[{"href":"https:\/\/onlinehardwareshop.de\/index.php\/wp-json\/wp\/v2\/media?parent=82879"}],"wp:term":[{"taxonomy":"brand","embeddable":true,"href":"https:\/\/onlinehardwareshop.de\/index.php\/wp-json\/wp\/v2\/brand?post=82879"},{"taxonomy":"product_brand","embeddable":true,"href":"https:\/\/onlinehardwareshop.de\/index.php\/wp-json\/wp\/v2\/product_brand?post=82879"},{"taxonomy":"product_cat","embeddable":true,"href":"https:\/\/onlinehardwareshop.de\/index.php\/wp-json\/wp\/v2\/product_cat?post=82879"},{"taxonomy":"product_tag","embeddable":true,"href":"https:\/\/onlinehardwareshop.de\/index.php\/wp-json\/wp\/v2\/product_tag?post=82879"}],"curies":[{"name":"wp","href":"https:\/\/api.w.org\/{rel}","templated":true}]}}