{"id":82867,"date":"2025-05-11T08:32:12","date_gmt":"2025-05-11T08:32:12","guid":{"rendered":"https:\/\/onlinehardwareshop.de\/index.php\/produkt\/bosch-professional-gsa-18v-28-50ah-gba-akku-2x-starterset-2\/"},"modified":"2025-05-14T17:02:48","modified_gmt":"2025-05-14T17:02:48","slug":"bosch-professional-gsa-18v-28-50ah-gba-akku-2x-starterset","status":"publish","type":"product","link":"https:\/\/onlinehardwareshop.de\/index.php\/produkt\/bosch-professional-gsa-18v-28-50ah-gba-akku-2x-starterset\/","title":{"rendered":"Bosch Professional GSA 18V-28 5,0&#xA0;Ah GBA Akku (2x) Starterset"},"content":{"rendered":"<p>Mit dem Bosch Professional GSA 18V-28 5,0\u00a0Ah GBA Akku (2x) Starterset s\u00e4gst du ohne Unterbrechungen durch dickes Material. Das Ger\u00e4t eignet sich zum Beispiel f\u00fcr dicke \u00c4ste oder Metallrohre. Du erreichst eine Schnitttiefe von bis zu 230 Millimetern in Holz und 20 Millimetern in Metall. Du passt die Geschwindigkeit der S\u00e4ge ganz einfach an das zu bearbeitende Material an. So verhinderst du zum Beispiel, dass Metall zu hei\u00df wird und dass in Holz Brandflecken entstehen. Verwende die zwei Pendelstufen und s\u00e4ge blitzschnell durch dein Material. Die S\u00e4bels\u00e4ge ist Teil des Bosch Professional 18V Akkusystems. Du verwendest die mitgelieferten Akkus daher auch in anderen (Garten-)Ger\u00e4ten desselben Systems.<\/p>\n","protected":false},"excerpt":{"rendered":"<p>Mit dem Bosch Professional GSA 18V-28 5,0\u00a0Ah GBA Akku (2x) Starterset s\u00e4gst du ohne Unterbrechungen durch dickes Material. Das Ger\u00e4t eignet sich zum Beispiel f\u00fcr dicke \u00c4ste oder Metallrohre. Du erreichst eine Schnitttiefe von bis zu 230 Millimetern in Holz und 20 Millimetern in Metall. Du passt die Geschwindigkeit der S\u00e4ge ganz einfach an das zu bearbeitende Material an. So verhinderst du zum Beispiel, dass Metall zu hei\u00df wird und dass in Holz Brandflecken entstehen. Verwende die zwei Pendelstufen und s\u00e4ge blitzschnell durch dein Material. Die S\u00e4bels\u00e4ge ist Teil des Bosch Professional 18V Akkusystems. Du verwendest die mitgelieferten Akkus daher auch in anderen (Garten-)Ger\u00e4ten desselben Systems.<\/p>\n","protected":false},"featured_media":0,"comment_status":"closed","ping_status":"open","template":"","meta":{"_acf_changed":false},"brand":[332],"product_brand":[],"product_cat":[585],"product_tag":[2028],"class_list":{"0":"post-82867","1":"product","2":"type-product","3":"status-publish","5":"brand-bosch-professional","6":"product_cat-sbelsgen","7":"product_tag-accu-reciprozagen","8":"pa_condition-new","9":"pa_coolblue-de-verzending-morgen-gratis-geliefert","10":"pa_ean-26151","12":"first","13":"instock","14":"product-type-external"},"acf":[],"_links":{"self":[{"href":"https:\/\/onlinehardwareshop.de\/index.php\/wp-json\/wp\/v2\/product\/82867","targetHints":{"allow":["GET"]}}],"collection":[{"href":"https:\/\/onlinehardwareshop.de\/index.php\/wp-json\/wp\/v2\/product"}],"about":[{"href":"https:\/\/onlinehardwareshop.de\/index.php\/wp-json\/wp\/v2\/types\/product"}],"replies":[{"embeddable":true,"href":"https:\/\/onlinehardwareshop.de\/index.php\/wp-json\/wp\/v2\/comments?post=82867"}],"wp:attachment":[{"href":"https:\/\/onlinehardwareshop.de\/index.php\/wp-json\/wp\/v2\/media?parent=82867"}],"wp:term":[{"taxonomy":"brand","embeddable":true,"href":"https:\/\/onlinehardwareshop.de\/index.php\/wp-json\/wp\/v2\/brand?post=82867"},{"taxonomy":"product_brand","embeddable":true,"href":"https:\/\/onlinehardwareshop.de\/index.php\/wp-json\/wp\/v2\/product_brand?post=82867"},{"taxonomy":"product_cat","embeddable":true,"href":"https:\/\/onlinehardwareshop.de\/index.php\/wp-json\/wp\/v2\/product_cat?post=82867"},{"taxonomy":"product_tag","embeddable":true,"href":"https:\/\/onlinehardwareshop.de\/index.php\/wp-json\/wp\/v2\/product_tag?post=82867"}],"curies":[{"name":"wp","href":"https:\/\/api.w.org\/{rel}","templated":true}]}}