{"id":82858,"date":"2024-10-15T16:11:15","date_gmt":"2024-10-15T16:11:15","guid":{"rendered":"https:\/\/onlinehardwareshop.de\/index.php\/produkt\/bosch-professional-gbh-18v-22-50-ah-gba-akku-starterset-2\/"},"modified":"2025-05-14T17:02:14","modified_gmt":"2025-05-14T17:02:14","slug":"bosch-professional-gbh-18v-22-50-ah-gba-akku-starterset","status":"publish","type":"product","link":"https:\/\/onlinehardwareshop.de\/index.php\/produkt\/bosch-professional-gbh-18v-22-50-ah-gba-akku-starterset\/","title":{"rendered":"Bosch Professional GBH 18V-22 5,0 Ah GBA Akku Starterset"},"content":{"rendered":"<p>Mit dem Bosch Professional GBH 18V-150 C 5,0\u00a0Ah GBA Akku Starterset legst du dank des mitgelieferten Akkus sofort los. Dank der Hammerfunktion bohrst du schnell und einfach in Holz, Gips, Metall, (Ziegel-)Stein und Beton. Mit einem Gewicht von nur zwei Kilogramm arbeitest du mit dem Kombihammer ohne Erm\u00fcdungserscheinungen lange am St\u00fcck. KickBack Control und Vibration Control reduzieren Vibrationen und sorgen f\u00fcr ein komfortables Arbeiten. F\u00fcr einen sauberen Arbeitsplatz schlie\u00dft du den Kombihammer an die Staubabsaugung GDE 18V-12 an. Fertig mit Werkeln? Dann transportierst du die Bohrmaschine sicher und ordentlich im mitgelieferten L-BOXX Koffer. Die Maschine ist Teil des Bosch Professional 18V Akkusystems. Du verwendest den mitgelieferten Akku daher auch in anderen (Garten-)Ger\u00e4ten desselben Systems.<\/p>\n","protected":false},"excerpt":{"rendered":"<p>Mit dem Bosch Professional GBH 18V-150 C 5,0\u00a0Ah GBA Akku Starterset legst du dank des mitgelieferten Akkus sofort los. Dank der Hammerfunktion bohrst du schnell und einfach in Holz, Gips, Metall, (Ziegel-)Stein und Beton. Mit einem Gewicht von nur zwei Kilogramm arbeitest du mit dem Kombihammer ohne Erm\u00fcdungserscheinungen lange am St\u00fcck. KickBack Control und Vibration Control reduzieren Vibrationen und sorgen f\u00fcr ein komfortables Arbeiten. F\u00fcr einen sauberen Arbeitsplatz schlie\u00dft du den Kombihammer an die Staubabsaugung GDE 18V-12 an. Fertig mit Werkeln? Dann transportierst du die Bohrmaschine sicher und ordentlich im mitgelieferten L-BOXX Koffer. Die Maschine ist Teil des Bosch Professional 18V Akkusystems. Du verwendest den mitgelieferten Akku daher auch in anderen (Garten-)Ger\u00e4ten desselben Systems.<\/p>\n","protected":false},"featured_media":0,"comment_status":"closed","ping_status":"open","template":"","meta":{"_acf_changed":false},"brand":[332],"product_brand":[],"product_cat":[261],"product_tag":[262],"class_list":{"0":"post-82858","1":"product","2":"type-product","3":"status-publish","5":"brand-bosch-professional","6":"product_cat-bohrmaschinen","7":"product_tag-boorhamers","8":"pa_condition-new","9":"pa_coolblue-de-verzending-morgen-gratis-geliefert","10":"pa_ean-30333","12":"first","13":"instock","14":"product-type-external"},"acf":[],"_links":{"self":[{"href":"https:\/\/onlinehardwareshop.de\/index.php\/wp-json\/wp\/v2\/product\/82858","targetHints":{"allow":["GET"]}}],"collection":[{"href":"https:\/\/onlinehardwareshop.de\/index.php\/wp-json\/wp\/v2\/product"}],"about":[{"href":"https:\/\/onlinehardwareshop.de\/index.php\/wp-json\/wp\/v2\/types\/product"}],"replies":[{"embeddable":true,"href":"https:\/\/onlinehardwareshop.de\/index.php\/wp-json\/wp\/v2\/comments?post=82858"}],"wp:attachment":[{"href":"https:\/\/onlinehardwareshop.de\/index.php\/wp-json\/wp\/v2\/media?parent=82858"}],"wp:term":[{"taxonomy":"brand","embeddable":true,"href":"https:\/\/onlinehardwareshop.de\/index.php\/wp-json\/wp\/v2\/brand?post=82858"},{"taxonomy":"product_brand","embeddable":true,"href":"https:\/\/onlinehardwareshop.de\/index.php\/wp-json\/wp\/v2\/product_brand?post=82858"},{"taxonomy":"product_cat","embeddable":true,"href":"https:\/\/onlinehardwareshop.de\/index.php\/wp-json\/wp\/v2\/product_cat?post=82858"},{"taxonomy":"product_tag","embeddable":true,"href":"https:\/\/onlinehardwareshop.de\/index.php\/wp-json\/wp\/v2\/product_tag?post=82858"}],"curies":[{"name":"wp","href":"https:\/\/api.w.org\/{rel}","templated":true}]}}