{"id":82813,"date":"2024-03-17T05:00:03","date_gmt":"2024-03-17T05:00:03","guid":{"rendered":"https:\/\/onlinehardwareshop.de\/index.php\/produkt\/dji-flip-parallel-charging-hub-2\/"},"modified":"2025-05-14T16:59:39","modified_gmt":"2025-05-14T16:59:39","slug":"dji-flip-parallel-charging-hub","status":"publish","type":"product","link":"https:\/\/onlinehardwareshop.de\/index.php\/produkt\/dji-flip-parallel-charging-hub\/","title":{"rendered":"DJI Flip Parallel Charging Hub"},"content":{"rendered":"<p>Mit dem DJI Flip Parallel Charging Hub l\u00e4dst du die Akkus deiner DJI Flip Drohne auf. Es passen vier Akkus in die Ladestation. Sie l\u00e4dt zwei Akkus gleichzeitig auf, sodass du schnell wieder durch die Luft d\u00fcst. Wenn diese zwei Akkus voll sind, werden die anderen Akkus aufgeladen. Die LED-Lampen auf der Ladestation geben an, wie voll die Akkus sind.<\/p>\n","protected":false},"excerpt":{"rendered":"<p>Mit dem DJI Flip Parallel Charging Hub l\u00e4dst du die Akkus deiner DJI Flip Drohne auf. Es passen vier Akkus in die Ladestation. Sie l\u00e4dt zwei Akkus gleichzeitig auf, sodass du schnell wieder durch die Luft d\u00fcst. Wenn diese zwei Akkus voll sind, werden die anderen Akkus aufgeladen. Die LED-Lampen auf der Ladestation geben an, wie voll die Akkus sind.<\/p>\n","protected":false},"featured_media":0,"comment_status":"closed","ping_status":"open","template":"","meta":{"_acf_changed":false},"brand":[3664],"product_brand":[],"product_cat":[7212],"product_tag":[7213],"class_list":{"0":"post-82813","1":"product","2":"type-product","3":"status-publish","5":"brand-dji","6":"product_cat-zubehrsets-fr-drohnen","7":"product_tag-accessoiresets-voor-drones","8":"pa_condition-new","9":"pa_coolblue-de-verzending-morgen-gratis-geliefert","10":"pa_ean-27478","11":"pa_mpn-cp-fp-00000183-01","13":"first","14":"instock","15":"product-type-external"},"acf":[],"_links":{"self":[{"href":"https:\/\/onlinehardwareshop.de\/index.php\/wp-json\/wp\/v2\/product\/82813","targetHints":{"allow":["GET"]}}],"collection":[{"href":"https:\/\/onlinehardwareshop.de\/index.php\/wp-json\/wp\/v2\/product"}],"about":[{"href":"https:\/\/onlinehardwareshop.de\/index.php\/wp-json\/wp\/v2\/types\/product"}],"replies":[{"embeddable":true,"href":"https:\/\/onlinehardwareshop.de\/index.php\/wp-json\/wp\/v2\/comments?post=82813"}],"wp:attachment":[{"href":"https:\/\/onlinehardwareshop.de\/index.php\/wp-json\/wp\/v2\/media?parent=82813"}],"wp:term":[{"taxonomy":"brand","embeddable":true,"href":"https:\/\/onlinehardwareshop.de\/index.php\/wp-json\/wp\/v2\/brand?post=82813"},{"taxonomy":"product_brand","embeddable":true,"href":"https:\/\/onlinehardwareshop.de\/index.php\/wp-json\/wp\/v2\/product_brand?post=82813"},{"taxonomy":"product_cat","embeddable":true,"href":"https:\/\/onlinehardwareshop.de\/index.php\/wp-json\/wp\/v2\/product_cat?post=82813"},{"taxonomy":"product_tag","embeddable":true,"href":"https:\/\/onlinehardwareshop.de\/index.php\/wp-json\/wp\/v2\/product_tag?post=82813"}],"curies":[{"name":"wp","href":"https:\/\/api.w.org\/{rel}","templated":true}]}}