{"id":82795,"date":"2024-11-29T10:09:54","date_gmt":"2024-11-29T10:09:54","guid":{"rendered":"https:\/\/onlinehardwareshop.de\/index.php\/produkt\/rode-wireless-go-gen-3-2\/"},"modified":"2025-05-14T16:58:50","modified_gmt":"2025-05-14T16:58:50","slug":"rode-wireless-go-gen-3","status":"publish","type":"product","link":"https:\/\/onlinehardwareshop.de\/index.php\/produkt\/rode-wireless-go-gen-3\/","title":{"rendered":"Rode Wireless Go Gen 3"},"content":{"rendered":"<p>Das Rode Wireless Go\u00a03 ist ein kompaktes Mikrofonset f\u00fcr Videografen oder Content Maker. Das Set enth\u00e4lt eine praktische Ladestation, mit der du die beiden Sender und den Empf\u00e4nger gleichzeitig aufl\u00e4dst. Schlie\u00dfe die Station an ein USB-Ladeger\u00e4t an, um die Mikrofone schnell aufzuladen. Wenn du die Ladestation an einen Computer anschlie\u00dft, passt du alle Toneinstellungen der Mikrofone ganz einfach an. So sind die richtigen Einstellungen aktiv, wenn du mit dem Filmen beginnst. In den Sendern befinden sich integrierte Mikrofone, mit denen du einen deutlichen Klang aufnimmst. Befestige sie zum Beispiel an der Kleidung von Menschen, die du interviewst. Du schlie\u00dft den Empf\u00e4nger per Kabel an dein Smartphone oder deine Kamera an und legst sofort mit dem Filmen los. \u00dcber den 3,5-mm-Anschluss des Empf\u00e4ngers verbindest du einen Kopfh\u00f6rer. So h\u00f6rst du gleich bei der Aufnahme, ob mit dem Ton alles in Ordnung ist.<\/p>\n","protected":false},"excerpt":{"rendered":"<p>Das Rode Wireless Go\u00a03 ist ein kompaktes Mikrofonset f\u00fcr Videografen oder Content Maker. Das Set enth\u00e4lt eine praktische Ladestation, mit der du die beiden Sender und den Empf\u00e4nger gleichzeitig aufl\u00e4dst. Schlie\u00dfe die Station an ein USB-Ladeger\u00e4t an, um die Mikrofone schnell aufzuladen. Wenn du die Ladestation an einen Computer anschlie\u00dft, passt du alle Toneinstellungen der Mikrofone ganz einfach an. So sind die richtigen Einstellungen aktiv, wenn du mit dem Filmen beginnst. In den Sendern befinden sich integrierte Mikrofone, mit denen du einen deutlichen Klang aufnimmst. Befestige sie zum Beispiel an der Kleidung von Menschen, die du interviewst. Du schlie\u00dft den Empf\u00e4nger per Kabel an dein Smartphone oder deine Kamera an und legst sofort mit dem Filmen los. \u00dcber den 3,5-mm-Anschluss des Empf\u00e4ngers verbindest du einen Kopfh\u00f6rer. So h\u00f6rst du gleich bei der Aufnahme, ob mit dem Ton alles in Ordnung ist.<\/p>\n","protected":false},"featured_media":0,"comment_status":"closed","ping_status":"open","template":"","meta":{"_acf_changed":false},"brand":[1569],"product_brand":[],"product_cat":[1570],"product_tag":[1571],"class_list":{"0":"post-82795","1":"product","2":"type-product","3":"status-publish","5":"brand-rode-microphones","6":"product_cat-kameramikrofone","7":"product_tag-cameramicrofoons","8":"pa_condition-new","9":"pa_coolblue-de-verzending-morgen-gratis-geliefert","10":"pa_ean-26042","11":"pa_mpn-rd119439","13":"first","14":"instock","15":"product-type-external"},"acf":[],"_links":{"self":[{"href":"https:\/\/onlinehardwareshop.de\/index.php\/wp-json\/wp\/v2\/product\/82795","targetHints":{"allow":["GET"]}}],"collection":[{"href":"https:\/\/onlinehardwareshop.de\/index.php\/wp-json\/wp\/v2\/product"}],"about":[{"href":"https:\/\/onlinehardwareshop.de\/index.php\/wp-json\/wp\/v2\/types\/product"}],"replies":[{"embeddable":true,"href":"https:\/\/onlinehardwareshop.de\/index.php\/wp-json\/wp\/v2\/comments?post=82795"}],"wp:attachment":[{"href":"https:\/\/onlinehardwareshop.de\/index.php\/wp-json\/wp\/v2\/media?parent=82795"}],"wp:term":[{"taxonomy":"brand","embeddable":true,"href":"https:\/\/onlinehardwareshop.de\/index.php\/wp-json\/wp\/v2\/brand?post=82795"},{"taxonomy":"product_brand","embeddable":true,"href":"https:\/\/onlinehardwareshop.de\/index.php\/wp-json\/wp\/v2\/product_brand?post=82795"},{"taxonomy":"product_cat","embeddable":true,"href":"https:\/\/onlinehardwareshop.de\/index.php\/wp-json\/wp\/v2\/product_cat?post=82795"},{"taxonomy":"product_tag","embeddable":true,"href":"https:\/\/onlinehardwareshop.de\/index.php\/wp-json\/wp\/v2\/product_tag?post=82795"}],"curies":[{"name":"wp","href":"https:\/\/api.w.org\/{rel}","templated":true}]}}