{"id":82756,"date":"2024-03-22T07:32:21","date_gmt":"2024-03-22T07:32:21","guid":{"rendered":"https:\/\/onlinehardwareshop.de\/index.php\/produkt\/brother-hl-l2400dwe-1-zustzlicher-schwarzer-xl-toner-2\/"},"modified":"2025-05-14T16:56:20","modified_gmt":"2025-05-14T16:56:20","slug":"brother-hl-l2400dwe-1-zustzlicher-schwarzer-xl-toner","status":"publish","type":"product","link":"https:\/\/onlinehardwareshop.de\/index.php\/produkt\/brother-hl-l2400dwe-1-zustzlicher-schwarzer-xl-toner\/","title":{"rendered":"Brother HL-L2400DWE + 1 zus&#xE4;tzlicher schwarzer XL-Toner"},"content":{"rendered":"<p>Mit diesem Set aus Brother HL-L2400DWE + 1 zus\u00e4tzlichen schwarzen XL-Toner holst du dir zu deinem Drucker gleich auch den passenden Toner dazu. Mit diesem XL-Toner druckst du bis zu 3.000 Seiten in Schwarz-Wei\u00df, sodass du f\u00fcrs Erste mit gen\u00fcgend Tinte versorgt bist. Der Brother HL-L2400DWE ist ein Laserdrucker f\u00fcr das Heimb\u00fcro oder das kleine Unternehmen. Du druckst mit einer Geschwindigkeit von 30 Schwarz-Wei\u00df-Seiten pro Minute. Auf diese Weise druckst du kurz vor deinem Meeting noch schnell einen gro\u00dfen Arbeitsbericht aus. M\u00f6chtest du Papier sparen? Dann drucke automatisch beidseitig. Du verschickst deine Druckauftr\u00e4ge kabellos von deinem Schreibtisch aus \u00fcber WiFi Direct, Apple AirPrint oder die Brother Mobile Connect App. Der Drucker wird mit separater Trommel und Toner geliefert. Hast du schon ungef\u00e4hr 15.000 Seiten gedruckt? Tausche dann anschlie\u00dfend die Druckertrommel aus.    Geeignet f\u00fcr Brother EcoPro   Dieser Drucker eignet sich f\u00fcr Brother EcoPro, das g\u00fcnstige Druckabonnement von Brother. Du bekommst automatisch Patronen, wenn deine jetzigen Patronen leer sind. Leere Patronen gibst du kostenlos zur\u00fcck. Du bekommst au\u00dferdem eine laufende Garantie f\u00fcr deinen Drucker. Teste Brother EcoPro sechs Monate lang kostenlos. Du m\u00f6chtest mehr \u00fcber EcoPro erfahren? Dann sieh dir unseren Beratungsartikel an.<\/p>\n","protected":false},"excerpt":{"rendered":"<p>Mit diesem Set aus Brother HL-L2400DWE + 1 zus\u00e4tzlichen schwarzen XL-Toner holst du dir zu deinem Drucker gleich auch den passenden Toner dazu. Mit diesem XL-Toner druckst du bis zu 3.000 Seiten in Schwarz-Wei\u00df, sodass du f\u00fcrs Erste mit gen\u00fcgend Tinte versorgt bist. Der Brother HL-L2400DWE ist ein Laserdrucker f\u00fcr das Heimb\u00fcro oder das kleine Unternehmen. Du druckst mit einer Geschwindigkeit von 30 Schwarz-Wei\u00df-Seiten pro Minute. Auf diese Weise druckst du kurz vor deinem Meeting noch schnell einen gro\u00dfen Arbeitsbericht aus. M\u00f6chtest du Papier sparen? Dann drucke automatisch beidseitig. Du verschickst deine Druckauftr\u00e4ge kabellos von deinem Schreibtisch aus \u00fcber WiFi Direct, Apple AirPrint oder die Brother Mobile Connect App. Der Drucker wird mit separater Trommel und Toner geliefert. Hast du schon ungef\u00e4hr 15.000 Seiten gedruckt? Tausche dann anschlie\u00dfend die Druckertrommel aus.    Geeignet f\u00fcr Brother EcoPro   Dieser Drucker eignet sich f\u00fcr Brother EcoPro, das g\u00fcnstige Druckabonnement von Brother. Du bekommst automatisch Patronen, wenn deine jetzigen Patronen leer sind. Leere Patronen gibst du kostenlos zur\u00fcck. Du bekommst au\u00dferdem eine laufende Garantie f\u00fcr deinen Drucker. Teste Brother EcoPro sechs Monate lang kostenlos. Du m\u00f6chtest mehr \u00fcber EcoPro erfahren? Dann sieh dir unseren Beratungsartikel an.<\/p>\n","protected":false},"featured_media":0,"comment_status":"closed","ping_status":"open","template":"","meta":{"_acf_changed":false},"brand":[164],"product_brand":[],"product_cat":[2205],"product_tag":[4823],"class_list":{"0":"post-82756","1":"product","2":"type-product","3":"status-publish","5":"brand-brother","6":"product_cat-drucker","7":"product_tag-laserprinters","8":"pa_condition-new","9":"pa_coolblue-de-verzending-morgen-gratis-geliefert","10":"pa_ean-27167","12":"first","13":"instock","14":"product-type-external"},"acf":[],"_links":{"self":[{"href":"https:\/\/onlinehardwareshop.de\/index.php\/wp-json\/wp\/v2\/product\/82756","targetHints":{"allow":["GET"]}}],"collection":[{"href":"https:\/\/onlinehardwareshop.de\/index.php\/wp-json\/wp\/v2\/product"}],"about":[{"href":"https:\/\/onlinehardwareshop.de\/index.php\/wp-json\/wp\/v2\/types\/product"}],"replies":[{"embeddable":true,"href":"https:\/\/onlinehardwareshop.de\/index.php\/wp-json\/wp\/v2\/comments?post=82756"}],"wp:attachment":[{"href":"https:\/\/onlinehardwareshop.de\/index.php\/wp-json\/wp\/v2\/media?parent=82756"}],"wp:term":[{"taxonomy":"brand","embeddable":true,"href":"https:\/\/onlinehardwareshop.de\/index.php\/wp-json\/wp\/v2\/brand?post=82756"},{"taxonomy":"product_brand","embeddable":true,"href":"https:\/\/onlinehardwareshop.de\/index.php\/wp-json\/wp\/v2\/product_brand?post=82756"},{"taxonomy":"product_cat","embeddable":true,"href":"https:\/\/onlinehardwareshop.de\/index.php\/wp-json\/wp\/v2\/product_cat?post=82756"},{"taxonomy":"product_tag","embeddable":true,"href":"https:\/\/onlinehardwareshop.de\/index.php\/wp-json\/wp\/v2\/product_tag?post=82756"}],"curies":[{"name":"wp","href":"https:\/\/api.w.org\/{rel}","templated":true}]}}