{"id":82753,"date":"2025-02-28T02:00:11","date_gmt":"2025-02-28T02:00:11","guid":{"rendered":"https:\/\/onlinehardwareshop.de\/index.php\/produkt\/hp-laserjet-m234d-1-zustzlicher-schwarzer-toner-2\/"},"modified":"2025-05-14T16:55:58","modified_gmt":"2025-05-14T16:55:58","slug":"hp-laserjet-m234d-1-zustzlicher-schwarzer-toner","status":"publish","type":"product","link":"https:\/\/onlinehardwareshop.de\/index.php\/produkt\/hp-laserjet-m234d-1-zustzlicher-schwarzer-toner\/","title":{"rendered":"HP LaserJet M234d + 1 zus&#xE4;tzlicher schwarzer Toner"},"content":{"rendered":"<p>Lege dir mit diesem Set aus HP LaserJet M234d + 1 zus\u00e4tzlichen schwarzen Toner einen Tintenvorrat zu. Mit dem Toner druckst du bis zu 1.100 Seiten in Schwarz-Wei\u00df. Den HP LaserJet M234d Multifunktions-Laserdrucker nutzt du f\u00fcr Ausdrucke an deinem Heimarbeitsplatz oder in einem kleinen B\u00fcro. Schwarz-Wei\u00df-Dokumente druckst du dank der hohen Druckgeschwindigkeit von 30 Seiten pro Minute ganz schnell aus. So h\u00e4ltst du deine Arbeitspapiere schnell in den H\u00e4nden. M\u00f6chtest du Papier sparen? Dann verwende den automatischen beidseitigen Druck. Dank seiner geringen Gr\u00f6\u00dfe findet dieser Drucker bequem Platz auf deinem Schreibtisch. Der Drucker hat kein WLAN. Deine Druckauftr\u00e4ge sendest du deshalb kabelgebunden \u00fcber ein Druckerkabel.    Drucker mit dynamischer Sicherheit  Bestimmte HP-Drucker sind daf\u00fcr ausgelegt, nur mit Patronen zu funktionieren, die neue oder wiederverwendete HP-Chips oder elektronische HP-Schaltkreise aufweisen. Diese Drucker nutzen dynamische Sicherheitsfunktionen, um Patronen zu blockieren, die mit einem Chip oder einer elektronischen Schaltung ausgestattet sind, die nicht von HP stammen. Die Wirksamkeit dieser Funktionen wird durch regelm\u00e4\u00dfige Firmware-Updates garantiert, sodass auch Patronen blockiert werden, die fr\u00fcher durchaus funktioniert haben. Wiederverwendete HP-Chips und elektronische HP-Schaltungen erm\u00f6glichen die Nutzung wiederverwendeter, recycelter und neu bef\u00fcllter Patronen.<\/p>\n","protected":false},"excerpt":{"rendered":"<p>Lege dir mit diesem Set aus HP LaserJet M234d + 1 zus\u00e4tzlichen schwarzen Toner einen Tintenvorrat zu. Mit dem Toner druckst du bis zu 1.100 Seiten in Schwarz-Wei\u00df. Den HP LaserJet M234d Multifunktions-Laserdrucker nutzt du f\u00fcr Ausdrucke an deinem Heimarbeitsplatz oder in einem kleinen B\u00fcro. Schwarz-Wei\u00df-Dokumente druckst du dank der hohen Druckgeschwindigkeit von 30 Seiten pro Minute ganz schnell aus. So h\u00e4ltst du deine Arbeitspapiere schnell in den H\u00e4nden. M\u00f6chtest du Papier sparen? Dann verwende den automatischen beidseitigen Druck. Dank seiner geringen Gr\u00f6\u00dfe findet dieser Drucker bequem Platz auf deinem Schreibtisch. Der Drucker hat kein WLAN. Deine Druckauftr\u00e4ge sendest du deshalb kabelgebunden \u00fcber ein Druckerkabel.    Drucker mit dynamischer Sicherheit  Bestimmte HP-Drucker sind daf\u00fcr ausgelegt, nur mit Patronen zu funktionieren, die neue oder wiederverwendete HP-Chips oder elektronische HP-Schaltkreise aufweisen. Diese Drucker nutzen dynamische Sicherheitsfunktionen, um Patronen zu blockieren, die mit einem Chip oder einer elektronischen Schaltung ausgestattet sind, die nicht von HP stammen. Die Wirksamkeit dieser Funktionen wird durch regelm\u00e4\u00dfige Firmware-Updates garantiert, sodass auch Patronen blockiert werden, die fr\u00fcher durchaus funktioniert haben. Wiederverwendete HP-Chips und elektronische HP-Schaltungen erm\u00f6glichen die Nutzung wiederverwendeter, recycelter und neu bef\u00fcllter Patronen.<\/p>\n","protected":false},"featured_media":0,"comment_status":"closed","ping_status":"open","template":"","meta":{"_acf_changed":false},"brand":[90],"product_brand":[],"product_cat":[2205],"product_tag":[4823],"class_list":{"0":"post-82753","1":"product","2":"type-product","3":"status-publish","5":"brand-hp","6":"product_cat-drucker","7":"product_tag-laserprinters","8":"pa_condition-new","9":"pa_coolblue-de-verzending-morgen-gratis-geliefert","10":"pa_ean-25982","12":"first","13":"instock","14":"product-type-external"},"acf":[],"_links":{"self":[{"href":"https:\/\/onlinehardwareshop.de\/index.php\/wp-json\/wp\/v2\/product\/82753","targetHints":{"allow":["GET"]}}],"collection":[{"href":"https:\/\/onlinehardwareshop.de\/index.php\/wp-json\/wp\/v2\/product"}],"about":[{"href":"https:\/\/onlinehardwareshop.de\/index.php\/wp-json\/wp\/v2\/types\/product"}],"replies":[{"embeddable":true,"href":"https:\/\/onlinehardwareshop.de\/index.php\/wp-json\/wp\/v2\/comments?post=82753"}],"wp:attachment":[{"href":"https:\/\/onlinehardwareshop.de\/index.php\/wp-json\/wp\/v2\/media?parent=82753"}],"wp:term":[{"taxonomy":"brand","embeddable":true,"href":"https:\/\/onlinehardwareshop.de\/index.php\/wp-json\/wp\/v2\/brand?post=82753"},{"taxonomy":"product_brand","embeddable":true,"href":"https:\/\/onlinehardwareshop.de\/index.php\/wp-json\/wp\/v2\/product_brand?post=82753"},{"taxonomy":"product_cat","embeddable":true,"href":"https:\/\/onlinehardwareshop.de\/index.php\/wp-json\/wp\/v2\/product_cat?post=82753"},{"taxonomy":"product_tag","embeddable":true,"href":"https:\/\/onlinehardwareshop.de\/index.php\/wp-json\/wp\/v2\/product_tag?post=82753"}],"curies":[{"name":"wp","href":"https:\/\/api.w.org\/{rel}","templated":true}]}}