{"id":82751,"date":"2024-03-05T21:24:36","date_gmt":"2024-03-05T21:24:36","guid":{"rendered":"https:\/\/onlinehardwareshop.de\/index.php\/produkt\/hp-laserjet-m207dw-1-zustzlicher-schwarzer-toner-2\/"},"modified":"2025-05-14T16:55:49","modified_gmt":"2025-05-14T16:55:49","slug":"hp-laserjet-m207dw-1-zustzlicher-schwarzer-toner","status":"publish","type":"product","link":"https:\/\/onlinehardwareshop.de\/index.php\/produkt\/hp-laserjet-m207dw-1-zustzlicher-schwarzer-toner\/","title":{"rendered":"HP LaserJet M207dw + 1 zus&#xE4;tzlicher schwarzer Toner"},"content":{"rendered":"<p>Lege dir mit diesem Set aus HP LaserJet M207dw + 1 zus\u00e4tzlichen schwarzen Toner einen Tintenvorrat zu. Mit dem Toner druckst du bis zu 1.100 Seiten in Schwarz-Wei\u00df. Mit dem HP LaserJet M207dw stattest du deinen Heimarbeitsplatz oder ein kleines B\u00fcro mit einem kompakten Laserdrucker aus. Dank der Druckgeschwindigkeit von 28 Seiten pro Minute h\u00e4ltst du deinen umfangreichen Arbeitsbericht ganz schnell in den H\u00e4nden. Der LaserJet M207dw druckt au\u00dferdem automatisch beidseitig, wodurch du Papier sparst. Du sendest deine Druckauftr\u00e4ge kabelgebunden \u00fcber Wi-Fi Direct, Apple AirPrint oder die HP Smart App. Alternativ verbindest du den Drucker \u00fcber ein USB-Kabel mit deinem PC. Dank seiner geringen Gr\u00f6\u00dfe passt dieser Drucker ganz bequem auf deinen Schreibtisch.    Drucker mit dynamischer Sicherheit  Bestimmte HP Drucker sind daf\u00fcr ausgelegt, nur mit Patronen zu funktionieren, die neue oder wiederverwendete HP Chips oder elektronische HP Schaltkreise aufweisen. Diese Drucker nutzen dynamische Sicherheitsfunktionen, um Patronen zu blockieren, die mit einem Chip oder einer elektronischen Schaltung ausgestattet sind, die nicht von HP stammen. Die Wirksamkeit dieser Funktionen wird durch regelm\u00e4\u00dfige Firmware-Updates garantiert, sodass auch Patronen blockiert werden, die fr\u00fcher durchaus funktioniert haben. Wiederverwendete HP Chips und elektronische HP Schaltungen erm\u00f6glichen die Nutzung wiederverwendeter, recycelter und neu bef\u00fcllter Patronen.<\/p>\n","protected":false},"excerpt":{"rendered":"<p>Lege dir mit diesem Set aus HP LaserJet M207dw + 1 zus\u00e4tzlichen schwarzen Toner einen Tintenvorrat zu. Mit dem Toner druckst du bis zu 1.100 Seiten in Schwarz-Wei\u00df. Mit dem HP LaserJet M207dw stattest du deinen Heimarbeitsplatz oder ein kleines B\u00fcro mit einem kompakten Laserdrucker aus. Dank der Druckgeschwindigkeit von 28 Seiten pro Minute h\u00e4ltst du deinen umfangreichen Arbeitsbericht ganz schnell in den H\u00e4nden. Der LaserJet M207dw druckt au\u00dferdem automatisch beidseitig, wodurch du Papier sparst. Du sendest deine Druckauftr\u00e4ge kabelgebunden \u00fcber Wi-Fi Direct, Apple AirPrint oder die HP Smart App. Alternativ verbindest du den Drucker \u00fcber ein USB-Kabel mit deinem PC. Dank seiner geringen Gr\u00f6\u00dfe passt dieser Drucker ganz bequem auf deinen Schreibtisch.    Drucker mit dynamischer Sicherheit  Bestimmte HP Drucker sind daf\u00fcr ausgelegt, nur mit Patronen zu funktionieren, die neue oder wiederverwendete HP Chips oder elektronische HP Schaltkreise aufweisen. Diese Drucker nutzen dynamische Sicherheitsfunktionen, um Patronen zu blockieren, die mit einem Chip oder einer elektronischen Schaltung ausgestattet sind, die nicht von HP stammen. Die Wirksamkeit dieser Funktionen wird durch regelm\u00e4\u00dfige Firmware-Updates garantiert, sodass auch Patronen blockiert werden, die fr\u00fcher durchaus funktioniert haben. Wiederverwendete HP Chips und elektronische HP Schaltungen erm\u00f6glichen die Nutzung wiederverwendeter, recycelter und neu bef\u00fcllter Patronen.<\/p>\n","protected":false},"featured_media":0,"comment_status":"closed","ping_status":"open","template":"","meta":{"_acf_changed":false},"brand":[90],"product_brand":[],"product_cat":[2205],"product_tag":[4823],"class_list":{"0":"post-82751","1":"product","2":"type-product","3":"status-publish","5":"brand-hp","6":"product_cat-drucker","7":"product_tag-laserprinters","8":"pa_condition-new","9":"pa_coolblue-de-verzending-morgen-gratis-geliefert","10":"pa_ean-25978","12":"first","13":"instock","14":"product-type-external"},"acf":[],"_links":{"self":[{"href":"https:\/\/onlinehardwareshop.de\/index.php\/wp-json\/wp\/v2\/product\/82751","targetHints":{"allow":["GET"]}}],"collection":[{"href":"https:\/\/onlinehardwareshop.de\/index.php\/wp-json\/wp\/v2\/product"}],"about":[{"href":"https:\/\/onlinehardwareshop.de\/index.php\/wp-json\/wp\/v2\/types\/product"}],"replies":[{"embeddable":true,"href":"https:\/\/onlinehardwareshop.de\/index.php\/wp-json\/wp\/v2\/comments?post=82751"}],"wp:attachment":[{"href":"https:\/\/onlinehardwareshop.de\/index.php\/wp-json\/wp\/v2\/media?parent=82751"}],"wp:term":[{"taxonomy":"brand","embeddable":true,"href":"https:\/\/onlinehardwareshop.de\/index.php\/wp-json\/wp\/v2\/brand?post=82751"},{"taxonomy":"product_brand","embeddable":true,"href":"https:\/\/onlinehardwareshop.de\/index.php\/wp-json\/wp\/v2\/product_brand?post=82751"},{"taxonomy":"product_cat","embeddable":true,"href":"https:\/\/onlinehardwareshop.de\/index.php\/wp-json\/wp\/v2\/product_cat?post=82751"},{"taxonomy":"product_tag","embeddable":true,"href":"https:\/\/onlinehardwareshop.de\/index.php\/wp-json\/wp\/v2\/product_tag?post=82751"}],"curies":[{"name":"wp","href":"https:\/\/api.w.org\/{rel}","templated":true}]}}