{"id":82738,"date":"2024-09-12T03:21:16","date_gmt":"2024-09-12T03:21:16","guid":{"rendered":"https:\/\/onlinehardwareshop.de\/index.php\/produkt\/jabra-evolve2-85-usb-c-ms-kabelloses-office-headset-2\/"},"modified":"2025-05-14T16:54:43","modified_gmt":"2025-05-14T16:54:43","slug":"jabra-evolve2-85-usb-c-ms-kabelloses-office-headset","status":"publish","type":"product","link":"https:\/\/onlinehardwareshop.de\/index.php\/produkt\/jabra-evolve2-85-usb-c-ms-kabelloses-office-headset\/","title":{"rendered":"Jabra Evolve2 85 USB-C MS Kabelloses Office-Headset"},"content":{"rendered":"<p>Mit dem Jabra Evolve2 85 USB-C MS Kabellosen Office Headset telefonierst du stundenlang mit deinen Kunden. M\u00f6glich macht dies die lange Akkulaufzeit, mit der du das Headset bis zu 37 Stunden nutzt. Verbinde das Headset \u00fcber Bluetooth mit jedem Smartphone, Laptop oder PC. Das komfortable Design sorgt, dass deine Ohren weniger belastet werden. Dank der aktiven Noise Cancelling nimmst du Umgebungsger\u00e4usche weniger wahr. Das Headset verf\u00fcgt \u00fcber zehn Mikrofone, damit deine Gespr\u00e4chspartner dich gut verstehen. Sobald du den H\u00f6rer abnimmst, leuchtet ein rotes Licht auf. So wissen deine Kollegen, dass du telefonierst.   Dieses Headset wurde speziell f\u00fcr die Kommunikation \u00fcber Microsoft Teams entwickelt. Nimm an einem Meeting teil oder starte Microsoft Teams, indem du eine Taste an der H\u00f6rmuschel dr\u00fcckst. Das Headset informiert dich, wenn du einen Anruf verpasst hast, eine Mailbox-Nachricht erh\u00e4ltst oder eine Besprechung hast.<\/p>\n","protected":false},"excerpt":{"rendered":"<p>Mit dem Jabra Evolve2 85 USB-C MS Kabellosen Office Headset telefonierst du stundenlang mit deinen Kunden. M\u00f6glich macht dies die lange Akkulaufzeit, mit der du das Headset bis zu 37 Stunden nutzt. Verbinde das Headset \u00fcber Bluetooth mit jedem Smartphone, Laptop oder PC. Das komfortable Design sorgt, dass deine Ohren weniger belastet werden. Dank der aktiven Noise Cancelling nimmst du Umgebungsger\u00e4usche weniger wahr. Das Headset verf\u00fcgt \u00fcber zehn Mikrofone, damit deine Gespr\u00e4chspartner dich gut verstehen. Sobald du den H\u00f6rer abnimmst, leuchtet ein rotes Licht auf. So wissen deine Kollegen, dass du telefonierst.   Dieses Headset wurde speziell f\u00fcr die Kommunikation \u00fcber Microsoft Teams entwickelt. Nimm an einem Meeting teil oder starte Microsoft Teams, indem du eine Taste an der H\u00f6rmuschel dr\u00fcckst. Das Headset informiert dich, wenn du einen Anruf verpasst hast, eine Mailbox-Nachricht erh\u00e4ltst oder eine Besprechung hast.<\/p>\n","protected":false},"featured_media":0,"comment_status":"closed","ping_status":"open","template":"","meta":{"_acf_changed":false},"brand":[815],"product_brand":[],"product_cat":[257],"product_tag":[258],"class_list":{"0":"post-82738","1":"product","2":"type-product","3":"status-publish","5":"brand-jabra","6":"product_cat-office-headsets","7":"product_tag-headsets-office","8":"pa_condition-new","9":"pa_coolblue-de-verzending-morgen-gratis-geliefert","10":"pa_ean-25972","11":"pa_mpn-28599-999-899","13":"first","14":"instock","15":"product-type-external"},"acf":[],"_links":{"self":[{"href":"https:\/\/onlinehardwareshop.de\/index.php\/wp-json\/wp\/v2\/product\/82738","targetHints":{"allow":["GET"]}}],"collection":[{"href":"https:\/\/onlinehardwareshop.de\/index.php\/wp-json\/wp\/v2\/product"}],"about":[{"href":"https:\/\/onlinehardwareshop.de\/index.php\/wp-json\/wp\/v2\/types\/product"}],"replies":[{"embeddable":true,"href":"https:\/\/onlinehardwareshop.de\/index.php\/wp-json\/wp\/v2\/comments?post=82738"}],"wp:attachment":[{"href":"https:\/\/onlinehardwareshop.de\/index.php\/wp-json\/wp\/v2\/media?parent=82738"}],"wp:term":[{"taxonomy":"brand","embeddable":true,"href":"https:\/\/onlinehardwareshop.de\/index.php\/wp-json\/wp\/v2\/brand?post=82738"},{"taxonomy":"product_brand","embeddable":true,"href":"https:\/\/onlinehardwareshop.de\/index.php\/wp-json\/wp\/v2\/product_brand?post=82738"},{"taxonomy":"product_cat","embeddable":true,"href":"https:\/\/onlinehardwareshop.de\/index.php\/wp-json\/wp\/v2\/product_cat?post=82738"},{"taxonomy":"product_tag","embeddable":true,"href":"https:\/\/onlinehardwareshop.de\/index.php\/wp-json\/wp\/v2\/product_tag?post=82738"}],"curies":[{"name":"wp","href":"https:\/\/api.w.org\/{rel}","templated":true}]}}