{"id":82725,"date":"2024-02-12T09:38:40","date_gmt":"2024-02-12T09:38:40","guid":{"rendered":"https:\/\/onlinehardwareshop.de\/index.php\/produkt\/kingston-fury-renegade-ddr5-cudimm-8-400mt-s-cl40-24gb-2\/"},"modified":"2025-05-14T16:54:04","modified_gmt":"2025-05-14T16:54:04","slug":"kingston-fury-renegade-ddr5-cudimm-8-400mt-s-cl40-24gb","status":"publish","type":"product","link":"https:\/\/onlinehardwareshop.de\/index.php\/produkt\/kingston-fury-renegade-ddr5-cudimm-8-400mt-s-cl40-24gb\/","title":{"rendered":"Kingston FURY Renegade DDR5 CUDIMM 8.400&#xA0;MT\/s CL40 24GB"},"content":{"rendered":"<p>Hinweis: Dieser DDR5-DIMM-Speicher ist nur f\u00fcr PCs geeignet, nicht aber f\u00fcr Laptops oder Macs. Der Computer ben\u00f6tigt dazu einen DDR5-Anschluss. \u00dcberpr\u00fcfe dies \u00fcber Windows Task-Manager > Mehr Details > unter dem Reiter &#8222;Leistung&#8220;. Unter &#8222;Speicher&#8220; steht dann DDR5. Ein DDR5-Speichermodul funktioniert nicht mit einem DDR3- oder DDR4-Motherboard. Au\u00dferdem ben\u00f6tigst du mindestens einen Intel Prozessor der 12. Generation oder einen Ryzen Prozessor der 7000er Serie.  Verpasse dem Speicher deines Gaming-PCs mit dem Kingston FURY Renegade DDR5 CUDIMM 8.400\u00a0MT\/s CL40 24\u00a0GB RAM-Modul ein Upgrade. Dieses RAM-Modul ist f\u00fcr Windows geeignet. Die RGB-Beleuchtung des Moduls verleiht deinem PC-Geh\u00e4use einen Hauch Farbe. Dank der Speichergeschwindigkeit von 8.400\u00a0MT\/s sorgt dieses Modul daf\u00fcr, dass dein RAM Aufgaben schneller verarbeitet. Dadurch laden auch deine Spiele schneller. Der Arbeitsspeicher ist \u00fcber ein 24\u00a0GB gro\u00dfes RAM-Modul verteilt. Mithilfe der Unterst\u00fctzung von Intel XMP 3.0 passt du die Geschwindigkeit des Moduls selbst an. Dar\u00fcber hinaus ist das Modul zum \u00dcbertakten geeignet. Es verteilt au\u00dferdem die Hitze besser und h\u00e4lt dadurch l\u00e4nger. Du erh\u00e4ltst lebenslange Garantie auf das Modul.<\/p>\n","protected":false},"excerpt":{"rendered":"<p>Hinweis: Dieser DDR5-DIMM-Speicher ist nur f\u00fcr PCs geeignet, nicht aber f\u00fcr Laptops oder Macs. Der Computer ben\u00f6tigt dazu einen DDR5-Anschluss. \u00dcberpr\u00fcfe dies \u00fcber Windows Task-Manager > Mehr Details > unter dem Reiter &#8222;Leistung&#8220;. Unter &#8222;Speicher&#8220; steht dann DDR5. Ein DDR5-Speichermodul funktioniert nicht mit einem DDR3- oder DDR4-Motherboard. Au\u00dferdem ben\u00f6tigst du mindestens einen Intel Prozessor der 12. Generation oder einen Ryzen Prozessor der 7000er Serie.  Verpasse dem Speicher deines Gaming-PCs mit dem Kingston FURY Renegade DDR5 CUDIMM 8.400\u00a0MT\/s CL40 24\u00a0GB RAM-Modul ein Upgrade. Dieses RAM-Modul ist f\u00fcr Windows geeignet. Die RGB-Beleuchtung des Moduls verleiht deinem PC-Geh\u00e4use einen Hauch Farbe. Dank der Speichergeschwindigkeit von 8.400\u00a0MT\/s sorgt dieses Modul daf\u00fcr, dass dein RAM Aufgaben schneller verarbeitet. Dadurch laden auch deine Spiele schneller. Der Arbeitsspeicher ist \u00fcber ein 24\u00a0GB gro\u00dfes RAM-Modul verteilt. Mithilfe der Unterst\u00fctzung von Intel XMP 3.0 passt du die Geschwindigkeit des Moduls selbst an. Dar\u00fcber hinaus ist das Modul zum \u00dcbertakten geeignet. Es verteilt au\u00dferdem die Hitze besser und h\u00e4lt dadurch l\u00e4nger. Du erh\u00e4ltst lebenslange Garantie auf das Modul.<\/p>\n","protected":false},"featured_media":0,"comment_status":"closed","ping_status":"open","template":"","meta":{"_acf_changed":false},"brand":[2956],"product_brand":[],"product_cat":[2796],"product_tag":[2797],"class_list":{"0":"post-82725","1":"product","2":"type-product","3":"status-publish","5":"brand-kingston","6":"product_cat-ram","7":"product_tag-intern-geheugen-voor-desktop","8":"pa_condition-new","9":"pa_coolblue-de-verzending-morgen-gratis-geliefert","10":"pa_ean-25952","11":"pa_mpn-kf584cu40rs-24","13":"first","14":"instock","15":"product-type-external"},"acf":[],"_links":{"self":[{"href":"https:\/\/onlinehardwareshop.de\/index.php\/wp-json\/wp\/v2\/product\/82725","targetHints":{"allow":["GET"]}}],"collection":[{"href":"https:\/\/onlinehardwareshop.de\/index.php\/wp-json\/wp\/v2\/product"}],"about":[{"href":"https:\/\/onlinehardwareshop.de\/index.php\/wp-json\/wp\/v2\/types\/product"}],"replies":[{"embeddable":true,"href":"https:\/\/onlinehardwareshop.de\/index.php\/wp-json\/wp\/v2\/comments?post=82725"}],"wp:attachment":[{"href":"https:\/\/onlinehardwareshop.de\/index.php\/wp-json\/wp\/v2\/media?parent=82725"}],"wp:term":[{"taxonomy":"brand","embeddable":true,"href":"https:\/\/onlinehardwareshop.de\/index.php\/wp-json\/wp\/v2\/brand?post=82725"},{"taxonomy":"product_brand","embeddable":true,"href":"https:\/\/onlinehardwareshop.de\/index.php\/wp-json\/wp\/v2\/product_brand?post=82725"},{"taxonomy":"product_cat","embeddable":true,"href":"https:\/\/onlinehardwareshop.de\/index.php\/wp-json\/wp\/v2\/product_cat?post=82725"},{"taxonomy":"product_tag","embeddable":true,"href":"https:\/\/onlinehardwareshop.de\/index.php\/wp-json\/wp\/v2\/product_tag?post=82725"}],"curies":[{"name":"wp","href":"https:\/\/api.w.org\/{rel}","templated":true}]}}