{"id":82723,"date":"2025-04-29T17:35:03","date_gmt":"2025-04-29T17:35:03","guid":{"rendered":"https:\/\/onlinehardwareshop.de\/index.php\/produkt\/kingston-fury-renegade-rgb-ddr5-cudimm-8-400mt-s-cl40-24gb-2\/"},"modified":"2025-05-14T16:53:55","modified_gmt":"2025-05-14T16:53:55","slug":"kingston-fury-renegade-rgb-ddr5-cudimm-8-400mt-s-cl40-24gb","status":"publish","type":"product","link":"https:\/\/onlinehardwareshop.de\/index.php\/produkt\/kingston-fury-renegade-rgb-ddr5-cudimm-8-400mt-s-cl40-24gb\/","title":{"rendered":"Kingston FURY Renegade RGB DDR5 CUDIMM 8.400&#xA0;MT\/s CL40 24GB"},"content":{"rendered":"<p>Hinweis: Dieser DDR5-DIMM-RAM ist nur f\u00fcr PCs geeignet, nicht aber f\u00fcr Laptops oder Macs. Der Computer ben\u00f6tigt dazu einen DDR5-Anschluss. \u00dcberpr\u00fcfe dies \u00fcber Windows Task-Manager > Mehr Details > unter dem Reiter &#8222;Leistung&#8220;. Unter &#8222;Speicher&#8220; steht dann DDR5. Ein DDR5-Speichermodul funktioniert nicht mit einem DDR3- oder DDR4-Motherboard. Au\u00dferdem ben\u00f6tigst du mindestens einen Intel Prozessor der 12. Generation oder einen Ryzen Prozessor der 7000er Serie.  Verpasse dem Speicher deines PCs mit dem Kingston FURY Renegade RGB DDR5 CUDIMM 8.400\u00a0MT\/s CL40 48\u00a0GB RAM-Modul ein Upgrade. Dieses RAM-Modul ist f\u00fcr Windows geeignet. Die RGB-Beleuchtung des Moduls verleiht deinem PC einen Hauch Farbe. Dank der Speichertaktrate von 8.400\u00a0MT\/s laden deine Spiele schnell. Mithilfe der XMP-3.0-Unterst\u00fctzung passt du die Geschwindigkeit des Moduls selbst an. Dar\u00fcber hinaus ist das Modul zum \u00dcbertakten geeignet. Der Arbeitsspeicher betr\u00e4gt insgesamt 24\u00a0GB. Au\u00dferdem verf\u00fcgt dieses neue DDR5-Modul \u00fcber einen Heat Spreader und h\u00e4lt daher l\u00e4nger. Du erh\u00e4ltst lebenslange Garantie auf das Modul.<\/p>\n","protected":false},"excerpt":{"rendered":"<p>Hinweis: Dieser DDR5-DIMM-RAM ist nur f\u00fcr PCs geeignet, nicht aber f\u00fcr Laptops oder Macs. Der Computer ben\u00f6tigt dazu einen DDR5-Anschluss. \u00dcberpr\u00fcfe dies \u00fcber Windows Task-Manager > Mehr Details > unter dem Reiter &#8222;Leistung&#8220;. Unter &#8222;Speicher&#8220; steht dann DDR5. Ein DDR5-Speichermodul funktioniert nicht mit einem DDR3- oder DDR4-Motherboard. Au\u00dferdem ben\u00f6tigst du mindestens einen Intel Prozessor der 12. Generation oder einen Ryzen Prozessor der 7000er Serie.  Verpasse dem Speicher deines PCs mit dem Kingston FURY Renegade RGB DDR5 CUDIMM 8.400\u00a0MT\/s CL40 48\u00a0GB RAM-Modul ein Upgrade. Dieses RAM-Modul ist f\u00fcr Windows geeignet. Die RGB-Beleuchtung des Moduls verleiht deinem PC einen Hauch Farbe. Dank der Speichertaktrate von 8.400\u00a0MT\/s laden deine Spiele schnell. Mithilfe der XMP-3.0-Unterst\u00fctzung passt du die Geschwindigkeit des Moduls selbst an. Dar\u00fcber hinaus ist das Modul zum \u00dcbertakten geeignet. Der Arbeitsspeicher betr\u00e4gt insgesamt 24\u00a0GB. Au\u00dferdem verf\u00fcgt dieses neue DDR5-Modul \u00fcber einen Heat Spreader und h\u00e4lt daher l\u00e4nger. Du erh\u00e4ltst lebenslange Garantie auf das Modul.<\/p>\n","protected":false},"featured_media":0,"comment_status":"closed","ping_status":"open","template":"","meta":{"_acf_changed":false},"brand":[2956],"product_brand":[],"product_cat":[2796],"product_tag":[2797],"class_list":{"0":"post-82723","1":"product","2":"type-product","3":"status-publish","5":"brand-kingston","6":"product_cat-ram","7":"product_tag-intern-geheugen-voor-desktop","8":"pa_condition-new","9":"pa_coolblue-de-verzending-morgen-gratis-geliefert","10":"pa_ean-25948","11":"pa_mpn-kf584cu40rsa-24","13":"first","14":"instock","15":"product-type-external"},"acf":[],"_links":{"self":[{"href":"https:\/\/onlinehardwareshop.de\/index.php\/wp-json\/wp\/v2\/product\/82723","targetHints":{"allow":["GET"]}}],"collection":[{"href":"https:\/\/onlinehardwareshop.de\/index.php\/wp-json\/wp\/v2\/product"}],"about":[{"href":"https:\/\/onlinehardwareshop.de\/index.php\/wp-json\/wp\/v2\/types\/product"}],"replies":[{"embeddable":true,"href":"https:\/\/onlinehardwareshop.de\/index.php\/wp-json\/wp\/v2\/comments?post=82723"}],"wp:attachment":[{"href":"https:\/\/onlinehardwareshop.de\/index.php\/wp-json\/wp\/v2\/media?parent=82723"}],"wp:term":[{"taxonomy":"brand","embeddable":true,"href":"https:\/\/onlinehardwareshop.de\/index.php\/wp-json\/wp\/v2\/brand?post=82723"},{"taxonomy":"product_brand","embeddable":true,"href":"https:\/\/onlinehardwareshop.de\/index.php\/wp-json\/wp\/v2\/product_brand?post=82723"},{"taxonomy":"product_cat","embeddable":true,"href":"https:\/\/onlinehardwareshop.de\/index.php\/wp-json\/wp\/v2\/product_cat?post=82723"},{"taxonomy":"product_tag","embeddable":true,"href":"https:\/\/onlinehardwareshop.de\/index.php\/wp-json\/wp\/v2\/product_tag?post=82723"}],"curies":[{"name":"wp","href":"https:\/\/api.w.org\/{rel}","templated":true}]}}