{"id":82693,"date":"2025-01-13T07:41:45","date_gmt":"2025-01-13T07:41:45","guid":{"rendered":"https:\/\/onlinehardwareshop.de\/index.php\/produkt\/jabra-engage-75-se-kabelloses-office-headset-2\/"},"modified":"2025-05-14T16:51:25","modified_gmt":"2025-05-14T16:51:25","slug":"jabra-engage-75-se-kabelloses-office-headset","status":"publish","type":"product","link":"https:\/\/onlinehardwareshop.de\/index.php\/produkt\/jabra-engage-75-se-kabelloses-office-headset\/","title":{"rendered":"Jabra Engage 75 SE Kabelloses Office-Headset"},"content":{"rendered":"<p>Mit dem Jabra Engage 75 SE Kabellosen Office-Headset holst du dir w\u00e4hrend eines Telefonats entspannt eine Tasse Kaffee. Du verbindest das Office-Headset \u00fcber die Dockingstation mit deinen Ger\u00e4ten. Die Dockingstation hat eine Funkreichweite von 150 Metern. Dank des ger\u00e4uschunterdr\u00fcckenden Mikrofons wird dein Gespr\u00e4chspartner nicht durch Umgebungsger\u00e4usche gest\u00f6rt. Die zwei Ohrmuscheln sorgen daf\u00fcr, dass du dich ganz auf dein Telefongespr\u00e4ch konzentrierst. An dem Licht, das am Mikrofon und an der Ohrmuschel aufleuchtet, erkennen auch deine Kollegen, dass du gerade telefonierst. Dank einer Gespr\u00e4chszeit  von bis zu 13 Stunden hast du genug Akku f\u00fcr den ganzen Arbeitstag, ohne das Office-Headset zwischendurch zu laden. Wenn der Akku leer ist, l\u00e4dst du ihn innerhalb von 90 Minuten wieder vollst\u00e4ndig auf.<\/p>\n","protected":false},"excerpt":{"rendered":"<p>Mit dem Jabra Engage 75 SE Kabellosen Office-Headset holst du dir w\u00e4hrend eines Telefonats entspannt eine Tasse Kaffee. Du verbindest das Office-Headset \u00fcber die Dockingstation mit deinen Ger\u00e4ten. Die Dockingstation hat eine Funkreichweite von 150 Metern. Dank des ger\u00e4uschunterdr\u00fcckenden Mikrofons wird dein Gespr\u00e4chspartner nicht durch Umgebungsger\u00e4usche gest\u00f6rt. Die zwei Ohrmuscheln sorgen daf\u00fcr, dass du dich ganz auf dein Telefongespr\u00e4ch konzentrierst. An dem Licht, das am Mikrofon und an der Ohrmuschel aufleuchtet, erkennen auch deine Kollegen, dass du gerade telefonierst. Dank einer Gespr\u00e4chszeit  von bis zu 13 Stunden hast du genug Akku f\u00fcr den ganzen Arbeitstag, ohne das Office-Headset zwischendurch zu laden. Wenn der Akku leer ist, l\u00e4dst du ihn innerhalb von 90 Minuten wieder vollst\u00e4ndig auf.<\/p>\n","protected":false},"featured_media":0,"comment_status":"closed","ping_status":"open","template":"","meta":{"_acf_changed":false},"brand":[815],"product_brand":[],"product_cat":[257],"product_tag":[258],"class_list":{"0":"post-82693","1":"product","2":"type-product","3":"status-publish","5":"brand-jabra","6":"product_cat-office-headsets","7":"product_tag-headsets-office","8":"pa_condition-new","9":"pa_coolblue-de-verzending-morgen-gratis-geliefert","10":"pa_ean-25900","11":"pa_mpn-9659-583-111","13":"first","14":"instock","15":"product-type-external"},"acf":[],"_links":{"self":[{"href":"https:\/\/onlinehardwareshop.de\/index.php\/wp-json\/wp\/v2\/product\/82693","targetHints":{"allow":["GET"]}}],"collection":[{"href":"https:\/\/onlinehardwareshop.de\/index.php\/wp-json\/wp\/v2\/product"}],"about":[{"href":"https:\/\/onlinehardwareshop.de\/index.php\/wp-json\/wp\/v2\/types\/product"}],"replies":[{"embeddable":true,"href":"https:\/\/onlinehardwareshop.de\/index.php\/wp-json\/wp\/v2\/comments?post=82693"}],"wp:attachment":[{"href":"https:\/\/onlinehardwareshop.de\/index.php\/wp-json\/wp\/v2\/media?parent=82693"}],"wp:term":[{"taxonomy":"brand","embeddable":true,"href":"https:\/\/onlinehardwareshop.de\/index.php\/wp-json\/wp\/v2\/brand?post=82693"},{"taxonomy":"product_brand","embeddable":true,"href":"https:\/\/onlinehardwareshop.de\/index.php\/wp-json\/wp\/v2\/product_brand?post=82693"},{"taxonomy":"product_cat","embeddable":true,"href":"https:\/\/onlinehardwareshop.de\/index.php\/wp-json\/wp\/v2\/product_cat?post=82693"},{"taxonomy":"product_tag","embeddable":true,"href":"https:\/\/onlinehardwareshop.de\/index.php\/wp-json\/wp\/v2\/product_tag?post=82693"}],"curies":[{"name":"wp","href":"https:\/\/api.w.org\/{rel}","templated":true}]}}