{"id":82663,"date":"2024-09-14T19:20:47","date_gmt":"2024-09-14T19:20:47","guid":{"rendered":"https:\/\/onlinehardwareshop.de\/index.php\/produkt\/canon-pixma-ts5151-1-satz-xl-reservepatronen-2\/"},"modified":"2025-05-14T16:48:54","modified_gmt":"2025-05-14T16:48:54","slug":"canon-pixma-ts5151-1-satz-xl-reservepatronen","status":"publish","type":"product","link":"https:\/\/onlinehardwareshop.de\/index.php\/produkt\/canon-pixma-ts5151-1-satz-xl-reservepatronen\/","title":{"rendered":"Canon PIXMA TS5151 + 1 Satz XL-Reservepatronen"},"content":{"rendered":"<p>Lege dir mit dem Set aus Canon PIXMA TS5151 + 1 Satz XL-Ersatzpatronen zus\u00e4tzlich zum Drucker auch eine schwarze Patrone und eine Farbpatrone in XL zu. Mit den XL-Patronen druckst du bis zu 400 Seiten in Farbe und 600 Seiten in Schwarz-Wei\u00df aus, sodass du vorerst gen\u00fcgend Tinte hast. Dar\u00fcber hinaus erh\u00e4ltst du 50 B\u00f6gen Fotopapier. Mit dem Canon PIXMA TS5151 Multifunktionsdrucker druckst, scannst und kopierst du Dokumente in Farbe oder Schwarz-Wei\u00df. Fotos druckst du randlos mit einer hohen Aufl\u00f6sung von 4.800\u00a0x 1.200\u00a0dpi. Da der Drucker WLAN unterst\u00fctzt, ben\u00f6tigst du kein Druckerkabel, sondern druckst kabellos \u00fcber deinen Laptop, dein Tablet oder dein Smartphone. Der TS5151 unterst\u00fctzt auch Bluetooth. M\u00f6chtest du die Einstellungen anpassen oder ein neues Ger\u00e4t hinzuf\u00fcgen? Das geht ganz einfach \u00fcber den Touchscreen.<\/p>\n","protected":false},"excerpt":{"rendered":"<p>Lege dir mit dem Set aus Canon PIXMA TS5151 + 1 Satz XL-Ersatzpatronen zus\u00e4tzlich zum Drucker auch eine schwarze Patrone und eine Farbpatrone in XL zu. Mit den XL-Patronen druckst du bis zu 400 Seiten in Farbe und 600 Seiten in Schwarz-Wei\u00df aus, sodass du vorerst gen\u00fcgend Tinte hast. Dar\u00fcber hinaus erh\u00e4ltst du 50 B\u00f6gen Fotopapier. Mit dem Canon PIXMA TS5151 Multifunktionsdrucker druckst, scannst und kopierst du Dokumente in Farbe oder Schwarz-Wei\u00df. Fotos druckst du randlos mit einer hohen Aufl\u00f6sung von 4.800\u00a0x 1.200\u00a0dpi. Da der Drucker WLAN unterst\u00fctzt, ben\u00f6tigst du kein Druckerkabel, sondern druckst kabellos \u00fcber deinen Laptop, dein Tablet oder dein Smartphone. Der TS5151 unterst\u00fctzt auch Bluetooth. M\u00f6chtest du die Einstellungen anpassen oder ein neues Ger\u00e4t hinzuf\u00fcgen? Das geht ganz einfach \u00fcber den Touchscreen.<\/p>\n","protected":false},"featured_media":0,"comment_status":"closed","ping_status":"open","template":"","meta":{"_acf_changed":false},"brand":[61],"product_brand":[],"product_cat":[2205],"product_tag":[2206],"class_list":{"0":"post-82663","1":"product","2":"type-product","3":"status-publish","5":"brand-canon","6":"product_cat-drucker","7":"product_tag-inkjetprinters","8":"pa_condition-new","9":"pa_coolblue-de-verzending-morgen-gratis-geliefert","10":"pa_ean-25851","12":"first","13":"instock","14":"product-type-external"},"acf":[],"_links":{"self":[{"href":"https:\/\/onlinehardwareshop.de\/index.php\/wp-json\/wp\/v2\/product\/82663","targetHints":{"allow":["GET"]}}],"collection":[{"href":"https:\/\/onlinehardwareshop.de\/index.php\/wp-json\/wp\/v2\/product"}],"about":[{"href":"https:\/\/onlinehardwareshop.de\/index.php\/wp-json\/wp\/v2\/types\/product"}],"replies":[{"embeddable":true,"href":"https:\/\/onlinehardwareshop.de\/index.php\/wp-json\/wp\/v2\/comments?post=82663"}],"wp:attachment":[{"href":"https:\/\/onlinehardwareshop.de\/index.php\/wp-json\/wp\/v2\/media?parent=82663"}],"wp:term":[{"taxonomy":"brand","embeddable":true,"href":"https:\/\/onlinehardwareshop.de\/index.php\/wp-json\/wp\/v2\/brand?post=82663"},{"taxonomy":"product_brand","embeddable":true,"href":"https:\/\/onlinehardwareshop.de\/index.php\/wp-json\/wp\/v2\/product_brand?post=82663"},{"taxonomy":"product_cat","embeddable":true,"href":"https:\/\/onlinehardwareshop.de\/index.php\/wp-json\/wp\/v2\/product_cat?post=82663"},{"taxonomy":"product_tag","embeddable":true,"href":"https:\/\/onlinehardwareshop.de\/index.php\/wp-json\/wp\/v2\/product_tag?post=82663"}],"curies":[{"name":"wp","href":"https:\/\/api.w.org\/{rel}","templated":true}]}}