{"id":82659,"date":"2024-10-01T07:22:39","date_gmt":"2024-10-01T07:22:39","guid":{"rendered":"https:\/\/onlinehardwareshop.de\/index.php\/produkt\/stadler-form-eva-und-ben-zubehrset-sf-a-152-wei-2\/"},"modified":"2025-05-14T16:48:18","modified_gmt":"2025-05-14T16:48:18","slug":"stadler-form-eva-und-ben-zubehrset-sf-a-152-wei","status":"publish","type":"product","link":"https:\/\/onlinehardwareshop.de\/index.php\/produkt\/stadler-form-eva-und-ben-zubehrset-sf-a-152-wei\/","title":{"rendered":"Stadler Form Eva und Ben Zubeh&#xF6;rset SF-A-152 Wei&#xDF;"},"content":{"rendered":"<p>Mit dem Stadler Form Eva und Ben Zubeh\u00f6rset SF-A-152 Wei\u00df legst du dir ein umfassendes Set mit Pflegezubeh\u00f6r f\u00fcr deinen Luftbefeuchter zu. Damit pflegst du deinen Befeuchter und verl\u00e4ngerst die Lebensdauer des Ger\u00e4ts. Das Set enth\u00e4lt eine Antikalkkartusche, die Kalk aus dem Wasser filtert. Dadurch arbeitet der Luftbefeuchter besser und bedarf weniger Pflege. Mit den Entkalkungstabs beugst du Kalkablagerungen im Ger\u00e4t vor. So h\u00e4lt das Ger\u00e4t l\u00e4nger. Der Water Cube verhindert das Wachstum von Bakterien und Schimmel im Wasserbeh\u00e4lter. Du erh\u00e4ltst au\u00dferdem ein Hygrometer, mit dem du die Luftfeuchtigkeit immer im Blick beh\u00e4ltst.   Geeignet f\u00fcr:  Stadler Form Modelle Eva und Ben<\/p>\n","protected":false},"excerpt":{"rendered":"<p>Mit dem Stadler Form Eva und Ben Zubeh\u00f6rset SF-A-152 Wei\u00df legst du dir ein umfassendes Set mit Pflegezubeh\u00f6r f\u00fcr deinen Luftbefeuchter zu. Damit pflegst du deinen Befeuchter und verl\u00e4ngerst die Lebensdauer des Ger\u00e4ts. Das Set enth\u00e4lt eine Antikalkkartusche, die Kalk aus dem Wasser filtert. Dadurch arbeitet der Luftbefeuchter besser und bedarf weniger Pflege. Mit den Entkalkungstabs beugst du Kalkablagerungen im Ger\u00e4t vor. So h\u00e4lt das Ger\u00e4t l\u00e4nger. Der Water Cube verhindert das Wachstum von Bakterien und Schimmel im Wasserbeh\u00e4lter. Du erh\u00e4ltst au\u00dferdem ein Hygrometer, mit dem du die Luftfeuchtigkeit immer im Blick beh\u00e4ltst.   Geeignet f\u00fcr:  Stadler Form Modelle Eva und Ben<\/p>\n","protected":false},"featured_media":0,"comment_status":"closed","ping_status":"open","template":"","meta":{"_acf_changed":false},"brand":[894],"product_brand":[],"product_cat":[1017],"product_tag":[1018],"class_list":{"0":"post-82659","1":"product","2":"type-product","3":"status-publish","5":"brand-stadler-form","6":"product_cat-reinigungsmittel-fr-luftbefeuchter","7":"product_tag-schoonmaakmiddel-voor-luchtbevochtigers","8":"pa_condition-new","9":"pa_coolblue-de-verzending-morgen-gratis-geliefert","10":"pa_ean-25843","11":"pa_mpn-sf-a-152","13":"first","14":"instock","15":"product-type-external"},"acf":[],"_links":{"self":[{"href":"https:\/\/onlinehardwareshop.de\/index.php\/wp-json\/wp\/v2\/product\/82659","targetHints":{"allow":["GET"]}}],"collection":[{"href":"https:\/\/onlinehardwareshop.de\/index.php\/wp-json\/wp\/v2\/product"}],"about":[{"href":"https:\/\/onlinehardwareshop.de\/index.php\/wp-json\/wp\/v2\/types\/product"}],"replies":[{"embeddable":true,"href":"https:\/\/onlinehardwareshop.de\/index.php\/wp-json\/wp\/v2\/comments?post=82659"}],"wp:attachment":[{"href":"https:\/\/onlinehardwareshop.de\/index.php\/wp-json\/wp\/v2\/media?parent=82659"}],"wp:term":[{"taxonomy":"brand","embeddable":true,"href":"https:\/\/onlinehardwareshop.de\/index.php\/wp-json\/wp\/v2\/brand?post=82659"},{"taxonomy":"product_brand","embeddable":true,"href":"https:\/\/onlinehardwareshop.de\/index.php\/wp-json\/wp\/v2\/product_brand?post=82659"},{"taxonomy":"product_cat","embeddable":true,"href":"https:\/\/onlinehardwareshop.de\/index.php\/wp-json\/wp\/v2\/product_cat?post=82659"},{"taxonomy":"product_tag","embeddable":true,"href":"https:\/\/onlinehardwareshop.de\/index.php\/wp-json\/wp\/v2\/product_tag?post=82659"}],"curies":[{"name":"wp","href":"https:\/\/api.w.org\/{rel}","templated":true}]}}