{"id":82656,"date":"2024-10-24T08:34:20","date_gmt":"2024-10-24T08:34:20","guid":{"rendered":"https:\/\/onlinehardwareshop.de\/index.php\/produkt\/stadler-form-oskar-und-karl-zubehrset-sf-a-150-wei-2\/"},"modified":"2025-05-14T16:48:04","modified_gmt":"2025-05-14T16:48:04","slug":"stadler-form-oskar-und-karl-zubehrset-sf-a-150-wei","status":"publish","type":"product","link":"https:\/\/onlinehardwareshop.de\/index.php\/produkt\/stadler-form-oskar-und-karl-zubehrset-sf-a-150-wei\/","title":{"rendered":"Stadler Form Oskar und Karl Zubeh&#xF6;rset SF-A-150 Wei&#xDF;"},"content":{"rendered":"<p>Mit dem Stadler Form Oskar und Karl Zubeh\u00f6rset SF-A-150 Wei\u00df legst du dir ein umfassendes Pflegeset f\u00fcr deinen Luftbefeuchter zu. Damit h\u00e4ltst du dein Ger\u00e4t sauber und sorgst daf\u00fcr, dass es auch weiterhin zuverl\u00e4ssig arbeitet. Der Filter entfernt Partikel aus der Luft, sodass der Befeuchter reine Luft im Zimmer verteilt. Diesen Filter tauschst du nach etwa 2 bis 3 Monaten aus. Der Water Cube verhindert das Wachstum von Bakterien und Schimmel im Wasserbeh\u00e4lter. Du erh\u00e4ltst au\u00dferdem Entkalkungstabs, mit denen du Kalkablagerungen vorbeugst und so die Lebensdauer deines Luftbefeuchters verl\u00e4ngerst. Mit dem mitgelieferten Hygrometer beh\u00e4ltst du die Luftfeuchtigkeit im Blick. M\u00f6chtest du, dass sich zus\u00e4tzlich ein erfrischender Duft im Haus verbreitet? Dann nutze den Duft-Pin.  Geeignet f\u00fcr:  Stadler Form Modelle Oskar und Karl<\/p>\n","protected":false},"excerpt":{"rendered":"<p>Mit dem Stadler Form Oskar und Karl Zubeh\u00f6rset SF-A-150 Wei\u00df legst du dir ein umfassendes Pflegeset f\u00fcr deinen Luftbefeuchter zu. Damit h\u00e4ltst du dein Ger\u00e4t sauber und sorgst daf\u00fcr, dass es auch weiterhin zuverl\u00e4ssig arbeitet. Der Filter entfernt Partikel aus der Luft, sodass der Befeuchter reine Luft im Zimmer verteilt. Diesen Filter tauschst du nach etwa 2 bis 3 Monaten aus. Der Water Cube verhindert das Wachstum von Bakterien und Schimmel im Wasserbeh\u00e4lter. Du erh\u00e4ltst au\u00dferdem Entkalkungstabs, mit denen du Kalkablagerungen vorbeugst und so die Lebensdauer deines Luftbefeuchters verl\u00e4ngerst. Mit dem mitgelieferten Hygrometer beh\u00e4ltst du die Luftfeuchtigkeit im Blick. M\u00f6chtest du, dass sich zus\u00e4tzlich ein erfrischender Duft im Haus verbreitet? Dann nutze den Duft-Pin.  Geeignet f\u00fcr:  Stadler Form Modelle Oskar und Karl<\/p>\n","protected":false},"featured_media":0,"comment_status":"closed","ping_status":"open","template":"","meta":{"_acf_changed":false},"brand":[894],"product_brand":[],"product_cat":[1017],"product_tag":[1018],"class_list":{"0":"post-82656","1":"product","2":"type-product","3":"status-publish","5":"brand-stadler-form","6":"product_cat-reinigungsmittel-fr-luftbefeuchter","7":"product_tag-schoonmaakmiddel-voor-luchtbevochtigers","8":"pa_condition-new","9":"pa_coolblue-de-verzending-morgen-gratis-geliefert","10":"pa_ean-25838","11":"pa_mpn-sf-a-150","13":"first","14":"instock","15":"product-type-external"},"acf":[],"_links":{"self":[{"href":"https:\/\/onlinehardwareshop.de\/index.php\/wp-json\/wp\/v2\/product\/82656","targetHints":{"allow":["GET"]}}],"collection":[{"href":"https:\/\/onlinehardwareshop.de\/index.php\/wp-json\/wp\/v2\/product"}],"about":[{"href":"https:\/\/onlinehardwareshop.de\/index.php\/wp-json\/wp\/v2\/types\/product"}],"replies":[{"embeddable":true,"href":"https:\/\/onlinehardwareshop.de\/index.php\/wp-json\/wp\/v2\/comments?post=82656"}],"wp:attachment":[{"href":"https:\/\/onlinehardwareshop.de\/index.php\/wp-json\/wp\/v2\/media?parent=82656"}],"wp:term":[{"taxonomy":"brand","embeddable":true,"href":"https:\/\/onlinehardwareshop.de\/index.php\/wp-json\/wp\/v2\/brand?post=82656"},{"taxonomy":"product_brand","embeddable":true,"href":"https:\/\/onlinehardwareshop.de\/index.php\/wp-json\/wp\/v2\/product_brand?post=82656"},{"taxonomy":"product_cat","embeddable":true,"href":"https:\/\/onlinehardwareshop.de\/index.php\/wp-json\/wp\/v2\/product_cat?post=82656"},{"taxonomy":"product_tag","embeddable":true,"href":"https:\/\/onlinehardwareshop.de\/index.php\/wp-json\/wp\/v2\/product_tag?post=82656"}],"curies":[{"name":"wp","href":"https:\/\/api.w.org\/{rel}","templated":true}]}}