{"id":82634,"date":"2024-11-13T09:35:08","date_gmt":"2024-11-13T09:35:08","guid":{"rendered":"https:\/\/onlinehardwareshop.de\/index.php\/produkt\/epson-workforce-wf-7830dtwf-1-satz-reservepatronen-2\/"},"modified":"2025-05-14T16:46:25","modified_gmt":"2025-05-14T16:46:25","slug":"epson-workforce-wf-7830dtwf-1-satz-reservepatronen","status":"publish","type":"product","link":"https:\/\/onlinehardwareshop.de\/index.php\/produkt\/epson-workforce-wf-7830dtwf-1-satz-reservepatronen\/","title":{"rendered":"Epson WorkForce WF-7830DTWF + 1 Satz Reservepatronen"},"content":{"rendered":"<p>Mit diesem Set aus Epson WorkForce WF-7830DTWF + 1 Satz Reservetinte legst du mit dem Drucken direkt los. Dabei erh\u00e4ltst du einen zus\u00e4tzlichen Satz an Patronen, mit dem du insgesamt 300 Seiten in Farbe und 350 Seiten in Schwarz-Wei\u00df druckst. Mit dem Epson WorkForce WF-7830DTWF druckst du au\u00dferdem nicht nur im Standard-Format A4, sondern auch auf A3-B\u00f6gen. So druckst du dann zum Beispiel auch Bauzeichnungen oder Poster, die nicht auf A4 passen. Mit diesem 4-in-1-Drucker druckst, scannst, kopierst oder faxt du alle deine wichtigen Dokumente. Bei Schwarz-Wei\u00df-Drucken schafft der WorkForce bis zu 25 Seiten pro Minute. Lege bis zu 50 Papierb\u00f6gen \u00fcber den automatischen Dokumenteneinzug in das Einzugsfach. Der Drucker scannt oder kopiert diesen Stapel Papier dann in einem Schwung, sodass du auch Zeit sparst. Au\u00dferdem verschickst du deine Druckauftr\u00e4ge \u00fcber ein Mobilger\u00e4t einfach an den Drucker. Das geht \u00fcber die Epson App, E-Mail Print oder Apple AirPrint.   Dieser Drucker eignet sich f\u00fcr Epson ReadyPrint. Epson ReadyPrint ist ein monatlich k\u00fcndbares Tintenabo. Der Drucker bestellt automatisch neue Patronen bei Epson, sobald deine aktuellen fast leer sind. So stehst du nie pl\u00f6tzlich ohne Tinte da. M\u00f6chtest du mehr \u00fcber Epson ReadyPrint erfahren? Dann sieh dir unseren Beratungsartikel an.<\/p>\n","protected":false},"excerpt":{"rendered":"<p>Mit diesem Set aus Epson WorkForce WF-7830DTWF + 1 Satz Reservetinte legst du mit dem Drucken direkt los. Dabei erh\u00e4ltst du einen zus\u00e4tzlichen Satz an Patronen, mit dem du insgesamt 300 Seiten in Farbe und 350 Seiten in Schwarz-Wei\u00df druckst. Mit dem Epson WorkForce WF-7830DTWF druckst du au\u00dferdem nicht nur im Standard-Format A4, sondern auch auf A3-B\u00f6gen. So druckst du dann zum Beispiel auch Bauzeichnungen oder Poster, die nicht auf A4 passen. Mit diesem 4-in-1-Drucker druckst, scannst, kopierst oder faxt du alle deine wichtigen Dokumente. Bei Schwarz-Wei\u00df-Drucken schafft der WorkForce bis zu 25 Seiten pro Minute. Lege bis zu 50 Papierb\u00f6gen \u00fcber den automatischen Dokumenteneinzug in das Einzugsfach. Der Drucker scannt oder kopiert diesen Stapel Papier dann in einem Schwung, sodass du auch Zeit sparst. Au\u00dferdem verschickst du deine Druckauftr\u00e4ge \u00fcber ein Mobilger\u00e4t einfach an den Drucker. Das geht \u00fcber die Epson App, E-Mail Print oder Apple AirPrint.   Dieser Drucker eignet sich f\u00fcr Epson ReadyPrint. Epson ReadyPrint ist ein monatlich k\u00fcndbares Tintenabo. Der Drucker bestellt automatisch neue Patronen bei Epson, sobald deine aktuellen fast leer sind. So stehst du nie pl\u00f6tzlich ohne Tinte da. M\u00f6chtest du mehr \u00fcber Epson ReadyPrint erfahren? Dann sieh dir unseren Beratungsartikel an.<\/p>\n","protected":false},"featured_media":0,"comment_status":"closed","ping_status":"open","template":"","meta":{"_acf_changed":false},"brand":[267],"product_brand":[],"product_cat":[2205],"product_tag":[2206],"class_list":{"0":"post-82634","1":"product","2":"type-product","3":"status-publish","5":"brand-epson","6":"product_cat-drucker","7":"product_tag-inkjetprinters","8":"pa_condition-new","9":"pa_coolblue-de-verzending-morgen-gratis-geliefert","10":"pa_ean-25803","12":"first","13":"instock","14":"product-type-external"},"acf":[],"_links":{"self":[{"href":"https:\/\/onlinehardwareshop.de\/index.php\/wp-json\/wp\/v2\/product\/82634","targetHints":{"allow":["GET"]}}],"collection":[{"href":"https:\/\/onlinehardwareshop.de\/index.php\/wp-json\/wp\/v2\/product"}],"about":[{"href":"https:\/\/onlinehardwareshop.de\/index.php\/wp-json\/wp\/v2\/types\/product"}],"replies":[{"embeddable":true,"href":"https:\/\/onlinehardwareshop.de\/index.php\/wp-json\/wp\/v2\/comments?post=82634"}],"wp:attachment":[{"href":"https:\/\/onlinehardwareshop.de\/index.php\/wp-json\/wp\/v2\/media?parent=82634"}],"wp:term":[{"taxonomy":"brand","embeddable":true,"href":"https:\/\/onlinehardwareshop.de\/index.php\/wp-json\/wp\/v2\/brand?post=82634"},{"taxonomy":"product_brand","embeddable":true,"href":"https:\/\/onlinehardwareshop.de\/index.php\/wp-json\/wp\/v2\/product_brand?post=82634"},{"taxonomy":"product_cat","embeddable":true,"href":"https:\/\/onlinehardwareshop.de\/index.php\/wp-json\/wp\/v2\/product_cat?post=82634"},{"taxonomy":"product_tag","embeddable":true,"href":"https:\/\/onlinehardwareshop.de\/index.php\/wp-json\/wp\/v2\/product_tag?post=82634"}],"curies":[{"name":"wp","href":"https:\/\/api.w.org\/{rel}","templated":true}]}}