{"id":82630,"date":"2024-02-28T04:14:03","date_gmt":"2024-02-28T04:14:03","guid":{"rendered":"https:\/\/onlinehardwareshop.de\/index.php\/produkt\/epson-expression-home-xp-4200-1-satz-xl-reservepatronen-2\/"},"modified":"2025-05-14T16:46:10","modified_gmt":"2025-05-14T16:46:10","slug":"epson-expression-home-xp-4200-1-satz-xl-reservepatronen","status":"publish","type":"product","link":"https:\/\/onlinehardwareshop.de\/index.php\/produkt\/epson-expression-home-xp-4200-1-satz-xl-reservepatronen\/","title":{"rendered":"Epson Expression Home XP-4200 + 1 Satz XL-Reservepatronen"},"content":{"rendered":"<p>Lege dir mit dem Set aus Epson Expression Home XP-4200 + 1 Satz XL-Reservepatronen zus\u00e4tzlich zum Drucker auch eine schwarze Patrone und eine Farbpatrone in XL zu. Mit den XL-Patronen druckst du bis zu 350 Seiten in Farbe und 500 Seiten in Schwarz-Wei\u00df, sodass du f\u00fcrs Erste mit gen\u00fcgend Tinte versorgt bist. Mit dem Epson XP-4200 Multifunktions-Tintenstrahldrucker druckst, scannst und kopierst du deine Dokumente zu Hause. Drucke Dokumente mit einer hohen Druckaufl\u00f6sung von 5.760 x 1.440\u00a0dpi. Damit sind Grafiken und Abbildungen gut lesbar. Das Ger\u00e4t druckt automatisch beidseitig. Hierdurch sparst du Zeit, da du das Papier nicht erst selbst umdrehst. Dank eingebautem WLAN druckst du auch \u00fcber Apple AirPrint und E-Mail. Im Flachbettscanner bleibt dein Dokument beim Scannen an Ort und Stelle liegen. Der XP-4200 hat ein kompaktes Format, womit er auf jeden Schreibtisch passt.   Dieser Drucker eignet sich f\u00fcr Epson ReadyPrint. Epson ReadyPrint ist ein monatlich k\u00fcndbares Tintenabo. Dein Drucker bestellt automatisch neue Patronen bei Epson, sobald deine Tinte beinahe aufgebraucht ist. So geht dir nie mehr die Tinte aus. H\u00e4ttest du gern mehr Informationen \u00fcber Epson ReadyPrint?Sieh dir unseren Beratungsartikel an.<\/p>\n","protected":false},"excerpt":{"rendered":"<p>Lege dir mit dem Set aus Epson Expression Home XP-4200 + 1 Satz XL-Reservepatronen zus\u00e4tzlich zum Drucker auch eine schwarze Patrone und eine Farbpatrone in XL zu. Mit den XL-Patronen druckst du bis zu 350 Seiten in Farbe und 500 Seiten in Schwarz-Wei\u00df, sodass du f\u00fcrs Erste mit gen\u00fcgend Tinte versorgt bist. Mit dem Epson XP-4200 Multifunktions-Tintenstrahldrucker druckst, scannst und kopierst du deine Dokumente zu Hause. Drucke Dokumente mit einer hohen Druckaufl\u00f6sung von 5.760 x 1.440\u00a0dpi. Damit sind Grafiken und Abbildungen gut lesbar. Das Ger\u00e4t druckt automatisch beidseitig. Hierdurch sparst du Zeit, da du das Papier nicht erst selbst umdrehst. Dank eingebautem WLAN druckst du auch \u00fcber Apple AirPrint und E-Mail. Im Flachbettscanner bleibt dein Dokument beim Scannen an Ort und Stelle liegen. Der XP-4200 hat ein kompaktes Format, womit er auf jeden Schreibtisch passt.   Dieser Drucker eignet sich f\u00fcr Epson ReadyPrint. Epson ReadyPrint ist ein monatlich k\u00fcndbares Tintenabo. Dein Drucker bestellt automatisch neue Patronen bei Epson, sobald deine Tinte beinahe aufgebraucht ist. So geht dir nie mehr die Tinte aus. H\u00e4ttest du gern mehr Informationen \u00fcber Epson ReadyPrint?Sieh dir unseren Beratungsartikel an.<\/p>\n","protected":false},"featured_media":0,"comment_status":"closed","ping_status":"open","template":"","meta":{"_acf_changed":false},"brand":[267],"product_brand":[],"product_cat":[2205],"product_tag":[2206],"class_list":{"0":"post-82630","1":"product","2":"type-product","3":"status-publish","5":"brand-epson","6":"product_cat-drucker","7":"product_tag-inkjetprinters","8":"pa_condition-new","9":"pa_coolblue-de-verzending-morgen-gratis-geliefert","10":"pa_ean-25799","12":"first","13":"instock","14":"product-type-external"},"acf":[],"_links":{"self":[{"href":"https:\/\/onlinehardwareshop.de\/index.php\/wp-json\/wp\/v2\/product\/82630","targetHints":{"allow":["GET"]}}],"collection":[{"href":"https:\/\/onlinehardwareshop.de\/index.php\/wp-json\/wp\/v2\/product"}],"about":[{"href":"https:\/\/onlinehardwareshop.de\/index.php\/wp-json\/wp\/v2\/types\/product"}],"replies":[{"embeddable":true,"href":"https:\/\/onlinehardwareshop.de\/index.php\/wp-json\/wp\/v2\/comments?post=82630"}],"wp:attachment":[{"href":"https:\/\/onlinehardwareshop.de\/index.php\/wp-json\/wp\/v2\/media?parent=82630"}],"wp:term":[{"taxonomy":"brand","embeddable":true,"href":"https:\/\/onlinehardwareshop.de\/index.php\/wp-json\/wp\/v2\/brand?post=82630"},{"taxonomy":"product_brand","embeddable":true,"href":"https:\/\/onlinehardwareshop.de\/index.php\/wp-json\/wp\/v2\/product_brand?post=82630"},{"taxonomy":"product_cat","embeddable":true,"href":"https:\/\/onlinehardwareshop.de\/index.php\/wp-json\/wp\/v2\/product_cat?post=82630"},{"taxonomy":"product_tag","embeddable":true,"href":"https:\/\/onlinehardwareshop.de\/index.php\/wp-json\/wp\/v2\/product_tag?post=82630"}],"curies":[{"name":"wp","href":"https:\/\/api.w.org\/{rel}","templated":true}]}}